{"id":741008,"date":"2025-08-28T00:39:41","date_gmt":"2025-08-27T21:39:41","guid":{"rendered":"https:\/\/roveyayinevi.com.tr\/index.php\/urun\/sanat-dunyamiz-188-mayis-haziran-2022\/"},"modified":"2026-04-16T02:52:10","modified_gmt":"2026-04-15T23:52:10","slug":"sanat-dunyamiz-188-mayis-haziran-2022","status":"publish","type":"product","link":"https:\/\/roveyayinevi.com.tr\/index.php\/urun\/sanat-dunyamiz-188-mayis-haziran-2022\/","title":{"rendered":"Sanat D\u00fcnyam\u0131z 188 &#8211; May\u0131s &#8211; Haziran 2022"},"content":{"rendered":"<p>Sanat D\u00fcnyam\u0131z\u2019da David Hockney\u2019den Venedik Bienali\u2019ne   Sanat D\u00fcnyam\u0131z dergisi okuyucular\u0131yla g\u00fcncel sanat alan\u0131ndaki son geli\u015fmelere dair ele\u015ftiriler, denemeler ve s\u00f6yle\u015filerle dolu 188. say\u0131s\u0131n\u0131 bulu\u015fturuyor. May\u0131s Haziran say\u0131s\u0131n\u0131n ajandas\u0131 bu say\u0131 28 May\u0131s\u2019a dek Evin Sanat Galerisi\u2019nde \u201cMu\u011flak\u201d adl\u0131 sergisi devam eden ressam Tem\u00fcr K\u00f6ran\u2019a emanet.   Derginin kapa\u011f\u0131nda Sabanc\u0131 M\u00fczesi\u2019nde a\u00e7\u0131lacak sergisi \u201cBahar\u0131n Geli\u015fi, Normandiya, 2020\u201d ile \u00e7a\u011f\u0131m\u0131z\u0131n en \u00f6nemli ressamlar\u0131ndan David Hockney bulunuyor. K\u00fcltigin Ka\u011fan Akbulut dergideki yaz\u0131s\u0131nda Hockney\u2019nin resimlerinin g\u00fcn\u00fcm\u00fczde nereye denk d\u00fc\u015ft\u00fc\u011f\u00fcn\u00fc inceliyor.   Mimar Sinan G\u00fczel Sanatlar \u00dcniversitesi \u0130stanbul Resim ve Heykel M\u00fczesi\u2019nin a\u00e7t\u0131\u011f\u0131 \u201cOsman Hamdi Bey Sergisi\u201dne dair ise Prof. Dr. Zeynep \u0130nankur\u2019la yap\u0131lm\u0131\u015f bir s\u00f6yle\u015fi merakl\u0131lar\u0131n\u0131 bekliyor. Bu y\u0131l \u00fc\u00e7 y\u0131ll\u0131k bir aradan sonra d\u00fczenlenen Venedik Bienali 59. Uluslararas\u0131 Sanat Sergisi kapsam\u0131nda a\u00e7\u0131lan T\u00fcrkiye Pavyonu ve ana sergiye dair bir ele\u015ftiri de dergide.   Arter\u2019in sipari\u015fi \u00fczerine \u00fcretti\u011fi eseri \u201cIo\u2019nun Yeni Sesi\u201d ile \u0130stanbul\u2019a dair akustik g\u00f6r\u00fcnt\u00fcler yaratan Bill Fontana\u2019n\u0131n sanat\u0131n\u0131 Sair Sinan Kestelli inceliyor. Bruno Vandermeulen ve Danny Veys&#8217;in Anamed\u2019de a\u00e7\u0131lan \u201cGe\u00e7mi\u015f ve \u015eimdinin Bulu\u015fmas\u0131: Foto\u011frafik Bir Ke\u015fif\u201d adl\u0131 sergisini ise Erman Ata Uncu de\u011ferlendiriyor.   S\u00fcreyyya Evren Sarmal Senaryolar yaz\u0131 serisinin sonuncu yaz\u0131s\u0131n\u0131 kaleme al\u0131yor. Elif Kam\u0131\u015fl\u0131 ise Kiki Smith\u2019ten Deniz Akta\u015f\u2019a, Nikita Kadan\u2019a uzanan bir denemeyle dergide yer buluyor. Misal Adnan Y\u0131ld\u0131z ise k\u00fcrat\u00f6ryel pratiklere odaklanaca\u011f\u0131 Ya\u015fayan Belgeler adl\u0131 serisinin ilk yaz\u0131s\u0131yla dergide.   Ezgi Yak\u0131n, Nursa\u00e7 Sargon\u2019la ku\u0308rat\u00f6rlu\u0308\u011fu\u0308n\u00fc \u00fcstlendi\u011fi Monitor\u2019un \u0130zmir\u2019de d\u00fczenlenen \u201cUmutsuzlu\u011fun Antaios\u2019u\u201d isimli yeni sergisi hakk\u0131nda bir s\u00f6yle\u015fisini sunuyor. \u0130lker Hepkaner ise \u00f6d\u00fcll\u00fc belgesel Zeki M\u00fcren Hatt\u0131 \u00fczerinden bug\u00fcn \u201csanat g\u00fcne\u015fimiz\u201din neler ifade etti\u011fini ara\u015ft\u0131r\u0131yor.   Dergide Burak Delier\u2019e dair Ezgi Bak\u00e7ay\u2019\u0131n bir sanat\u00e7\u0131 incelemesi, Huo Rf\u2019nin Spot I\u015f\u0131\u011f\u0131 \u00fczerine Banu Karaca\u2019n\u0131n bir yaz\u0131s\u0131 ve Ece Balc\u0131o\u011flu\u2019nun \u201cHayal Fanusu: Dr. \u015eu\u0308kru\u0308 Bozluol\u00e7ay Koleksiyonu\u201d sergisi \u00fczerine de\u011ferlendirmesi yer al\u0131yor. Ezgi Hamza\u00e7ebi ise \u201cGer\u00e7ekte Olmayan \u015eeylerin ZihinselTahayyu\u0308lleri\u201d sergisindeki eserlerin edebiyattaki yans\u0131malar\u0131na de\u011finiyor. <\/p>\n","protected":false},"excerpt":{"rendered":"<p>Sanat D\u00fcnyam\u0131z\u2019da David Hockney\u2019den Venedik Bienali\u2019ne Sanat D\u00fcnyam\u0131z dergisi okuyucular\u0131yla g\u00fcncel sanat alan\u0131ndaki son geli\u015fmelere dair ele\u015ftiriler, denemeler ve s\u00f6yle\u015filerle dolu 188. say\u0131s\u0131n\u0131 bulu\u015fturuyor. May\u0131s Haziran<span class=\"excerpt-hellip\"> [\u2026]<\/span><\/p>\n","protected":false},"featured_media":0,"template":"","meta":{"_monsterinsights_skip_tracking":false,"_monsterinsights_sitenote_active":false,"_monsterinsights_sitenote_note":"","_monsterinsights_sitenote_category":0},"product_brand":[],"product_cat":[22066,13527],"product_tag":[],"class_list":{"0":"post-741008","1":"product","2":"type-product","3":"status-publish","5":"product_cat-sanat-sureli-yayinlar","6":"product_cat-sureli-yayinlar","7":"pa_cilt-ciltsiz","8":"pa_tur-dergi","9":"pa_yayinevi-yapi-kredi-yayinlari-dergi","10":"pa_yazar-yapi-kredi-yayinlari-kolektif","12":"first","13":"instock","14":"sale","15":"shipping-taxable","16":"purchasable","17":"product-type-simple"},"_links":{"self":[{"href":"https:\/\/roveyayinevi.com.tr\/index.php\/wp-json\/wp\/v2\/product\/741008","targetHints":{"allow":["GET"]}}],"collection":[{"href":"https:\/\/roveyayinevi.com.tr\/index.php\/wp-json\/wp\/v2\/product"}],"about":[{"href":"https:\/\/roveyayinevi.com.tr\/index.php\/wp-json\/wp\/v2\/types\/product"}],"wp:attachment":[{"href":"https:\/\/roveyayinevi.com.tr\/index.php\/wp-json\/wp\/v2\/media?parent=741008"}],"wp:term":[{"taxonomy":"product_brand","embeddable":true,"href":"https:\/\/roveyayinevi.com.tr\/index.php\/wp-json\/wp\/v2\/product_brand?post=741008"},{"taxonomy":"product_cat","embeddable":true,"href":"https:\/\/roveyayinevi.com.tr\/index.php\/wp-json\/wp\/v2\/product_cat?post=741008"},{"taxonomy":"product_tag","embeddable":true,"href":"https:\/\/roveyayinevi.com.tr\/index.php\/wp-json\/wp\/v2\/product_tag?post=741008"}],"curies":[{"name":"wp","href":"https:\/\/api.w.org\/{rel}","templated":true}]}}