{"id":741007,"date":"2025-08-28T00:39:40","date_gmt":"2025-08-27T21:39:40","guid":{"rendered":"https:\/\/roveyayinevi.com.tr\/index.php\/urun\/kurt-mintikasi\/"},"modified":"2026-04-16T02:52:10","modified_gmt":"2026-04-15T23:52:10","slug":"kurt-mintikasi","status":"publish","type":"product","link":"https:\/\/roveyayinevi.com.tr\/index.php\/urun\/kurt-mintikasi\/","title":{"rendered":"Kurt M\u0131nt\u0131kas\u0131"},"content":{"rendered":"<p>Kurt M\u0131nt\u0131kas\u0131 1971 y\u0131l\u0131nda yay\u0131mlanan Kurt M\u0131nt\u0131kas\u0131 Javier Mar\u00edas\u2019\u0131n ilk roman\u0131d\u0131r; 17 ya\u015f\u0131nda yazmaya ba\u015flad\u0131\u011f\u0131 bu roman\u0131 bir sene gibi k\u0131sa bir s\u00fcrede bitirmi\u015ftir. Hik\u00e2ye Amerika Birle\u015fik Devletleri\u2019nde ge\u00e7er ve b\u00fct\u00fcn kahramanlar\u0131 da Amerikal\u0131d\u0131r.   Mar\u00edas bu ilk kitab\u0131nda, 1922\u2019de Taeger ailesinin dramatik par\u00e7alanmas\u0131yla ba\u015flayan, kara romandan melodrama, Amerika \u0130\u00e7 Sava\u015f\u0131\u2019ndan egzotik G\u00fcney\u2019e, polisiye entrikalardan otuzlu y\u0131llardaki gangster \u00e7at\u0131\u015fmalar\u0131na uzanan y\u00fcksek tempolu, soluk kesici bir maceralar silsilesine davet ediyor okuru.   Kurt M\u0131nt\u0131kas\u0131\u2019\u0131nda yazar\u0131n, dikkat \u00e7ekici bir yaz\u0131nsal olgunluk, keskin bir ironi anlay\u0131\u015f\u0131 ve ba\u015f d\u00f6nd\u00fcren bir hik\u00e2ye kurma yetene\u011fi sergiledi\u011fine tan\u0131k oluyoruz.   Juan Benet\u2019e g\u00f6re, \u201cm\u00fckemmel ve zalim bir pasti\u015f\u201d olan bu roman\u0131n, c\u00fcretk\u00e2r ve par\u00e7al\u0131 kurgusu, kas\u0131tl\u0131 kli\u015fe kullan\u0131m\u0131, son derece ak\u0131c\u0131 tekni\u011fiyle, \u00f6nc\u00fc bir yap\u0131t\u0131 olarak kar\u015f\u0131m\u0131za \u00e7\u0131kt\u0131\u011f\u0131n\u0131 s\u00f6ylemek abart\u0131 olmaz.   \u201cMacera pe\u015finde ko\u015fan bir \u015f\u00f6valye, matrak, i\u011fneleyici, \u00f6fke ve a\u015fk dolu, kesinlikle olmazsa olmaz bir yazar.\u201d The Guardian   \u201cJavier Mar\u00edas d\u00fcnyan\u0131n en b\u00fcy\u00fck, en d\u00e2hi yazarlar\u0131ndan biri.\u201d Claudio Magris <\/p>\n","protected":false},"excerpt":{"rendered":"<p>Kurt M\u0131nt\u0131kas\u0131 1971 y\u0131l\u0131nda yay\u0131mlanan Kurt M\u0131nt\u0131kas\u0131 Javier Mar\u00edas\u2019\u0131n ilk roman\u0131d\u0131r; 17 ya\u015f\u0131nda yazmaya ba\u015flad\u0131\u011f\u0131 bu roman\u0131 bir sene gibi k\u0131sa bir s\u00fcrede bitirmi\u015ftir. Hik\u00e2ye Amerika<span class=\"excerpt-hellip\"> [\u2026]<\/span><\/p>\n","protected":false},"featured_media":0,"template":"","meta":{"_monsterinsights_skip_tracking":false,"_monsterinsights_sitenote_active":false,"_monsterinsights_sitenote_note":"","_monsterinsights_sitenote_category":0},"product_brand":[],"product_cat":[12291,12711],"product_tag":[],"class_list":{"0":"post-741007","1":"product","2":"type-product","3":"status-publish","5":"product_cat-edebiyat","6":"product_cat-roman-oyku","7":"pa_cilt-ciltsiz","8":"pa_tur-kitap","9":"pa_yayinevi-yapi-kredi-yayinlari","10":"pa_yazar-javier-marias","12":"first","13":"instock","14":"sale","15":"shipping-taxable","16":"purchasable","17":"product-type-simple"},"_links":{"self":[{"href":"https:\/\/roveyayinevi.com.tr\/index.php\/wp-json\/wp\/v2\/product\/741007","targetHints":{"allow":["GET"]}}],"collection":[{"href":"https:\/\/roveyayinevi.com.tr\/index.php\/wp-json\/wp\/v2\/product"}],"about":[{"href":"https:\/\/roveyayinevi.com.tr\/index.php\/wp-json\/wp\/v2\/types\/product"}],"wp:attachment":[{"href":"https:\/\/roveyayinevi.com.tr\/index.php\/wp-json\/wp\/v2\/media?parent=741007"}],"wp:term":[{"taxonomy":"product_brand","embeddable":true,"href":"https:\/\/roveyayinevi.com.tr\/index.php\/wp-json\/wp\/v2\/product_brand?post=741007"},{"taxonomy":"product_cat","embeddable":true,"href":"https:\/\/roveyayinevi.com.tr\/index.php\/wp-json\/wp\/v2\/product_cat?post=741007"},{"taxonomy":"product_tag","embeddable":true,"href":"https:\/\/roveyayinevi.com.tr\/index.php\/wp-json\/wp\/v2\/product_tag?post=741007"}],"curies":[{"name":"wp","href":"https:\/\/api.w.org\/{rel}","templated":true}]}}