{"id":741006,"date":"2025-08-28T00:39:38","date_gmt":"2025-08-27T21:39:38","guid":{"rendered":"https:\/\/roveyayinevi.com.tr\/index.php\/urun\/evrak-cantasi\/"},"modified":"2026-04-16T02:52:09","modified_gmt":"2026-04-15T23:52:09","slug":"evrak-cantasi","status":"publish","type":"product","link":"https:\/\/roveyayinevi.com.tr\/index.php\/urun\/evrak-cantasi\/","title":{"rendered":"Evrak \u00c7antas\u0131"},"content":{"rendered":"<p>Evrak \u00c7antas\u0131, Murathan Mungan\u2019\u0131n d\u00fczyaz\u0131lar\u0131n\u0131 bir araya getiren kitaplar\u0131n sonuncusu. Kurgu ve kitapla\u015ft\u0131rma mant\u0131\u011f\u0131yla \u00f6zellikle G\u00fcne S\u00f6ylediklerim, Hayat At\u00f6lyesi ve Tu\u011fla ile s\u00fcreklilik g\u00f6steren Evrak \u00c7antas\u0131, 11 yaz\u0131y\u0131 bir araya getiren be\u015f \u201cg\u00f6z\u201dden olu\u015fuyor: \u201cDeneme kitaplar\u0131m\u0131n her biri kendinden \u00f6ncekiler ve kendinden sonrakiler aras\u0131nda, yaz\u0131 ya\u015fam\u0131m boyunca y\u00f6neldi\u011fim farkl\u0131 ilgi alanlar\u0131, ard\u0131na tak\u0131ld\u0131\u011f\u0131m temalar, s\u00f6z almak istedi\u011fim konular, ki\u015fisel meraklar\u0131m konusunda i\u00e7 ba\u011flant\u0131larla \u00e7at\u0131lm\u0131\u015f bir s\u00fcreklilik olu\u015fturarak bir yazar olarak d\u00fc\u015f\u00fcnce d\u00fcnyama ili\u015fkin bir profili b\u00fct\u00fcnl\u00fcyor.\u201d   YAZAR HAKKINDA: Murathan Mungan 21 Nisan 1955 \u0130stanbul do\u011fumlu. Ankara \u00dcniversitesi Dil ve Tarih-Co\u011frafya Fak\u00fcltesi Tiyatro B\u00f6l\u00fcm\u00fc\u2019n\u00fc bitirdi. \u0130lkin \u00e7e\u015fitli dergi ve gazetelerde yaz\u0131lar\u0131 ve \u015fiirleriyle g\u00f6r\u00fcnen yazar\u0131n ilk kitab\u0131 1980\u2019de yay\u0131mlanan Mahmud ile Yezida\u2019d\u0131r. Daha \u00e7ok \u015fiirleri, hik\u00e2yeleri, roman ve oyunlar\u0131yla tan\u0131nan Murathan Mungan ayn\u0131 zamanda radyo oyunu, film senaryosu ve \u015fark\u0131 s\u00f6z\u00fc yazd\u0131. 2011\u2019in ilk yar\u0131s\u0131nda Kibrit \u00c7\u00f6pleri ve \u015eairin Roman\u0131, 2012\u2019de Do\u011fu Saray\u0131 yay\u0131mland\u0131. Metis Yay\u0131nlar\u0131, yazar\u0131n kitapla\u015ft\u0131rd\u0131\u011f\u0131 b\u00fct\u00fcn \u00e7al\u0131\u015fmalar\u0131 bir k\u00fclliyat olarak yay\u0131mlamaktad\u0131r.   <\/p>\n","protected":false},"excerpt":{"rendered":"<p>Evrak \u00c7antas\u0131, Murathan Mungan\u2019\u0131n d\u00fczyaz\u0131lar\u0131n\u0131 bir araya getiren kitaplar\u0131n sonuncusu. Kurgu ve kitapla\u015ft\u0131rma mant\u0131\u011f\u0131yla \u00f6zellikle G\u00fcne S\u00f6ylediklerim, Hayat At\u00f6lyesi ve Tu\u011fla ile s\u00fcreklilik g\u00f6steren Evrak \u00c7antas\u0131,<span class=\"excerpt-hellip\"> [\u2026]<\/span><\/p>\n","protected":false},"featured_media":0,"template":"","meta":{"_monsterinsights_skip_tracking":false,"_monsterinsights_sitenote_active":false,"_monsterinsights_sitenote_note":"","_monsterinsights_sitenote_category":0},"product_brand":[],"product_cat":[12777,12291],"product_tag":[],"class_list":{"0":"post-741006","1":"product","2":"type-product","3":"status-publish","5":"product_cat-deneme","6":"product_cat-edebiyat","7":"pa_cilt-ciltsiz","8":"pa_tur-kitap","9":"pa_yayinevi-metis-yayinlari","10":"pa_yazar-murathan-mungan","12":"first","13":"instock","14":"sale","15":"shipping-taxable","16":"purchasable","17":"product-type-simple"},"_links":{"self":[{"href":"https:\/\/roveyayinevi.com.tr\/index.php\/wp-json\/wp\/v2\/product\/741006","targetHints":{"allow":["GET"]}}],"collection":[{"href":"https:\/\/roveyayinevi.com.tr\/index.php\/wp-json\/wp\/v2\/product"}],"about":[{"href":"https:\/\/roveyayinevi.com.tr\/index.php\/wp-json\/wp\/v2\/types\/product"}],"wp:attachment":[{"href":"https:\/\/roveyayinevi.com.tr\/index.php\/wp-json\/wp\/v2\/media?parent=741006"}],"wp:term":[{"taxonomy":"product_brand","embeddable":true,"href":"https:\/\/roveyayinevi.com.tr\/index.php\/wp-json\/wp\/v2\/product_brand?post=741006"},{"taxonomy":"product_cat","embeddable":true,"href":"https:\/\/roveyayinevi.com.tr\/index.php\/wp-json\/wp\/v2\/product_cat?post=741006"},{"taxonomy":"product_tag","embeddable":true,"href":"https:\/\/roveyayinevi.com.tr\/index.php\/wp-json\/wp\/v2\/product_tag?post=741006"}],"curies":[{"name":"wp","href":"https:\/\/api.w.org\/{rel}","templated":true}]}}