{"id":741005,"date":"2025-08-28T00:39:37","date_gmt":"2025-08-27T21:39:37","guid":{"rendered":"https:\/\/roveyayinevi.com.tr\/index.php\/urun\/dervisin-fikri-2\/"},"modified":"2026-04-16T02:52:09","modified_gmt":"2026-04-15T23:52:09","slug":"dervisin-fikri-2","status":"publish","type":"product","link":"https:\/\/roveyayinevi.com.tr\/index.php\/urun\/dervisin-fikri-2\/","title":{"rendered":"Dervi\u015fin Fikri"},"content":{"rendered":"<p>Dervi\u015f\u00e7e yazmak   T\u00fcrk medyas\u0131nda, onun bir alt kolu olan yerel medyada gazete yaz\u0131lar\u0131, k\u00f6\u015fe yaz\u0131lar\u0131 \u00f6nemli bir yer tutar. Bizim insan\u0131m\u0131z eline gazete ald\u0131\u011f\u0131 zaman k\u00f6\u015fe yaz\u0131s\u0131 g\u00f6rmek ister, k\u00f6\u015fe yaz\u0131s\u0131 okumak ister. Yazar\u0131 gazeteyle \u00f6zde\u015fle\u015ftirir. Baz\u0131 gazete yazarlar\u0131, gazetenin geli\u015fim s\u00fcreci i\u00e7inde geli\u015fir, \u00f6ne \u00e7\u0131kar\u2026 Baz\u0131lar\u0131 da senelerce i\u00e7inde biriktirdiklerini bir g\u00fcn \u015fiir olarak, yaz\u0131 olarak a\u00e7\u0131\u011fa \u00e7\u0131kar\u0131r, kamuya mal eder ve gazetelerle bulu\u015fturur. Bu kitapta yaz\u0131lar\u0131n\u0131 okuyaca\u011f\u0131n\u0131z Sait Dervi\u015fo\u011flu ikinci gruptaki yazarlardand\u0131r. Gazeteci de\u011fildir. Gazeteciler gibi g\u00f6rd\u00fc\u011f\u00fcn\u00fc, duydu\u011funu an\u0131nda yaz\u0131ya d\u00f6k\u00fcp derdini anlatmam\u0131\u015ft\u0131r. G\u00f6rd\u00fcklerini, duyduklar\u0131n\u0131, ya\u015fad\u0131klar\u0131n\u0131, hissettiklerini senelerce i\u00e7inde biriktirmi\u015f, demlemi\u015f, zaman\u0131 gelince yaz\u0131ya d\u00f6km\u00fc\u015f bir yazard\u0131r. Onun i\u00e7in yaz\u0131lar\u0131nda demli bir \u00e7ay tad\u0131 vard\u0131r. Bir dervi\u015f sohbeti tad\u0131 vard\u0131r. Bir sakinlik, dinginlik vard\u0131r. G\u00fcncel konular\u0131 bile bir dervi\u015f edebi ve sukutu ile yazar. Ama bilirsiniz ki o sukutun arkas\u0131nda nice f\u0131rt\u0131nalar da vard\u0131r. Ba\u015fta Seyrani olmak \u00fczere Anadolu\u2019nun b\u00fcy\u00fck ozanlar\u0131ndan etkilendi\u011fini hissederseniz onun yaz\u0131lar\u0131n\u0131 okurken. Yaz\u0131y\u0131, birilerini d\u00f6vmek, birilerini h\u0131rpalamak, birilerinden \u00f6\u00e7 almak i\u00e7in yazmaz Sait Dervi\u015fo\u011flu. \u00c7a\u011f\u0131na tan\u0131kl\u0131k etmek i\u00e7in, yeri gelirse \u00e7a\u011fda\u015f\u0131 insan\u0131 sarsmak i\u00e7in yazar. Sait Dervi\u015fo\u011flu\u2019nun yaz\u0131lar\u0131n\u0131n ilk kez, d\u00fczenli olarak yay\u0131nlad\u0131\u011f\u0131 gazete G\u00fcney oldu. Dervi\u015f\u00e7e yazan bir yazar\u0131 Mersin yerel bas\u0131n\u0131na kazand\u0131rm\u0131\u015f olman\u0131n gururunu ya\u015fad\u0131k. \u015eimdi o yaz\u0131lar gelecek ku\u015faklara daha rahat ula\u015fs\u0131n, gazete ciltleri aras\u0131nda kaybolmas\u0131n diye bu kitapta topland\u0131. Mutlaka arkas\u0131 gelecek. Sait Dervi\u015fo\u011flu dervi\u015f\u00e7e yazmaya, i\u00e7inde biriktirdiklerini, demine b\u0131rakt\u0131klar\u0131n\u0131 demi geldik\u00e7e yay\u0131nlamaya devam edecek. Kalemin daim olsun Sait Dervi\u015fo\u011flu\u2026 <\/p>\n","protected":false},"excerpt":{"rendered":"<p>Dervi\u015f\u00e7e yazmak T\u00fcrk medyas\u0131nda, onun bir alt kolu olan yerel medyada gazete yaz\u0131lar\u0131, k\u00f6\u015fe yaz\u0131lar\u0131 \u00f6nemli bir yer tutar. Bizim insan\u0131m\u0131z eline gazete ald\u0131\u011f\u0131 zaman k\u00f6\u015fe<span class=\"excerpt-hellip\"> [\u2026]<\/span><\/p>\n","protected":false},"featured_media":0,"template":"","meta":{"_monsterinsights_skip_tracking":false,"_monsterinsights_sitenote_active":false,"_monsterinsights_sitenote_note":"","_monsterinsights_sitenote_category":0},"product_brand":[],"product_cat":[18545,12291],"product_tag":[],"class_list":{"0":"post-741005","1":"product","2":"type-product","3":"status-publish","5":"product_cat-anlati","6":"product_cat-edebiyat","7":"pa_cilt-ciltsiz","8":"pa_tur-kitap","9":"pa_yayinevi-servet-yayinevi","10":"pa_yazar-sait-dervisoglu","12":"first","13":"instock","14":"sale","15":"shipping-taxable","16":"purchasable","17":"product-type-simple"},"_links":{"self":[{"href":"https:\/\/roveyayinevi.com.tr\/index.php\/wp-json\/wp\/v2\/product\/741005","targetHints":{"allow":["GET"]}}],"collection":[{"href":"https:\/\/roveyayinevi.com.tr\/index.php\/wp-json\/wp\/v2\/product"}],"about":[{"href":"https:\/\/roveyayinevi.com.tr\/index.php\/wp-json\/wp\/v2\/types\/product"}],"wp:attachment":[{"href":"https:\/\/roveyayinevi.com.tr\/index.php\/wp-json\/wp\/v2\/media?parent=741005"}],"wp:term":[{"taxonomy":"product_brand","embeddable":true,"href":"https:\/\/roveyayinevi.com.tr\/index.php\/wp-json\/wp\/v2\/product_brand?post=741005"},{"taxonomy":"product_cat","embeddable":true,"href":"https:\/\/roveyayinevi.com.tr\/index.php\/wp-json\/wp\/v2\/product_cat?post=741005"},{"taxonomy":"product_tag","embeddable":true,"href":"https:\/\/roveyayinevi.com.tr\/index.php\/wp-json\/wp\/v2\/product_tag?post=741005"}],"curies":[{"name":"wp","href":"https:\/\/api.w.org\/{rel}","templated":true}]}}