{"id":741000,"date":"2025-08-28T00:39:31","date_gmt":"2025-08-27T21:39:31","guid":{"rendered":"https:\/\/roveyayinevi.com.tr\/index.php\/urun\/gizemli-magara-dunyadan-oykuler-suriye\/"},"modified":"2026-04-16T02:52:09","modified_gmt":"2026-04-15T23:52:09","slug":"gizemli-magara-dunyadan-oykuler-suriye","status":"publish","type":"product","link":"https:\/\/roveyayinevi.com.tr\/index.php\/urun\/gizemli-magara-dunyadan-oykuler-suriye\/","title":{"rendered":"Gizemli Ma\u011fara \u2013 D\u00fcnyadan \u00d6yk\u00fcler Suriye"},"content":{"rendered":"<p>Tevfik yoksul bir oduncuydu. Ama \u00e7evresindeki insanlara yard\u0131m etmek i\u00e7in elinden ne gelirse yapard\u0131. Bir g\u00fcn ya\u015fl\u0131 me\u015fe a\u011fac\u0131 Tevfik\u2019e bir s\u0131r verdi ve b\u00f6ylece yoksul oduncu gizemli ma\u011faradaki hazinenin yerini \u00f6\u011frenmi\u015f oldu. \u0130yilik yapmay\u0131 seven Tevfik\u2019in tam da hayal etti\u011fi bir \u015feydi bu! Ama bu s\u0131rr\u0131 \u00f6\u011frenen k\u00f6t\u00fc y\u00fcrekli a\u011fabeyi Tar\u0131k\u2019\u0131n ba\u015fka planlar\u0131 vard\u0131\u2026 \u00c7ocuklar\u0131n d\u00fcnyadaki farkl\u0131 \u00fclkeleri ve k\u00fclt\u00fcrleri tan\u0131mas\u0131n\u0131 sa\u011flayan D\u00fcnyadan \u00d6yk\u00fcler dizisi, ku\u015faktan ku\u015fa\u011fa aktar\u0131lan, ya\u015fama dair de\u011ferli dersler veren etkileyici ve ola\u011fan\u00fcst\u00fc \u00f6yk\u00fcleri merakl\u0131 okurlarla bulu\u015fturuyor. Her kitab\u0131n sonunda o \u00fclkenin tarihi, g\u00fcnl\u00fck ya\u015fam\u0131, k\u00fclt\u00fcr\u00fc ve gelenekleri hakk\u0131nda verilen ilgin\u00e7 k\u0131sa bilgiler ise \u00e7ocuklar i\u00e7in keyifle okuyacaklar\u0131 pratik bir kaynak niteli\u011finde. <\/p>\n","protected":false},"excerpt":{"rendered":"<p>Tevfik yoksul bir oduncuydu. Ama \u00e7evresindeki insanlara yard\u0131m etmek i\u00e7in elinden ne gelirse yapard\u0131. Bir g\u00fcn ya\u015fl\u0131 me\u015fe a\u011fac\u0131 Tevfik\u2019e bir s\u0131r verdi ve b\u00f6ylece yoksul<span class=\"excerpt-hellip\"> [\u2026]<\/span><\/p>\n","protected":false},"featured_media":0,"template":"","meta":{"_monsterinsights_skip_tracking":false,"_monsterinsights_sitenote_active":false,"_monsterinsights_sitenote_note":"","_monsterinsights_sitenote_category":0},"product_brand":[],"product_cat":[12274,12284],"product_tag":[],"class_list":{"0":"post-741000","1":"product","2":"type-product","3":"status-publish","5":"product_cat-cocuk-ve-genclik-kitaplari","6":"product_cat-hikayeler","7":"pa_cilt-ciltsiz","8":"pa_tur-kitap","9":"pa_yayinevi-arkadas-yayinlari","10":"pa_yazar-catherine-gendrin","12":"first","13":"instock","14":"sale","15":"shipping-taxable","16":"purchasable","17":"product-type-simple"},"_links":{"self":[{"href":"https:\/\/roveyayinevi.com.tr\/index.php\/wp-json\/wp\/v2\/product\/741000","targetHints":{"allow":["GET"]}}],"collection":[{"href":"https:\/\/roveyayinevi.com.tr\/index.php\/wp-json\/wp\/v2\/product"}],"about":[{"href":"https:\/\/roveyayinevi.com.tr\/index.php\/wp-json\/wp\/v2\/types\/product"}],"wp:attachment":[{"href":"https:\/\/roveyayinevi.com.tr\/index.php\/wp-json\/wp\/v2\/media?parent=741000"}],"wp:term":[{"taxonomy":"product_brand","embeddable":true,"href":"https:\/\/roveyayinevi.com.tr\/index.php\/wp-json\/wp\/v2\/product_brand?post=741000"},{"taxonomy":"product_cat","embeddable":true,"href":"https:\/\/roveyayinevi.com.tr\/index.php\/wp-json\/wp\/v2\/product_cat?post=741000"},{"taxonomy":"product_tag","embeddable":true,"href":"https:\/\/roveyayinevi.com.tr\/index.php\/wp-json\/wp\/v2\/product_tag?post=741000"}],"curies":[{"name":"wp","href":"https:\/\/api.w.org\/{rel}","templated":true}]}}