{"id":740998,"date":"2025-08-28T00:39:28","date_gmt":"2025-08-27T21:39:28","guid":{"rendered":"https:\/\/roveyayinevi.com.tr\/index.php\/urun\/buzlar-ulkesinin-devi-dunyadan-oykuler-finlandiya\/"},"modified":"2026-04-12T02:56:35","modified_gmt":"2026-04-11T23:56:35","slug":"buzlar-ulkesinin-devi-dunyadan-oykuler-finlandiya","status":"publish","type":"product","link":"https:\/\/roveyayinevi.com.tr\/index.php\/urun\/buzlar-ulkesinin-devi-dunyadan-oykuler-finlandiya\/","title":{"rendered":"Buzlar \u00dclkesinin Devi &#8211; D\u00fcnyadan \u00d6yk\u00fcler Finlandiya"},"content":{"rendered":"<p>Laponya&#8217;da, k\u0131\u015f geceleri ger\u00e7ekten de \u00e7ok uzun s\u00fcrer ve bu uzun, karanl\u0131k gecelerde bazen, stalo ad\u0131 verilen devler dolanmaya ba\u015flarlar etrafta. Rengeyi\u011fi yeti\u015ftiricisi Aslak, k\u0131z\u0131n\u0131 onunla evlenmek isteyen Vuolvojavri G\u00f6l\u00fc&#8217;n\u00fcn devinden nas\u0131l kurtaracak? Belki de devlerin g\u00fc\u00e7l\u00fc olduklar\u0131 kadar ak\u0131ls\u0131z da olduklar\u0131n\u0131 hat\u0131rlayarak\u2026 Buzlar \u00dclkesinin Devi, g\u00fcc\u00fcn her \u015fey olmad\u0131\u011f\u0131n\u0131 anlat\u0131p akl\u0131n \u00f6nemini vurgulayan y\u00f6resel bir \u00f6yk\u00fc. \u00c7ocuklar\u0131n d\u00fcnyadaki farkl\u0131 \u00fclkeleri ve k\u00fclt\u00fcrleri tan\u0131mas\u0131n\u0131 sa\u011flayan D\u00fcnyadan \u00d6yk\u00fcler dizisi, ku\u015faktan ku\u015fa\u011fa aktar\u0131lan, ya\u015fama dair de\u011ferli dersler veren etkileyici ve ola\u011fan\u00fcst\u00fc \u00f6yk\u00fcleri merakl\u0131 okurlarla bulu\u015fturuyor. Her kitab\u0131n sonunda o \u00fclkenin tarihi, g\u00fcnl\u00fck ya\u015fam\u0131, k\u00fclt\u00fcr\u00fc ve gelenekleri hakk\u0131nda verilen ilgin\u00e7 k\u0131sa bilgiler ise \u00e7ocuklar i\u00e7in keyifle okuyacaklar\u0131 pratik bir kaynak niteli\u011finde. <\/p>\n","protected":false},"excerpt":{"rendered":"<p>Laponya&#8217;da, k\u0131\u015f geceleri ger\u00e7ekten de \u00e7ok uzun s\u00fcrer ve bu uzun, karanl\u0131k gecelerde bazen, stalo ad\u0131 verilen devler dolanmaya ba\u015flarlar etrafta. Rengeyi\u011fi yeti\u015ftiricisi Aslak, k\u0131z\u0131n\u0131 onunla<span class=\"excerpt-hellip\"> [\u2026]<\/span><\/p>\n","protected":false},"featured_media":0,"template":"","meta":{"_monsterinsights_skip_tracking":false,"_monsterinsights_sitenote_active":false,"_monsterinsights_sitenote_note":"","_monsterinsights_sitenote_category":0},"product_brand":[],"product_cat":[12274,12284],"product_tag":[],"class_list":{"0":"post-740998","1":"product","2":"type-product","3":"status-publish","5":"product_cat-cocuk-ve-genclik-kitaplari","6":"product_cat-hikayeler","7":"pa_cilt-ciltsiz","8":"pa_tur-kitap","9":"pa_yayinevi-arkadas-yayinlari","10":"pa_yazar-laurance-fugier","12":"first","13":"instock","14":"sale","15":"shipping-taxable","16":"purchasable","17":"product-type-simple"},"_links":{"self":[{"href":"https:\/\/roveyayinevi.com.tr\/index.php\/wp-json\/wp\/v2\/product\/740998","targetHints":{"allow":["GET"]}}],"collection":[{"href":"https:\/\/roveyayinevi.com.tr\/index.php\/wp-json\/wp\/v2\/product"}],"about":[{"href":"https:\/\/roveyayinevi.com.tr\/index.php\/wp-json\/wp\/v2\/types\/product"}],"wp:attachment":[{"href":"https:\/\/roveyayinevi.com.tr\/index.php\/wp-json\/wp\/v2\/media?parent=740998"}],"wp:term":[{"taxonomy":"product_brand","embeddable":true,"href":"https:\/\/roveyayinevi.com.tr\/index.php\/wp-json\/wp\/v2\/product_brand?post=740998"},{"taxonomy":"product_cat","embeddable":true,"href":"https:\/\/roveyayinevi.com.tr\/index.php\/wp-json\/wp\/v2\/product_cat?post=740998"},{"taxonomy":"product_tag","embeddable":true,"href":"https:\/\/roveyayinevi.com.tr\/index.php\/wp-json\/wp\/v2\/product_tag?post=740998"}],"curies":[{"name":"wp","href":"https:\/\/api.w.org\/{rel}","templated":true}]}}