{"id":740995,"date":"2025-08-28T00:39:24","date_gmt":"2025-08-27T21:39:24","guid":{"rendered":"https:\/\/roveyayinevi.com.tr\/index.php\/urun\/antilop-ve-cocuklar-dunyadan-oykuler-senegal\/"},"modified":"2026-04-16T02:52:09","modified_gmt":"2026-04-15T23:52:09","slug":"antilop-ve-cocuklar-dunyadan-oykuler-senegal","status":"publish","type":"product","link":"https:\/\/roveyayinevi.com.tr\/index.php\/urun\/antilop-ve-cocuklar-dunyadan-oykuler-senegal\/","title":{"rendered":"Antilop ve \u00c7ocuklar &#8211; D\u00fcnyadan \u00d6yk\u00fcler Senegal"},"content":{"rendered":"<p>Saayodo ve Fatim, bir antilop taraf\u0131ndan ormanda bulunup b\u00fcy\u00fct\u00fclen iki karde\u015ftir. Uygun ya\u015fa geldiklerinde, iki k\u00fc\u00e7\u00fck \u00e7ocu\u011fun insanlar\u0131n d\u00fcnyas\u0131na kat\u0131lmas\u0131 gerekir ve iki karde\u015f, kral\u0131n onuruna d\u00fczenlenen geleneksel \u015fark\u0131 yar\u0131\u015fmas\u0131n\u0131n yap\u0131laca\u011f\u0131 Waalo \u015fehrine gelirler. B\u00fct\u00fcn bunlar olup biterken, Mamassa isminde k\u00f6t\u00fc ruhlu bir kad\u0131n \u00e7ocuklar\u0131 tan\u0131m\u0131\u015f ve haklar\u0131nda zalim planlar yapmaya ba\u015flam\u0131\u015ft\u0131r. \u00c7ocuklar\u0131n d\u00fcnyadaki farkl\u0131 \u00fclkeleri ve k\u00fclt\u00fcrleri tan\u0131mas\u0131n\u0131 sa\u011flayan D\u00fcnyadan \u00d6yk\u00fcler dizisi, ku\u015faktan ku\u015fa\u011fa aktar\u0131lan, ya\u015fama dair de\u011ferli dersler veren etkileyici ve ola\u011fan\u00fcst\u00fc \u00f6yk\u00fcleri merakl\u0131 okurlarla bulu\u015fturuyor. Her kitab\u0131n sonunda o \u00fclkenin tarihi, g\u00fcnl\u00fck ya\u015fam\u0131, k\u00fclt\u00fcr\u00fc ve gelenekleri hakk\u0131nda verilen ilgin\u00e7 k\u0131sa bilgiler ise \u00e7ocuklar i\u00e7in keyifle okuyacaklar\u0131 pratik bir kaynak niteli\u011finde. <\/p>\n","protected":false},"excerpt":{"rendered":"<p>Saayodo ve Fatim, bir antilop taraf\u0131ndan ormanda bulunup b\u00fcy\u00fct\u00fclen iki karde\u015ftir. Uygun ya\u015fa geldiklerinde, iki k\u00fc\u00e7\u00fck \u00e7ocu\u011fun insanlar\u0131n d\u00fcnyas\u0131na kat\u0131lmas\u0131 gerekir ve iki karde\u015f, kral\u0131n onuruna<span class=\"excerpt-hellip\"> [\u2026]<\/span><\/p>\n","protected":false},"featured_media":0,"template":"","meta":{"_monsterinsights_skip_tracking":false,"_monsterinsights_sitenote_active":false,"_monsterinsights_sitenote_note":"","_monsterinsights_sitenote_category":0},"product_brand":[],"product_cat":[12274,12284],"product_tag":[],"class_list":{"0":"post-740995","1":"product","2":"type-product","3":"status-publish","5":"product_cat-cocuk-ve-genclik-kitaplari","6":"product_cat-hikayeler","7":"pa_cilt-ciltsiz","8":"pa_tur-kitap","9":"pa_yayinevi-arkadas-yayinlari","10":"pa_yazar-souleymane-mbodj","12":"first","13":"instock","14":"sale","15":"shipping-taxable","16":"purchasable","17":"product-type-simple"},"_links":{"self":[{"href":"https:\/\/roveyayinevi.com.tr\/index.php\/wp-json\/wp\/v2\/product\/740995","targetHints":{"allow":["GET"]}}],"collection":[{"href":"https:\/\/roveyayinevi.com.tr\/index.php\/wp-json\/wp\/v2\/product"}],"about":[{"href":"https:\/\/roveyayinevi.com.tr\/index.php\/wp-json\/wp\/v2\/types\/product"}],"wp:attachment":[{"href":"https:\/\/roveyayinevi.com.tr\/index.php\/wp-json\/wp\/v2\/media?parent=740995"}],"wp:term":[{"taxonomy":"product_brand","embeddable":true,"href":"https:\/\/roveyayinevi.com.tr\/index.php\/wp-json\/wp\/v2\/product_brand?post=740995"},{"taxonomy":"product_cat","embeddable":true,"href":"https:\/\/roveyayinevi.com.tr\/index.php\/wp-json\/wp\/v2\/product_cat?post=740995"},{"taxonomy":"product_tag","embeddable":true,"href":"https:\/\/roveyayinevi.com.tr\/index.php\/wp-json\/wp\/v2\/product_tag?post=740995"}],"curies":[{"name":"wp","href":"https:\/\/api.w.org\/{rel}","templated":true}]}}