{"id":740994,"date":"2025-08-28T00:39:23","date_gmt":"2025-08-27T21:39:23","guid":{"rendered":"https:\/\/roveyayinevi.com.tr\/index.php\/urun\/beni-avlayamazsin\/"},"modified":"2026-04-16T02:52:09","modified_gmt":"2026-04-15T23:52:09","slug":"beni-avlayamazsin","status":"publish","type":"product","link":"https:\/\/roveyayinevi.com.tr\/index.php\/urun\/beni-avlayamazsin\/","title":{"rendered":"Beni Avlayamazs\u0131n"},"content":{"rendered":"<p>Asl\u0131nda, bunun bir kutlama olmas\u0131 gerekiyordu, \u00e7\u00fcnk\u00fc a\u011fabeyimin d\u00fc\u011f\u00fcn\u00fcyd\u00fc. Ama Mortagne\u2019da yap\u0131lan bir kutlaman\u0131n neye benzeyece\u011fi hi\u00e7bir zaman bilinmez.   <\/p>\n","protected":false},"excerpt":{"rendered":"<p>Asl\u0131nda, bunun bir kutlama olmas\u0131 gerekiyordu, \u00e7\u00fcnk\u00fc a\u011fabeyimin d\u00fc\u011f\u00fcn\u00fcyd\u00fc. Ama Mortagne\u2019da yap\u0131lan bir kutlaman\u0131n neye benzeyece\u011fi hi\u00e7bir zaman bilinmez.<\/p>\n","protected":false},"featured_media":0,"template":"","meta":{"_monsterinsights_skip_tracking":false,"_monsterinsights_sitenote_active":false,"_monsterinsights_sitenote_note":"","_monsterinsights_sitenote_category":0},"product_brand":[],"product_cat":[12416,12291],"product_tag":[],"class_list":{"0":"post-740994","1":"product","2":"type-product","3":"status-publish","5":"product_cat-cizgi-roman","6":"product_cat-edebiyat","7":"pa_cilt-ciltsiz","8":"pa_tur-kitap","9":"pa_yayinevi-kara-karga-yayinlari","10":"pa_yazar-alfred","12":"first","13":"instock","14":"sale","15":"shipping-taxable","16":"purchasable","17":"product-type-simple"},"_links":{"self":[{"href":"https:\/\/roveyayinevi.com.tr\/index.php\/wp-json\/wp\/v2\/product\/740994","targetHints":{"allow":["GET"]}}],"collection":[{"href":"https:\/\/roveyayinevi.com.tr\/index.php\/wp-json\/wp\/v2\/product"}],"about":[{"href":"https:\/\/roveyayinevi.com.tr\/index.php\/wp-json\/wp\/v2\/types\/product"}],"wp:attachment":[{"href":"https:\/\/roveyayinevi.com.tr\/index.php\/wp-json\/wp\/v2\/media?parent=740994"}],"wp:term":[{"taxonomy":"product_brand","embeddable":true,"href":"https:\/\/roveyayinevi.com.tr\/index.php\/wp-json\/wp\/v2\/product_brand?post=740994"},{"taxonomy":"product_cat","embeddable":true,"href":"https:\/\/roveyayinevi.com.tr\/index.php\/wp-json\/wp\/v2\/product_cat?post=740994"},{"taxonomy":"product_tag","embeddable":true,"href":"https:\/\/roveyayinevi.com.tr\/index.php\/wp-json\/wp\/v2\/product_tag?post=740994"}],"curies":[{"name":"wp","href":"https:\/\/api.w.org\/{rel}","templated":true}]}}