{"id":740993,"date":"2025-08-28T00:39:22","date_gmt":"2025-08-27T21:39:22","guid":{"rendered":"https:\/\/roveyayinevi.com.tr\/index.php\/urun\/kissadan-hisse-bilgelik-oykuleri\/"},"modified":"2026-04-16T02:52:09","modified_gmt":"2026-04-15T23:52:09","slug":"kissadan-hisse-bilgelik-oykuleri","status":"publish","type":"product","link":"https:\/\/roveyayinevi.com.tr\/index.php\/urun\/kissadan-hisse-bilgelik-oykuleri\/","title":{"rendered":"K\u0131ssadan Hisse  Bilgelik \u00d6yk\u00fcleri"},"content":{"rendered":"<p>Adam\u0131n birisi erkek e\u015fek sat\u0131n almak amac\u0131yla sabah erkenden hayvan pazar\u0131na gider. \u00d6ncelikle pazardaki b\u00fct\u00fcn e\u015fekleri g\u00f6rmek ve bir fikir sahibi olmak amac\u0131yla pazar\u0131 boydan boya dola\u015f\u0131r. Olduk\u00e7a g\u00f6steri\u015fli ve g\u00fcrb\u00fcz g\u00f6r\u00fcnen bir erkek e\u015fe\u011fi g\u00f6z\u00fcne kestirmi\u015ftir. E\u015fe\u011fi yeniden g\u00f6zden ge\u00e7irmek ve sat\u0131c\u0131s\u0131yla pazarl\u0131k yapmak amac\u0131yla e\u015fe\u011fin oldu\u011fu yere do\u011fru y\u00f6nelir. E\u015fe\u011fin sahibi, hayvan\u0131n \u00f6zelliklerini anlatmakla bitiremez: &#8211; \u00c7ok asil ve uysal bir hayvand\u0131r. Ne versen onunla yetinir. \u00c7ok kuvvetlidir; \u00fczerine da\u011flar\u0131 y\u00fcklesen bana m\u0131 demez. Az\u0131c\u0131k suyla \u00e7\u00f6lleri bile a\u015far. Ka\u00e7\u0131rma bu cins e\u015fe\u011fi\u2026 Adam, e\u015fek sahibiyle pazarl\u0131\u011fa ba\u015flar ve \u00fc\u00e7 a\u015fa\u011f\u0131 be\u015f yukar\u0131 derken bir fiyat \u00fczerinde anla\u015f\u0131rlar. Adam, paray\u0131 \u00e7\u0131karmak \u00fczere elini para kesesine atm\u0131\u015ft\u0131r ki, bu s\u0131rada yan taraftaki erkek e\u015feklerden birisi pazar\u0131n her yerinden duyulacak bir \u015fekilde an\u0131rmaya ba\u015flar. \u00d6yle \u015fiddetli an\u0131r\u0131r ki, pazardaki herkes an\u0131ran e\u015fe\u011fe bakmaya ba\u015flar. Bu, az \u00f6nce g\u00f6rd\u00fc\u011f\u00fc ama almaya de\u011fer bulmad\u0131\u011f\u0131 c\u0131l\u0131z e\u015fektir. E\u015fe\u011fin an\u0131rma sebebinin, o s\u0131rada pazara yeni getirilen di\u015fi bir e\u015fek oldu\u011funu anlayan adam, pazarl\u0131k yapt\u0131\u011f\u0131 e\u015fe\u011fi almaktan vazge\u00e7er ve an\u0131ran e\u015fe\u011fe do\u011fru y\u00f6nelir. E\u015fe\u011fin sahibi ne oldu\u011funu anlamad\u0131\u011f\u0131ndan adam\u0131n arkas\u0131ndan seslenir: -Beybaba, bo\u015funa dola\u015fma bu s\u0131cakta. Pazarda b\u00f6yle bir e\u015fek bulamazs\u0131n\u2026 Adam, e\u015fek sahibine do\u011fru d\u00f6nerek: -Evlad\u0131m, e\u015fe\u011fin ger\u00e7ekten \u00e7ok g\u00fczel ama i\u00e7inde a\u015fk yok\u2026   <\/p>\n","protected":false},"excerpt":{"rendered":"<p>Adam\u0131n birisi erkek e\u015fek sat\u0131n almak amac\u0131yla sabah erkenden hayvan pazar\u0131na gider. \u00d6ncelikle pazardaki b\u00fct\u00fcn e\u015fekleri g\u00f6rmek ve bir fikir sahibi olmak amac\u0131yla pazar\u0131 boydan boya<span class=\"excerpt-hellip\"> [\u2026]<\/span><\/p>\n","protected":false},"featured_media":0,"template":"","meta":{"_monsterinsights_skip_tracking":false,"_monsterinsights_sitenote_active":false,"_monsterinsights_sitenote_note":"","_monsterinsights_sitenote_category":0},"product_brand":[],"product_cat":[12291,12711],"product_tag":[],"class_list":{"0":"post-740993","1":"product","2":"type-product","3":"status-publish","5":"product_cat-edebiyat","6":"product_cat-roman-oyku","7":"pa_cilt-ciltsiz","8":"pa_tur-kitap","9":"pa_yayinevi-altinordu-yayinlari","10":"pa_yazar-metin-ozdemir","12":"first","13":"instock","14":"sale","15":"shipping-taxable","16":"purchasable","17":"product-type-simple"},"_links":{"self":[{"href":"https:\/\/roveyayinevi.com.tr\/index.php\/wp-json\/wp\/v2\/product\/740993","targetHints":{"allow":["GET"]}}],"collection":[{"href":"https:\/\/roveyayinevi.com.tr\/index.php\/wp-json\/wp\/v2\/product"}],"about":[{"href":"https:\/\/roveyayinevi.com.tr\/index.php\/wp-json\/wp\/v2\/types\/product"}],"wp:attachment":[{"href":"https:\/\/roveyayinevi.com.tr\/index.php\/wp-json\/wp\/v2\/media?parent=740993"}],"wp:term":[{"taxonomy":"product_brand","embeddable":true,"href":"https:\/\/roveyayinevi.com.tr\/index.php\/wp-json\/wp\/v2\/product_brand?post=740993"},{"taxonomy":"product_cat","embeddable":true,"href":"https:\/\/roveyayinevi.com.tr\/index.php\/wp-json\/wp\/v2\/product_cat?post=740993"},{"taxonomy":"product_tag","embeddable":true,"href":"https:\/\/roveyayinevi.com.tr\/index.php\/wp-json\/wp\/v2\/product_tag?post=740993"}],"curies":[{"name":"wp","href":"https:\/\/api.w.org\/{rel}","templated":true}]}}