{"id":740989,"date":"2025-08-28T00:39:16","date_gmt":"2025-08-27T21:39:16","guid":{"rendered":"https:\/\/roveyayinevi.com.tr\/index.php\/urun\/nasil-yildiz-olunmaz\/"},"modified":"2026-04-16T02:52:09","modified_gmt":"2026-04-15T23:52:09","slug":"nasil-yildiz-olunmaz","status":"publish","type":"product","link":"https:\/\/roveyayinevi.com.tr\/index.php\/urun\/nasil-yildiz-olunmaz\/","title":{"rendered":"Nas\u0131l Y\u0131ld\u0131z Olunmaz?"},"content":{"rendered":"<p>\u201cI\u0307stedig\u0306im s\u0327ey, futbolcu olma hayali kuran genc\u0327 kardes\u0327lerime ve c\u0327ocuklar\u0131n\u0131n futbolcu olmas\u0131n\u0131 isteyen anne-babalara bu u\u0308lkenin futbol ikliminde nelerle kars\u0327\u0131las\u0327abileceklerini anlatmakt\u0131.\u201d Genc\u0327 yas\u0327 kategorilerinde bir y\u0131ld\u0131z aday\u0131 olarak bas\u0327layan, bir tu\u0308rlu\u0308 beklenen \u201cpatlamay\u0131\u201d yapamay\u0131p s\u0131radanlas\u0327an bir u\u0308st du\u0308zey futbolcunun kariyeri&#8230; Trabzonspor\u2019da bas\u0327layan bu kariyerin yolu, genc\u0327 ve u\u0308mit milli karmalar d\u0131s\u0327\u0131nda, toplam on bes\u0327 tak\u0131mdan gec\u0327ti. U\u0308lke futbolunun en u\u0308st basamag\u0306\u0131 olan Su\u0308per Lig\u2019den sonra, onun alt\u0131ndaki 1. Lig\u2019i de go\u0308rdu\u0308 ve 35 yas\u0327\u0131nda bir alt ligi, 2. Lig\u2019i tecru\u0308be etti. Hayal k\u0131r\u0131kl\u0131klar\u0131yla, du\u0308s\u0327tu\u0308g\u0306u\u0308 yerden kalkmalarla, u\u0308mitlerle ve isyanlarla dolu bir hika\u0302ye&#8230; Bir ucunda \u201cdu\u0308s\u0327en kristal bir bardak\u201d olmak var, dig\u0306er ucunda \u201cS\u0327ampiyon Keles\u0327nikof\u201d&#8230; Ergin Keles\u0327, Tu\u0308rkiye\u2019nin futbol a\u0302leminin filtresiz fotog\u0306raf\u0131n\u0131 c\u0327ekmis\u0327. Futbolcular\u0131, teknik direkto\u0308rleri, menajerleri, hakemleri, taraftarlar\u0131 ve endu\u0308strinin go\u0308ru\u0308nmeyen \u201cko\u0308le\u201d emekc\u0327ilerini anlat\u0131yor. Romantize etmeden ve en o\u0308nemlisi, nes\u0327eyle&#8230; Hayalinde roman kahramanlar\u0131ndan ideal on bir kuran bir futbolcunun kaleminden&#8230; <\/p>\n","protected":false},"excerpt":{"rendered":"<p>\u201cI\u0307stedig\u0306im s\u0327ey, futbolcu olma hayali kuran genc\u0327 kardes\u0327lerime ve c\u0327ocuklar\u0131n\u0131n futbolcu olmas\u0131n\u0131 isteyen anne-babalara bu u\u0308lkenin futbol ikliminde nelerle kars\u0327\u0131las\u0327abileceklerini anlatmakt\u0131.\u201d Genc\u0327 yas\u0327 kategorilerinde bir y\u0131ld\u0131z<span class=\"excerpt-hellip\"> [\u2026]<\/span><\/p>\n","protected":false},"featured_media":0,"template":"","meta":{"_monsterinsights_skip_tracking":false,"_monsterinsights_sitenote_active":false,"_monsterinsights_sitenote_note":"","_monsterinsights_sitenote_category":0},"product_brand":[],"product_cat":[18545,12291],"product_tag":[],"class_list":{"0":"post-740989","1":"product","2":"type-product","3":"status-publish","5":"product_cat-anlati","6":"product_cat-edebiyat","7":"pa_cilt-ciltsiz","8":"pa_tur-kitap","9":"pa_yayinevi-iletisim-yayinlari","10":"pa_yazar-ergin-keles","12":"first","13":"instock","14":"sale","15":"shipping-taxable","16":"purchasable","17":"product-type-simple"},"_links":{"self":[{"href":"https:\/\/roveyayinevi.com.tr\/index.php\/wp-json\/wp\/v2\/product\/740989","targetHints":{"allow":["GET"]}}],"collection":[{"href":"https:\/\/roveyayinevi.com.tr\/index.php\/wp-json\/wp\/v2\/product"}],"about":[{"href":"https:\/\/roveyayinevi.com.tr\/index.php\/wp-json\/wp\/v2\/types\/product"}],"wp:attachment":[{"href":"https:\/\/roveyayinevi.com.tr\/index.php\/wp-json\/wp\/v2\/media?parent=740989"}],"wp:term":[{"taxonomy":"product_brand","embeddable":true,"href":"https:\/\/roveyayinevi.com.tr\/index.php\/wp-json\/wp\/v2\/product_brand?post=740989"},{"taxonomy":"product_cat","embeddable":true,"href":"https:\/\/roveyayinevi.com.tr\/index.php\/wp-json\/wp\/v2\/product_cat?post=740989"},{"taxonomy":"product_tag","embeddable":true,"href":"https:\/\/roveyayinevi.com.tr\/index.php\/wp-json\/wp\/v2\/product_tag?post=740989"}],"curies":[{"name":"wp","href":"https:\/\/api.w.org\/{rel}","templated":true}]}}