{"id":740981,"date":"2025-08-28T00:39:06","date_gmt":"2025-08-27T21:39:06","guid":{"rendered":"https:\/\/roveyayinevi.com.tr\/index.php\/urun\/muzaffer-serif-ve-sosyal-psikolojinin-norolojik-temelleri\/"},"modified":"2026-02-23T12:04:01","modified_gmt":"2026-02-23T09:04:01","slug":"muzaffer-serif-ve-sosyal-psikolojinin-norolojik-temelleri","status":"publish","type":"product","link":"https:\/\/roveyayinevi.com.tr\/index.php\/urun\/muzaffer-serif-ve-sosyal-psikolojinin-norolojik-temelleri\/","title":{"rendered":"Muzaffer \u015eerif ve Sosyal Psikolojinin N\u00f6rolojik Temelleri"},"content":{"rendered":"<p>\u201cSosyal psikoloji aras\u0327t\u0131rmac\u0131lar\u0131, sosyal kuramlar ve sosyal pratik aras\u0131nda ko\u0308pru\u0308 kurmal\u0131d\u0131r. Birey ve toplumun, birbirlerini kars\u0327\u0131l\u0131kl\u0131 olarak yap\u0131land\u0131rd\u0131g\u0306\u0131n\u0131 hesaba katan bir genel perspektifle, sosyal yap\u0131daki ic\u0327 c\u0327elis\u0327kilerin, deg\u0306is\u0327im ve gelis\u0327meyle ilis\u0327kileri deg\u0306erlendirilmelidir. Sosyal psikolojinin krizinin, o\u0308nceden gu\u0308ndeme gelmeyen epistemolojik, etik ve politik sorunlar\u0131 tart\u0131s\u0327ma f\u0131rsat\u0131 verdig\u0306i de unutulmamal\u0131d\u0131r. Kuramsal ve pratik temelleri sag\u0306lam bic\u0327imde olus\u0327turulmus\u0327 sosyal no\u0308roloji, sosyal psikolojinin bunal\u0131m\u0131n\u0131n as\u0327\u0131lmas\u0131na katk\u0131 sag\u0306layabilir.\u201d Muzaffer S\u0327erif T\u00fcrkiye\u2019de \u201ckomu\u0308nist\u201d suc\u0327lamas\u0131yla akademiden d\u0131s\u0327lanan, u\u0308lkeden ayr\u0131lmak zorunda kalan, unutulan-unutturulan Muzaffer S\u0327erif, du\u0308nyada sosyal psikoloji literatu\u0308ru\u0308nu\u0308n temel referanslar\u0131ndand\u0131r. Taner O\u0308zbenli, bu kitapta bu deg\u0306erli bilim insan\u0131n\u0131n Tu\u0308rkiye\u2019de 1942-1943\u2019te tamamlayabildig\u0306i son dersin notlar\u0131n\u0131 ilk kez gu\u0308n yu\u0308zu\u0308ne c\u0327\u0131kar\u0131yor. Muzaffer S\u0327erif ve Sosyal Psikolojinin No\u0308rolojik Temelleri adl\u0131 bu ku\u0308c\u0327u\u0308k kitap, S\u0327erif\u2019in, disiplinleraras\u0131l\u0131k yaklas\u0327\u0131m\u0131n\u0131n erken o\u0308ncu\u0308lerinden biri oldug\u0306unu da go\u0308steriyor. Onunkisi, sosyal psikolojiyi hem felsefe, sosyoloji ve antropolojiyle, hem psikofizik ve otokinetik deneylerle etkiles\u0327im ic\u0327inde du\u0308s\u0327u\u0308nen bir yaklas\u0327\u0131md\u0131r. Taner O\u0308zbenli, burada bir sosyal no\u0308rolojinin de imka\u0302nlar\u0131n\u0131 go\u0308ru\u0308yor. Kitap, Muzaffer S\u0327erif\u2019in bir du\u0308s\u0327u\u0308nsel portesini c\u0327izerken, ders notlar\u0131n\u0131 tutan o\u0308g\u0306rencisi eg\u0306itimci Hu\u0308seyin Avni O\u0308zbenli\u2019yle de tan\u0131s\u0327mam\u0131z\u0131 sag\u0306l\u0131yor.<\/p>\n","protected":false},"excerpt":{"rendered":"<p>\u201cSosyal psikoloji aras\u0327t\u0131rmac\u0131lar\u0131, sosyal kuramlar ve sosyal pratik aras\u0131nda ko\u0308pru\u0308 kurmal\u0131d\u0131r. Birey ve toplumun, birbirlerini kars\u0327\u0131l\u0131kl\u0131 olarak yap\u0131land\u0131rd\u0131g\u0306\u0131n\u0131 hesaba katan bir genel perspektifle, sosyal yap\u0131daki ic\u0327<span class=\"excerpt-hellip\"> [\u2026]<\/span><\/p>\n","protected":false},"featured_media":0,"template":"","meta":{"_monsterinsights_skip_tracking":false,"_monsterinsights_sitenote_active":false,"_monsterinsights_sitenote_note":"","_monsterinsights_sitenote_category":0},"product_brand":[],"product_cat":[13072,12291],"product_tag":[],"class_list":{"0":"post-740981","1":"product","2":"type-product","3":"status-publish","5":"product_cat-arastirma-inceleme-referans","6":"product_cat-edebiyat","7":"pa_cilt-ciltsiz","8":"pa_tur-kitap","9":"pa_yayinevi-iletisim-yayinlari","10":"pa_yazar-taner-ozbenli","12":"first","13":"instock","14":"sale","15":"shipping-taxable","16":"purchasable","17":"product-type-simple"},"_links":{"self":[{"href":"https:\/\/roveyayinevi.com.tr\/index.php\/wp-json\/wp\/v2\/product\/740981","targetHints":{"allow":["GET"]}}],"collection":[{"href":"https:\/\/roveyayinevi.com.tr\/index.php\/wp-json\/wp\/v2\/product"}],"about":[{"href":"https:\/\/roveyayinevi.com.tr\/index.php\/wp-json\/wp\/v2\/types\/product"}],"wp:attachment":[{"href":"https:\/\/roveyayinevi.com.tr\/index.php\/wp-json\/wp\/v2\/media?parent=740981"}],"wp:term":[{"taxonomy":"product_brand","embeddable":true,"href":"https:\/\/roveyayinevi.com.tr\/index.php\/wp-json\/wp\/v2\/product_brand?post=740981"},{"taxonomy":"product_cat","embeddable":true,"href":"https:\/\/roveyayinevi.com.tr\/index.php\/wp-json\/wp\/v2\/product_cat?post=740981"},{"taxonomy":"product_tag","embeddable":true,"href":"https:\/\/roveyayinevi.com.tr\/index.php\/wp-json\/wp\/v2\/product_tag?post=740981"}],"curies":[{"name":"wp","href":"https:\/\/api.w.org\/{rel}","templated":true}]}}