{"id":740978,"date":"2025-08-28T00:39:03","date_gmt":"2025-08-27T21:39:03","guid":{"rendered":"https:\/\/roveyayinevi.com.tr\/index.php\/urun\/afet-direnci-kapsaminda-calismalar\/"},"modified":"2026-04-16T02:52:08","modified_gmt":"2026-04-15T23:52:08","slug":"afet-direnci-kapsaminda-calismalar","status":"publish","type":"product","link":"https:\/\/roveyayinevi.com.tr\/index.php\/urun\/afet-direnci-kapsaminda-calismalar\/","title":{"rendered":"Afet Direnci Kapsam\u0131nda \u00c7al\u0131\u015fmalar"},"content":{"rendered":"<p>\u0130\u00e7indekiler   1. Afet Y\u00f6netiminde Yakla\u015f\u0131mlar 2. Afet Y\u00f6netiminde Etik 3. Afetlere Kar\u015f\u0131 Diren\u00e7lili\u011fi Etkileyen Fakt\u00f6rler 4. Belediyelerde Afet Y\u00f6netimi 5. Afet Y\u00f6netiminde \u0130\u015fyerleri \u0130\u00e7in Risk De\u011ferlendirmesi 6. Afetlerde Medyan\u0131n Rol\u00fc Sosyal Medya \u00d6rne\u011fi 7. Afet Olaylar\u0131nda \u0130leti\u015fim 8. Afet Riskinin Azalt\u0131lmas\u0131nda Bilim ve Teknolojinin Rol\u00fc 9. Afet Y\u00f6netimi \u0130\u00e7in Tahmin Y\u00f6ntemleri <\/p>\n","protected":false},"excerpt":{"rendered":"<p>\u0130\u00e7indekiler 1. Afet Y\u00f6netiminde Yakla\u015f\u0131mlar 2. Afet Y\u00f6netiminde Etik 3. Afetlere Kar\u015f\u0131 Diren\u00e7lili\u011fi Etkileyen Fakt\u00f6rler 4. Belediyelerde Afet Y\u00f6netimi 5. Afet Y\u00f6netiminde \u0130\u015fyerleri \u0130\u00e7in Risk De\u011ferlendirmesi<span class=\"excerpt-hellip\"> [\u2026]<\/span><\/p>\n","protected":false},"featured_media":0,"template":"","meta":{"_monsterinsights_skip_tracking":false,"_monsterinsights_sitenote_active":false,"_monsterinsights_sitenote_note":"","_monsterinsights_sitenote_category":0},"product_brand":[],"product_cat":[12573,12566],"product_tag":[],"class_list":{"0":"post-740978","1":"product","2":"type-product","3":"status-publish","5":"product_cat-akademik-kitaplar","6":"product_cat-egitim","7":"pa_cilt-ciltsiz","8":"pa_tur-kitap","9":"pa_yayinevi-gazi-kitabevi","10":"pa_yazar-gazi-kitabevi-kolektif","12":"first","13":"instock","14":"sale","15":"shipping-taxable","16":"purchasable","17":"product-type-simple"},"_links":{"self":[{"href":"https:\/\/roveyayinevi.com.tr\/index.php\/wp-json\/wp\/v2\/product\/740978","targetHints":{"allow":["GET"]}}],"collection":[{"href":"https:\/\/roveyayinevi.com.tr\/index.php\/wp-json\/wp\/v2\/product"}],"about":[{"href":"https:\/\/roveyayinevi.com.tr\/index.php\/wp-json\/wp\/v2\/types\/product"}],"wp:attachment":[{"href":"https:\/\/roveyayinevi.com.tr\/index.php\/wp-json\/wp\/v2\/media?parent=740978"}],"wp:term":[{"taxonomy":"product_brand","embeddable":true,"href":"https:\/\/roveyayinevi.com.tr\/index.php\/wp-json\/wp\/v2\/product_brand?post=740978"},{"taxonomy":"product_cat","embeddable":true,"href":"https:\/\/roveyayinevi.com.tr\/index.php\/wp-json\/wp\/v2\/product_cat?post=740978"},{"taxonomy":"product_tag","embeddable":true,"href":"https:\/\/roveyayinevi.com.tr\/index.php\/wp-json\/wp\/v2\/product_tag?post=740978"}],"curies":[{"name":"wp","href":"https:\/\/api.w.org\/{rel}","templated":true}]}}