{"id":740977,"date":"2025-08-28T00:39:01","date_gmt":"2025-08-27T21:39:01","guid":{"rendered":"https:\/\/roveyayinevi.com.tr\/index.php\/urun\/kiyamet-emeklisi-birinci-cilt\/"},"modified":"2026-04-16T02:52:08","modified_gmt":"2026-04-15T23:52:08","slug":"kiyamet-emeklisi-birinci-cilt","status":"publish","type":"product","link":"https:\/\/roveyayinevi.com.tr\/index.php\/urun\/kiyamet-emeklisi-birinci-cilt\/","title":{"rendered":"K\u0131yamet Emeklisi &#8211; Birinci Cilt"},"content":{"rendered":"<p>\u201cR\u00fcyalar do\u011fru \u00e7\u0131kar, \u00fc\u00e7 yol var denince \u00f6nce kendine bakacaks\u0131n ve herhalde \u00fc\u00e7 kat merdiven \u00e7\u0131kacak ya da inece\u011fim diyeceksin, kendi kendinin yorumcusu b\u00f6yle olunur. Para gelecek denince \u00f6nce cebini yoklayacaks\u0131n, hi\u00e7 mi yok, demek ki can\u0131n \u00e7\u0131karsa \u015f\u00f6yle bir elli kuru\u015f gelecek, zaten elli kuru\u015fun varsa \u00e7oktan hak etti\u011fin ama bir t\u00fcrl\u00fc eline ge\u00e7meyen bir liran\u0131n yirmi be\u015f kuru\u015fu eline ge\u00e7ecek. Bir kad\u0131n m\u0131 g\u00f6rd\u00fcn, emin ol ki o seni g\u00f6rmedi. Ama seni de g\u00f6ren biri var i\u015fte o gelecek, ama sen onu gelenden saymad\u0131\u011f\u0131n i\u00e7in geldi\u011fini bile anlamayacaks\u0131n. Bekleyeceksin, sabr\u0131n da k\u0131t oldu\u011fundan senden daha evvel beklemeye ba\u015flam\u0131\u015f birini hah diye alacaks\u0131n, daha eskinin hi\u00e7 sesi \u00e7\u0131kmaz, o y\u00fczden onu mazlum, kendini galip zannedeceksin.<\/p>\n","protected":false},"excerpt":{"rendered":"<p>\u201cR\u00fcyalar do\u011fru \u00e7\u0131kar, \u00fc\u00e7 yol var denince \u00f6nce kendine bakacaks\u0131n ve herhalde \u00fc\u00e7 kat merdiven \u00e7\u0131kacak ya da inece\u011fim diyeceksin, kendi kendinin yorumcusu b\u00f6yle olunur. Para<span class=\"excerpt-hellip\"> [\u2026]<\/span><\/p>\n","protected":false},"featured_media":0,"template":"","meta":{"_monsterinsights_skip_tracking":false,"_monsterinsights_sitenote_active":false,"_monsterinsights_sitenote_note":"","_monsterinsights_sitenote_category":0},"product_brand":[],"product_cat":[12291,12711],"product_tag":[],"class_list":{"0":"post-740977","1":"product","2":"type-product","3":"status-publish","5":"product_cat-edebiyat","6":"product_cat-roman-oyku","7":"pa_cilt-ciltsiz","8":"pa_tur-kitap","9":"pa_yayinevi-iletisim-yayinlari","10":"pa_yazar-sule-gurbuz","12":"first","13":"instock","14":"sale","15":"shipping-taxable","16":"purchasable","17":"product-type-simple"},"_links":{"self":[{"href":"https:\/\/roveyayinevi.com.tr\/index.php\/wp-json\/wp\/v2\/product\/740977","targetHints":{"allow":["GET"]}}],"collection":[{"href":"https:\/\/roveyayinevi.com.tr\/index.php\/wp-json\/wp\/v2\/product"}],"about":[{"href":"https:\/\/roveyayinevi.com.tr\/index.php\/wp-json\/wp\/v2\/types\/product"}],"wp:attachment":[{"href":"https:\/\/roveyayinevi.com.tr\/index.php\/wp-json\/wp\/v2\/media?parent=740977"}],"wp:term":[{"taxonomy":"product_brand","embeddable":true,"href":"https:\/\/roveyayinevi.com.tr\/index.php\/wp-json\/wp\/v2\/product_brand?post=740977"},{"taxonomy":"product_cat","embeddable":true,"href":"https:\/\/roveyayinevi.com.tr\/index.php\/wp-json\/wp\/v2\/product_cat?post=740977"},{"taxonomy":"product_tag","embeddable":true,"href":"https:\/\/roveyayinevi.com.tr\/index.php\/wp-json\/wp\/v2\/product_tag?post=740977"}],"curies":[{"name":"wp","href":"https:\/\/api.w.org\/{rel}","templated":true}]}}