{"id":740976,"date":"2025-08-28T00:39:00","date_gmt":"2025-08-27T21:39:00","guid":{"rendered":"https:\/\/roveyayinevi.com.tr\/index.php\/urun\/ceviribilimi-anlamaya-dogru\/"},"modified":"2026-04-16T02:52:08","modified_gmt":"2026-04-15T23:52:08","slug":"ceviribilimi-anlamaya-dogru","status":"publish","type":"product","link":"https:\/\/roveyayinevi.com.tr\/index.php\/urun\/ceviribilimi-anlamaya-dogru\/","title":{"rendered":"\u00c7eviribilimi Anlamaya Do\u011fru"},"content":{"rendered":"<p>\u0130\u00e7indekiler   B\u0130R\u0130NC\u0130 B\u00d6L\u00dcM \u00c7EV\u0130R\u0130 KURAMLARI \u00d6\u011eRET\u0130M TEKN\u0130KLER\u0130   \u0130K\u0130NC\u0130 B\u00d6L\u00dcM S\u00d6ZL\u00dc \u00c7EV\u0130R\u0130 TEKN\u0130KLER\u0130N\u0130N \u00d6\u011eRET\u0130M\u0130 <\/p>\n","protected":false},"excerpt":{"rendered":"<p>\u0130\u00e7indekiler B\u0130R\u0130NC\u0130 B\u00d6L\u00dcM \u00c7EV\u0130R\u0130 KURAMLARI \u00d6\u011eRET\u0130M TEKN\u0130KLER\u0130 \u0130K\u0130NC\u0130 B\u00d6L\u00dcM S\u00d6ZL\u00dc \u00c7EV\u0130R\u0130 TEKN\u0130KLER\u0130N\u0130N \u00d6\u011eRET\u0130M\u0130<\/p>\n","protected":false},"featured_media":0,"template":"","meta":{"_monsterinsights_skip_tracking":false,"_monsterinsights_sitenote_active":false,"_monsterinsights_sitenote_note":"","_monsterinsights_sitenote_category":0},"product_brand":[],"product_cat":[12573,12566],"product_tag":[],"class_list":{"0":"post-740976","1":"product","2":"type-product","3":"status-publish","5":"product_cat-akademik-kitaplar","6":"product_cat-egitim","7":"pa_cilt-ciltsiz","8":"pa_tur-kitap","9":"pa_yayinevi-gazi-kitabevi","10":"pa_yazar-huseyin-selim-kocabiyik","12":"first","13":"instock","14":"sale","15":"shipping-taxable","16":"purchasable","17":"product-type-simple"},"_links":{"self":[{"href":"https:\/\/roveyayinevi.com.tr\/index.php\/wp-json\/wp\/v2\/product\/740976","targetHints":{"allow":["GET"]}}],"collection":[{"href":"https:\/\/roveyayinevi.com.tr\/index.php\/wp-json\/wp\/v2\/product"}],"about":[{"href":"https:\/\/roveyayinevi.com.tr\/index.php\/wp-json\/wp\/v2\/types\/product"}],"wp:attachment":[{"href":"https:\/\/roveyayinevi.com.tr\/index.php\/wp-json\/wp\/v2\/media?parent=740976"}],"wp:term":[{"taxonomy":"product_brand","embeddable":true,"href":"https:\/\/roveyayinevi.com.tr\/index.php\/wp-json\/wp\/v2\/product_brand?post=740976"},{"taxonomy":"product_cat","embeddable":true,"href":"https:\/\/roveyayinevi.com.tr\/index.php\/wp-json\/wp\/v2\/product_cat?post=740976"},{"taxonomy":"product_tag","embeddable":true,"href":"https:\/\/roveyayinevi.com.tr\/index.php\/wp-json\/wp\/v2\/product_tag?post=740976"}],"curies":[{"name":"wp","href":"https:\/\/api.w.org\/{rel}","templated":true}]}}