{"id":740975,"date":"2025-08-28T00:38:59","date_gmt":"2025-08-27T21:38:59","guid":{"rendered":"https:\/\/roveyayinevi.com.tr\/index.php\/urun\/katilimci-butceleme\/"},"modified":"2026-04-16T02:52:08","modified_gmt":"2026-04-15T23:52:08","slug":"katilimci-butceleme","status":"publish","type":"product","link":"https:\/\/roveyayinevi.com.tr\/index.php\/urun\/katilimci-butceleme\/","title":{"rendered":"Kat\u0131l\u0131mc\u0131 B\u00fct\u00e7eleme"},"content":{"rendered":"<p>\u0130\u00e7indekiler   1.      B\u00d6L\u00dcM Demokratik Temsil, Vatanda\u015f Kat\u0131l\u0131m\u0131 ve B\u00fct\u00e7e 2.       B\u00d6L\u00dcM Yerel Y\u00f6netimlerde Kat\u0131l\u0131mc\u0131 B\u00fct\u00e7eleme 3.       B\u00d6L\u00dcM Kat\u0131l\u0131mc\u0131 B\u00fct\u00e7eleme Gerekliliklerinin Analizi <\/p>\n","protected":false},"excerpt":{"rendered":"<p>\u0130\u00e7indekiler 1. B\u00d6L\u00dcM Demokratik Temsil, Vatanda\u015f Kat\u0131l\u0131m\u0131 ve B\u00fct\u00e7e 2. B\u00d6L\u00dcM Yerel Y\u00f6netimlerde Kat\u0131l\u0131mc\u0131 B\u00fct\u00e7eleme 3. B\u00d6L\u00dcM Kat\u0131l\u0131mc\u0131 B\u00fct\u00e7eleme Gerekliliklerinin Analizi<\/p>\n","protected":false},"featured_media":0,"template":"","meta":{"_monsterinsights_skip_tracking":false,"_monsterinsights_sitenote_active":false,"_monsterinsights_sitenote_note":"","_monsterinsights_sitenote_category":0},"product_brand":[],"product_cat":[12573,12566],"product_tag":[],"class_list":{"0":"post-740975","1":"product","2":"type-product","3":"status-publish","5":"product_cat-akademik-kitaplar","6":"product_cat-egitim","7":"pa_cilt-ciltsiz","8":"pa_tur-kitap","9":"pa_yayinevi-gazi-kitabevi","10":"pa_yazar-mehmet-kocdemir","12":"first","13":"instock","14":"sale","15":"shipping-taxable","16":"purchasable","17":"product-type-simple"},"_links":{"self":[{"href":"https:\/\/roveyayinevi.com.tr\/index.php\/wp-json\/wp\/v2\/product\/740975","targetHints":{"allow":["GET"]}}],"collection":[{"href":"https:\/\/roveyayinevi.com.tr\/index.php\/wp-json\/wp\/v2\/product"}],"about":[{"href":"https:\/\/roveyayinevi.com.tr\/index.php\/wp-json\/wp\/v2\/types\/product"}],"wp:attachment":[{"href":"https:\/\/roveyayinevi.com.tr\/index.php\/wp-json\/wp\/v2\/media?parent=740975"}],"wp:term":[{"taxonomy":"product_brand","embeddable":true,"href":"https:\/\/roveyayinevi.com.tr\/index.php\/wp-json\/wp\/v2\/product_brand?post=740975"},{"taxonomy":"product_cat","embeddable":true,"href":"https:\/\/roveyayinevi.com.tr\/index.php\/wp-json\/wp\/v2\/product_cat?post=740975"},{"taxonomy":"product_tag","embeddable":true,"href":"https:\/\/roveyayinevi.com.tr\/index.php\/wp-json\/wp\/v2\/product_tag?post=740975"}],"curies":[{"name":"wp","href":"https:\/\/api.w.org\/{rel}","templated":true}]}}