{"id":740972,"date":"2025-08-28T00:38:56","date_gmt":"2025-08-27T21:38:56","guid":{"rendered":"https:\/\/roveyayinevi.com.tr\/index.php\/urun\/modern-yonetim-teknikleri\/"},"modified":"2026-04-16T02:52:08","modified_gmt":"2026-04-15T23:52:08","slug":"modern-yonetim-teknikleri","status":"publish","type":"product","link":"https:\/\/roveyayinevi.com.tr\/index.php\/urun\/modern-yonetim-teknikleri\/","title":{"rendered":"Modern Y\u00f6netim Teknikleri"},"content":{"rendered":"<p>\u0130\u00e7indekiler   B\u0130R\u0130NC\u0130 B\u00d6L\u00dcM TOPLAM KAL\u0130TE Y\u00d6NET\u0130M\u0130 \u0130K\u0130NC\u0130 B\u00d6L\u00dcM DE\u011e\u0130\u015e\u0130M M\u00dcHEND\u0130SL\u0130\u011e\u0130 VE B\u0130L\u0130\u015e\u0130M S\u0130STEMLER\u0130 \u00dc\u00c7\u00dcNC\u00dc B\u00d6L\u00dcM BENCHMARK\u0130NG D\u00d6RD\u00dcNC\u00dc B\u00d6L\u00dcM K\u00dc\u00c7\u00dcLEREK B\u00dcY\u00dcME (DOWNSIZING) BE\u015e\u0130NC\u0130 B\u00d6L\u00dcM DI\u015e KAYNAK KULLANIMI (OUTSOURCING) ALTINCI B\u00d6L\u00dcM REKABET\u0130N FARKLI Y\u00dcZ\u00dc: \u00d6\u011eRENEN \u00d6RG\u00dcTLER YED\u0130NC\u0130 B\u00d6L\u00dcM B\u0130LG\u0130 Y\u00d6NET\u0130M\u0130 SEK\u0130Z\u0130NC\u0130 B\u00d6L\u00dcM REKABET\u0130 YARATMA VE S\u00dcRD\u00dcRME \u00d6NC\u00dcL\u00dc: \u00d6RG\u00dcT GEL\u0130\u015eT\u0130RME DOKUZUNCU B\u00d6L\u00dcM \u015eEBEKE-SANAL \u00d6RG\u00dcTLER ONUNCU B\u00d6L\u00dcM \u00d6RG\u00dcTSEL \u00c7ATI\u015eMA ONB\u0130R\u0130NC\u0130 B\u00d6L\u00dcM KR\u0130Z Y\u00d6NET\u0130M\u0130 <\/p>\n","protected":false},"excerpt":{"rendered":"<p>\u0130\u00e7indekiler B\u0130R\u0130NC\u0130 B\u00d6L\u00dcM TOPLAM KAL\u0130TE Y\u00d6NET\u0130M\u0130 \u0130K\u0130NC\u0130 B\u00d6L\u00dcM DE\u011e\u0130\u015e\u0130M M\u00dcHEND\u0130SL\u0130\u011e\u0130 VE B\u0130L\u0130\u015e\u0130M S\u0130STEMLER\u0130 \u00dc\u00c7\u00dcNC\u00dc B\u00d6L\u00dcM BENCHMARK\u0130NG D\u00d6RD\u00dcNC\u00dc B\u00d6L\u00dcM K\u00dc\u00c7\u00dcLEREK B\u00dcY\u00dcME (DOWNSIZING) BE\u015e\u0130NC\u0130 B\u00d6L\u00dcM DI\u015e KAYNAK KULLANIMI<span class=\"excerpt-hellip\"> [\u2026]<\/span><\/p>\n","protected":false},"featured_media":0,"template":"","meta":{"_monsterinsights_skip_tracking":false,"_monsterinsights_sitenote_active":false,"_monsterinsights_sitenote_note":"","_monsterinsights_sitenote_category":0},"product_brand":[],"product_cat":[12573,12566],"product_tag":[],"class_list":{"0":"post-740972","1":"product","2":"type-product","3":"status-publish","5":"product_cat-akademik-kitaplar","6":"product_cat-egitim","7":"pa_cilt-ciltsiz","8":"pa_tur-kitap","9":"pa_yayinevi-gazi-kitabevi","10":"pa_yazar-gazi-kitabevi-kolektif","12":"first","13":"instock","14":"sale","15":"shipping-taxable","16":"purchasable","17":"product-type-simple"},"_links":{"self":[{"href":"https:\/\/roveyayinevi.com.tr\/index.php\/wp-json\/wp\/v2\/product\/740972","targetHints":{"allow":["GET"]}}],"collection":[{"href":"https:\/\/roveyayinevi.com.tr\/index.php\/wp-json\/wp\/v2\/product"}],"about":[{"href":"https:\/\/roveyayinevi.com.tr\/index.php\/wp-json\/wp\/v2\/types\/product"}],"wp:attachment":[{"href":"https:\/\/roveyayinevi.com.tr\/index.php\/wp-json\/wp\/v2\/media?parent=740972"}],"wp:term":[{"taxonomy":"product_brand","embeddable":true,"href":"https:\/\/roveyayinevi.com.tr\/index.php\/wp-json\/wp\/v2\/product_brand?post=740972"},{"taxonomy":"product_cat","embeddable":true,"href":"https:\/\/roveyayinevi.com.tr\/index.php\/wp-json\/wp\/v2\/product_cat?post=740972"},{"taxonomy":"product_tag","embeddable":true,"href":"https:\/\/roveyayinevi.com.tr\/index.php\/wp-json\/wp\/v2\/product_tag?post=740972"}],"curies":[{"name":"wp","href":"https:\/\/api.w.org\/{rel}","templated":true}]}}