{"id":740971,"date":"2025-08-28T00:38:55","date_gmt":"2025-08-27T21:38:55","guid":{"rendered":"https:\/\/roveyayinevi.com.tr\/index.php\/urun\/kaybolma-kilavuzu\/"},"modified":"2026-04-06T13:11:45","modified_gmt":"2026-04-06T10:11:45","slug":"kaybolma-kilavuzu","status":"publish","type":"product","link":"https:\/\/roveyayinevi.com.tr\/index.php\/urun\/kaybolma-kilavuzu\/","title":{"rendered":"Kaybolma K\u0131lavuzu"},"content":{"rendered":"<p>D\u00fcnyada gezinmeye, kaybolmaya ve bilinmeyenin kullan\u0131m alanlar\u0131na dair ilham verici bir ke\u015fif seferi. Bir dizi otobiyografik deneme yaz\u0131s\u0131 olarak kaleme al\u0131nan Kaybolma K\u0131lavuzu, Rebecca Solnit\u2019in hayat\u0131ndaki sembolik anlar ve ili\u015fkilerden yola \u00e7\u0131karak belirsizlik, g\u00fcven, kay\u0131p, haf\u0131za ve mek\u00e2n gibi meselelerin \u00fczerine e\u011filiyor. Solnit d\u00fcnyada yolumuzu bulmaya \u00e7al\u0131\u015f\u0131rken ba\u015fvurdu\u011fumuz hik\u00e2yelerle ve kendimizi bulmak ya da kaybetmek i\u00e7in \u00fczerinden ge\u00e7ip gitti\u011fimiz yaban yerler veya kentsel mek\u00e2nlarla ilgileniyor. Anlat\u0131lan \u00f6yk\u00fcler bir anlamda son derece ki\u015fisel olsa da, bunlar Amerika\u2019ya gelen ilk Avrupal\u0131lar\u0131n tutsakl\u0131k anlat\u0131lar\u0131ndan R\u00f6nesans resminde mavinin kullan\u0131m\u0131na, kaplumba\u011falarla kar\u015f\u0131la\u015fmalardan Yves Klein\u2019a, ke\u015fi\u015flere, punk rock\u00e7\u0131lara, da\u011flara, \u00e7\u00f6llere ve Vertigo filmine kadar uzanan daha b\u00fcy\u00fck hik\u00e2yelere ba\u011flan\u0131yor. Ortaya \u00e7\u0131kan ise hayli \u00e7arp\u0131c\u0131 bir ke\u015fif gezisi oluyor.<\/p>\n","protected":false},"excerpt":{"rendered":"<p>D\u00fcnyada gezinmeye, kaybolmaya ve bilinmeyenin kullan\u0131m alanlar\u0131na dair ilham verici bir ke\u015fif seferi. Bir dizi otobiyografik deneme yaz\u0131s\u0131 olarak kaleme al\u0131nan Kaybolma K\u0131lavuzu, Rebecca Solnit\u2019in hayat\u0131ndaki<span class=\"excerpt-hellip\"> [\u2026]<\/span><\/p>\n","protected":false},"featured_media":0,"template":"","meta":{"_monsterinsights_skip_tracking":false,"_monsterinsights_sitenote_active":false,"_monsterinsights_sitenote_note":"","_monsterinsights_sitenote_category":0},"product_brand":[],"product_cat":[12777,12291],"product_tag":[],"class_list":{"0":"post-740971","1":"product","2":"type-product","3":"status-publish","5":"product_cat-deneme","6":"product_cat-edebiyat","7":"pa_cilt-ciltsiz","8":"pa_tur-kitap","9":"pa_yayinevi-minotor-kitap","10":"pa_yazar-rebecca-solnit","12":"first","13":"instock","14":"sale","15":"shipping-taxable","16":"purchasable","17":"product-type-simple"},"_links":{"self":[{"href":"https:\/\/roveyayinevi.com.tr\/index.php\/wp-json\/wp\/v2\/product\/740971","targetHints":{"allow":["GET"]}}],"collection":[{"href":"https:\/\/roveyayinevi.com.tr\/index.php\/wp-json\/wp\/v2\/product"}],"about":[{"href":"https:\/\/roveyayinevi.com.tr\/index.php\/wp-json\/wp\/v2\/types\/product"}],"wp:attachment":[{"href":"https:\/\/roveyayinevi.com.tr\/index.php\/wp-json\/wp\/v2\/media?parent=740971"}],"wp:term":[{"taxonomy":"product_brand","embeddable":true,"href":"https:\/\/roveyayinevi.com.tr\/index.php\/wp-json\/wp\/v2\/product_brand?post=740971"},{"taxonomy":"product_cat","embeddable":true,"href":"https:\/\/roveyayinevi.com.tr\/index.php\/wp-json\/wp\/v2\/product_cat?post=740971"},{"taxonomy":"product_tag","embeddable":true,"href":"https:\/\/roveyayinevi.com.tr\/index.php\/wp-json\/wp\/v2\/product_tag?post=740971"}],"curies":[{"name":"wp","href":"https:\/\/api.w.org\/{rel}","templated":true}]}}