{"id":740969,"date":"2025-08-28T00:38:52","date_gmt":"2025-08-27T21:38:52","guid":{"rendered":"https:\/\/roveyayinevi.com.tr\/index.php\/urun\/tek-kisilik-sirket-kucuk-isletmelerin-pazardaki-devrimi\/"},"modified":"2026-04-16T02:52:08","modified_gmt":"2026-04-15T23:52:08","slug":"tek-kisilik-sirket-kucuk-isletmelerin-pazardaki-devrimi","status":"publish","type":"product","link":"https:\/\/roveyayinevi.com.tr\/index.php\/urun\/tek-kisilik-sirket-kucuk-isletmelerin-pazardaki-devrimi\/","title":{"rendered":"Tek Ki\u015filik \u015eirket: K\u00fc\u00e7\u00fck \u0130\u015fletmelerin Pazardaki Devrimi"},"content":{"rendered":"<p>Ya daha tatmin edici bir kariyerin ger\u00e7ek anahtar\u0131 b\u00fcy\u00fcmek de\u011fil de ba\u015far\u0131l\u0131 ve s\u00fcrd\u00fcr\u00fclebilir bir k\u00fc\u00e7\u00fck i\u015fletme olmaksa?Tek Ki\u015filik \u015eirket, yaln\u0131zca i\u015f ba\u015f\u0131na \u00f6deme alan bir freelancer olarak ya da en k\u0131sa s\u00fcrede h\u0131zla b\u00fcy\u00fcmek isteyen bir startup olarak de\u011fil, her b\u00fcy\u00fckl\u00fckteki i\u015fletme i\u00e7in k\u00fc\u00e7\u00fck kalmaya ve b\u00fcy\u00fcmeden ka\u00e7\u0131nmaya odaklanan yepyeni bir yakla\u015f\u0131m. K\u00fc\u00e7\u00fck kalarak, hayatta bamba\u015fka deneyimlerin pe\u015finden gitme \u00f6zg\u00fcrl\u00fc\u011f\u00fcne sahip olabilir veya geni\u015fleme konusunda endi\u015felenmekten kaynaklanan ba\u015f a\u011fr\u0131lar\u0131ndan ka\u00e7\u0131nabilirsiniz.Paul Jarvis bask\u0131 alt\u0131nda, y\u00fcksek profilli bir d\u00fcnyada \u00e7al\u0131\u015fman\u0131n onun ba\u015far\u0131 fikri olmad\u0131\u011f\u0131n\u0131 fark etti\u011finde kurumsal d\u00fcnyay\u0131 terk etti. Art\u0131k kendisi i\u00e7in \u00e7al\u0131\u015f\u0131yor, s\u00fcrekli daha fazla \u00fcretkenlik, daha fazla i\u015f ve daha fazla b\u00fcy\u00fcme talep eden bir ortamla u\u011fra\u015fmak zorunda de\u011fil. Tek Ki\u015filik \u015eirket\u2019te, i\u015finizi nas\u0131l kuraca\u011f\u0131n\u0131z\u0131 planlamak, istedi\u011finiz kazanc\u0131 belirlemek, beklenmedik krizlerle ba\u015fa \u00e7\u0131kmak, \u00f6nemli m\u00fc\u015fterilerinizi mutlu etmek ve t\u00fcm bunlar\u0131 k\u00fc\u00e7\u00fck kalarak nas\u0131l yapabilece\u011finizi a\u00e7\u0131kl\u0131yor.\u201cMinimalist bir i\u015fletmeyi ba\u015far\u0131l\u0131 bir \u015fekilde y\u00fcr\u00fctmek i\u00e7in ilgi \u00e7ekici, anla\u015f\u0131l\u0131r bir \u015fekilde yaz\u0131lm\u0131\u015f bir k\u0131lavuz.\u201d\u2014Joshua Fields Millburn, Minimalizm\u2019in yazar\u0131\u201cSiz bir makine de\u011filsiniz, o zaman neden i\u015finizi bir makine gibi y\u00f6netesiniz? Tek Ki\u015filik \u015eirket size ba\u015fka bir yol g\u00f6steriyor.\u201d\u2014Chris Guillebeau, 100 Dolarl\u0131k Ba\u015flang\u0131\u00e7\u2019\u0131n yazar\u0131\u201cDolu dolu bir hayata zenginlikten daha fa<\/p>\n","protected":false},"excerpt":{"rendered":"<p>Ya daha tatmin edici bir kariyerin ger\u00e7ek anahtar\u0131 b\u00fcy\u00fcmek de\u011fil de ba\u015far\u0131l\u0131 ve s\u00fcrd\u00fcr\u00fclebilir bir k\u00fc\u00e7\u00fck i\u015fletme olmaksa?Tek Ki\u015filik \u015eirket, yaln\u0131zca i\u015f ba\u015f\u0131na \u00f6deme alan bir<span class=\"excerpt-hellip\"> [\u2026]<\/span><\/p>\n","protected":false},"featured_media":0,"template":"","meta":{"_monsterinsights_skip_tracking":false,"_monsterinsights_sitenote_active":false,"_monsterinsights_sitenote_note":"","_monsterinsights_sitenote_category":0},"product_brand":[],"product_cat":[20333,13043],"product_tag":[],"class_list":{"0":"post-740969","1":"product","2":"type-product","3":"status-publish","5":"product_cat-diger-ekonomi","6":"product_cat-ekonomi","7":"pa_cilt-ciltsiz","8":"pa_tur-kitap","9":"pa_yayinevi-nova-kitap","10":"pa_yazar-paul-jarvis","12":"first","13":"instock","14":"sale","15":"shipping-taxable","16":"purchasable","17":"product-type-simple"},"_links":{"self":[{"href":"https:\/\/roveyayinevi.com.tr\/index.php\/wp-json\/wp\/v2\/product\/740969","targetHints":{"allow":["GET"]}}],"collection":[{"href":"https:\/\/roveyayinevi.com.tr\/index.php\/wp-json\/wp\/v2\/product"}],"about":[{"href":"https:\/\/roveyayinevi.com.tr\/index.php\/wp-json\/wp\/v2\/types\/product"}],"wp:attachment":[{"href":"https:\/\/roveyayinevi.com.tr\/index.php\/wp-json\/wp\/v2\/media?parent=740969"}],"wp:term":[{"taxonomy":"product_brand","embeddable":true,"href":"https:\/\/roveyayinevi.com.tr\/index.php\/wp-json\/wp\/v2\/product_brand?post=740969"},{"taxonomy":"product_cat","embeddable":true,"href":"https:\/\/roveyayinevi.com.tr\/index.php\/wp-json\/wp\/v2\/product_cat?post=740969"},{"taxonomy":"product_tag","embeddable":true,"href":"https:\/\/roveyayinevi.com.tr\/index.php\/wp-json\/wp\/v2\/product_tag?post=740969"}],"curies":[{"name":"wp","href":"https:\/\/api.w.org\/{rel}","templated":true}]}}