{"id":740963,"date":"2025-08-28T00:38:45","date_gmt":"2025-08-27T21:38:45","guid":{"rendered":"https:\/\/roveyayinevi.com.tr\/index.php\/urun\/sevgi-ve-ask-dolu-iliskiler-yasamanin-nasil-bir-his-oldugunu-bilmek-ister-misiniz-evet-derseniz-olur\/"},"modified":"2026-04-16T02:52:08","modified_gmt":"2026-04-15T23:52:08","slug":"sevgi-ve-ask-dolu-iliskiler-yasamanin-nasil-bir-his-oldugunu-bilmek-ister-misiniz-evet-derseniz-olur","status":"publish","type":"product","link":"https:\/\/roveyayinevi.com.tr\/index.php\/urun\/sevgi-ve-ask-dolu-iliskiler-yasamanin-nasil-bir-his-oldugunu-bilmek-ister-misiniz-evet-derseniz-olur\/","title":{"rendered":"Sevgi ve A\u015fk Dolu \u0130li\u015fkiler Ya\u015faman\u0131n Nas\u0131l Bir His Oldu\u011funu Bilmek \u0130ster misiniz? \u2013 Evet Derseniz Olur"},"content":{"rendered":"<p>\u201cBu kitap \u00f6ncelikle kendinizi sevmeniz i\u00e7in yaz\u0131ld\u0131. Siz de\u011ferli hissettik\u00e7e ve kendinizi sevdik\u00e7e hayat\u0131n\u0131za giren herkes size de\u011fer verecek ve sizi oldu\u011funuz gibi sevecek.\u201dYe\u015fim Kuzu \u201cEvet Derseniz Olur\u201d serisinin \u00fc\u00e7\u00fcnc\u00fc kitab\u0131nda bu defa ili\u015fkilere \u0131\u015f\u0131k tutuyor. \u0130li\u015fki deyince ilk akla gelen kar\u015f\u0131 cins oluyor. Ama Ye\u015fim Kuzu kendimizle, ailemizle, \u00e7ocuklar\u0131m\u0131zla, arkada\u015flar\u0131m\u0131zla, hayat\u0131m\u0131za girmi\u015f t\u00fcm insanlarla kurdu\u011fumuz ili\u015fkileri irdeliyor. Bunu yaparken de atalardan gelen ya da \u00e7evre etkisiyle olu\u015fturdu\u011fumuz blokajlar\u0131m\u0131z\u0131, k\u00f6k inan\u00e7lar\u0131m\u0131z\u0131 a\u00e7\u0131\u011fa \u00e7\u0131kartmam\u0131z, yerine yeni olumlu inan\u00e7lar ekmemiz, negatif olan\u0131 de\u011fi\u015ftirerek \u015fifalanmam\u0131z i\u00e7in bir yol a\u00e7\u0131yor bizlere.\u201cSevgi ve a\u015fk dolu ili\u015fkiler ya\u015faman\u0131n nas\u0131l bir his oldu\u011funu bilmek ister misiniz?\u201d sorusuna cevab\u0131n\u0131z EVET ise de\u011fi\u015fimden, de\u011fi\u015ftirmekten korkmadan yolculu\u011fumuza ba\u015flayabiliriz. Unutmay\u0131n bu kitap \u00f6ncelikle kendinizi sevmeniz i\u00e7in yaz\u0131ld\u0131!<\/p>\n","protected":false},"excerpt":{"rendered":"<p>\u201cBu kitap \u00f6ncelikle kendinizi sevmeniz i\u00e7in yaz\u0131ld\u0131. Siz de\u011ferli hissettik\u00e7e ve kendinizi sevdik\u00e7e hayat\u0131n\u0131za giren herkes size de\u011fer verecek ve sizi oldu\u011funuz gibi sevecek.\u201dYe\u015fim Kuzu \u201cEvet<span class=\"excerpt-hellip\"> [\u2026]<\/span><\/p>\n","protected":false},"featured_media":0,"template":"","meta":{"_monsterinsights_skip_tracking":false,"_monsterinsights_sitenote_active":false,"_monsterinsights_sitenote_note":"","_monsterinsights_sitenote_category":0},"product_brand":[],"product_cat":[12364,12376],"product_tag":[],"class_list":{"0":"post-740963","1":"product","2":"type-product","3":"status-publish","5":"product_cat-genel-konular","6":"product_cat-kisisel-gelisim","7":"pa_cilt-ciltsiz","8":"pa_tur-kitap","9":"pa_yayinevi-muptela-yayinevi","10":"pa_yazar-yesim-kuzu","12":"first","13":"instock","14":"sale","15":"shipping-taxable","16":"purchasable","17":"product-type-simple"},"_links":{"self":[{"href":"https:\/\/roveyayinevi.com.tr\/index.php\/wp-json\/wp\/v2\/product\/740963","targetHints":{"allow":["GET"]}}],"collection":[{"href":"https:\/\/roveyayinevi.com.tr\/index.php\/wp-json\/wp\/v2\/product"}],"about":[{"href":"https:\/\/roveyayinevi.com.tr\/index.php\/wp-json\/wp\/v2\/types\/product"}],"wp:attachment":[{"href":"https:\/\/roveyayinevi.com.tr\/index.php\/wp-json\/wp\/v2\/media?parent=740963"}],"wp:term":[{"taxonomy":"product_brand","embeddable":true,"href":"https:\/\/roveyayinevi.com.tr\/index.php\/wp-json\/wp\/v2\/product_brand?post=740963"},{"taxonomy":"product_cat","embeddable":true,"href":"https:\/\/roveyayinevi.com.tr\/index.php\/wp-json\/wp\/v2\/product_cat?post=740963"},{"taxonomy":"product_tag","embeddable":true,"href":"https:\/\/roveyayinevi.com.tr\/index.php\/wp-json\/wp\/v2\/product_tag?post=740963"}],"curies":[{"name":"wp","href":"https:\/\/api.w.org\/{rel}","templated":true}]}}