{"id":740961,"date":"2025-08-28T00:38:42","date_gmt":"2025-08-27T21:38:42","guid":{"rendered":"https:\/\/roveyayinevi.com.tr\/index.php\/urun\/cingeneler\/"},"modified":"2026-04-03T02:56:27","modified_gmt":"2026-04-02T23:56:27","slug":"cingeneler","status":"publish","type":"product","link":"https:\/\/roveyayinevi.com.tr\/index.php\/urun\/cingeneler\/","title":{"rendered":"\u00c7ingeneler"},"content":{"rendered":"<p>\u201cOnlar \u00e7ad\u0131rlar\u0131nda, misafir i\u00e7in yaln\u0131z limonata de\u011fil, icap ederse ku\u015f s\u00fct\u00fc bile yarat\u0131rlar. Hele H\u0131drellezlerde, d\u00fc\u011f\u00fcnlerde, ba\u015fka teferizlerde kuzular, pilavlar, zerdeler, yo\u011furtlar, dolmalar, b\u00f6rekler, \u015ferbetler, \u015faraplar, konyaklar g\u0131rla gider.\u201dOsman Cemal Kayg\u0131l\u0131\u2019n\u0131n 1935 y\u0131l\u0131nda Haber gazetesinde tefrika edilen ve ilk kez 1939 y\u0131l\u0131nda kitap olarak yay\u0131mlanan, yazar\u0131n \u201cger\u00e7ek bir olaydan yola \u00e7\u0131karak\u201d yazd\u0131\u011f\u0131n\u0131 belirtti\u011fi roman\u0131 \u00c7ingeneler, okuru erken d\u00f6nem Cumhuriyet edebiyat\u0131nda yazarlar\u0131n tek t\u00fck u\u011frad\u0131\u011f\u0131, \u0130stanbul\u2019un kenar mahallelerindeki hayatlara tan\u0131k olmaya \u00e7a\u011f\u0131r\u0131yor.Yazar Beyo\u011flu ile Sulukule, Aksaray ve Ayvansaray gibi tarihi yar\u0131madan\u0131n semtlerindeki \u00f6tekilerin; kabaday\u0131lar\u0131n, tulumbac\u0131lar\u0131n, \u00e2lemcilerin ve e\u011flence yerlerinin hik\u00e2yesini musiki merakl\u0131s\u0131, babas\u0131n\u0131 gen\u00e7 ya\u015fta kaybeden kemanc\u0131 \u0130rfan arac\u0131l\u0131\u011f\u0131yla anlat\u0131yor. \u0130rfan\u2019\u0131n, hayatlar\u0131na dair az \u015fey bilinen ama \u0130stanbul\u2019un m\u00fchim topluluklar\u0131ndan biri olan \u00e7ingenelerin aras\u0131na dahil olmas\u0131 ve Nazl\u0131 ad\u0131ndaki \u00e7ingeneye \u00e2\u015f\u0131k olmas\u0131yla tepetaklak giden hayat\u0131 \u00fczerinden ger\u00e7ek\u00e7i bir \u015fekilde kaleme al\u0131yor roman\u0131n\u0131.Sait Faik\u2019in \u201cOndan ba\u015fka romanc\u0131 tan\u0131m\u0131yorum,\u201d dedi\u011fi Osman Cemal Kayg\u0131l\u0131\u2019n\u0131n en \u00f6nemli eseri \u00c7ingeneler ile yazar\u0131n benzer mek\u00e2nlarda gezinen \u00f6yk\u00fcs\u00fc \u201c\u00c7ingene Kavgas\u0131\u201d da bu edisyonda kendine yer buluyor.<\/p>\n","protected":false},"excerpt":{"rendered":"<p>\u201cOnlar \u00e7ad\u0131rlar\u0131nda, misafir i\u00e7in yaln\u0131z limonata de\u011fil, icap ederse ku\u015f s\u00fct\u00fc bile yarat\u0131rlar. Hele H\u0131drellezlerde, d\u00fc\u011f\u00fcnlerde, ba\u015fka teferizlerde kuzular, pilavlar, zerdeler, yo\u011furtlar, dolmalar, b\u00f6rekler, \u015ferbetler, \u015faraplar,<span class=\"excerpt-hellip\"> [\u2026]<\/span><\/p>\n","protected":false},"featured_media":0,"template":"","meta":{"_monsterinsights_skip_tracking":false,"_monsterinsights_sitenote_active":false,"_monsterinsights_sitenote_note":"","_monsterinsights_sitenote_category":0},"product_brand":[],"product_cat":[12291,12711],"product_tag":[],"class_list":{"0":"post-740961","1":"product","2":"type-product","3":"status-publish","5":"product_cat-edebiyat","6":"product_cat-roman-oyku","7":"pa_cilt-ciltsiz","8":"pa_tur-kitap","9":"pa_yayinevi-ithaki-yayinlari","10":"pa_yazar-osman-cemal-kaygili","12":"first","13":"instock","14":"sale","15":"shipping-taxable","16":"purchasable","17":"product-type-simple"},"_links":{"self":[{"href":"https:\/\/roveyayinevi.com.tr\/index.php\/wp-json\/wp\/v2\/product\/740961","targetHints":{"allow":["GET"]}}],"collection":[{"href":"https:\/\/roveyayinevi.com.tr\/index.php\/wp-json\/wp\/v2\/product"}],"about":[{"href":"https:\/\/roveyayinevi.com.tr\/index.php\/wp-json\/wp\/v2\/types\/product"}],"wp:attachment":[{"href":"https:\/\/roveyayinevi.com.tr\/index.php\/wp-json\/wp\/v2\/media?parent=740961"}],"wp:term":[{"taxonomy":"product_brand","embeddable":true,"href":"https:\/\/roveyayinevi.com.tr\/index.php\/wp-json\/wp\/v2\/product_brand?post=740961"},{"taxonomy":"product_cat","embeddable":true,"href":"https:\/\/roveyayinevi.com.tr\/index.php\/wp-json\/wp\/v2\/product_cat?post=740961"},{"taxonomy":"product_tag","embeddable":true,"href":"https:\/\/roveyayinevi.com.tr\/index.php\/wp-json\/wp\/v2\/product_tag?post=740961"}],"curies":[{"name":"wp","href":"https:\/\/api.w.org\/{rel}","templated":true}]}}