{"id":740958,"date":"2025-08-28T00:38:37","date_gmt":"2025-08-27T21:38:37","guid":{"rendered":"https:\/\/roveyayinevi.com.tr\/index.php\/urun\/ejderha-cumhuriyeti-hashas-savasi-uclemesi-2-ciltli\/"},"modified":"2026-04-15T03:02:51","modified_gmt":"2026-04-15T00:02:51","slug":"ejderha-cumhuriyeti-hashas-savasi-uclemesi-2-ciltli","status":"publish","type":"product","link":"https:\/\/roveyayinevi.com.tr\/index.php\/urun\/ejderha-cumhuriyeti-hashas-savasi-uclemesi-2-ciltli\/","title":{"rendered":"Ejderha Cumhuriyeti &#8211; Ha\u015fha\u015f Sava\u015f\u0131 \u00dc\u00e7lemesi 2 (Ciltli)"},"content":{"rendered":"<p>\u00c7in\u2019in kanl\u0131 yirminci y\u00fczy\u0131l\u0131ndan ilham alan, ihanet ve b\u00fcy\u00fc dolu Ha\u015fha\u015f Sava\u015f\u0131 serisi, ikinci kitab\u0131yla devam ediyor.Rin, Anka\u2019n\u0131n g\u00fcc\u00fcn\u00fc kullanarak Mugen Federasyonu\u2019nu yok etmi\u015fti. Ancak ger\u00e7ekle\u015ftirdi\u011fi katliam y\u00fcz\u00fcnden o art\u0131k bir ka\u00e7ak durumundayd\u0131. T\u00fcm Nikan\u2019da kellesine \u00f6d\u00fcl konmu\u015ftu. Bir yandan i\u015fgalden kurtard\u0131\u011f\u0131 \u00fclke ona d\u00fc\u015fman kesilmi\u015fken bir yandan da en zor \u00e2n\u0131nda s\u0131\u011f\u0131nd\u0131\u011f\u0131 intikam tanr\u0131s\u0131 Anka onu tamamen ele ge\u00e7irmeye \u00e7al\u0131\u015f\u0131yordu. Anka\u2019n\u0131n etkisiyle ba\u015fa \u00e7\u0131kmaya \u00e7al\u0131\u015fan Rin ise afyon ba\u011f\u0131ml\u0131l\u0131\u011f\u0131n\u0131n pen\u00e7esindeydi.Rin\u2019in art\u0131k tek bir amac\u0131 vard\u0131: \u00dclkesini satan \u0130mparatori\u00e7e\u2019den intikam almak. Bu u\u011furda i\u015fbirli\u011fi yapmayaca\u011f\u0131 kimse yoktu. Ve Ejderha Sava\u015f Lordu, \u0130mparatori\u00e7e\u2019yi taht\u0131ndan indirip Nikan\u2019a demokrasi getirme plan\u0131n\u0131 a\u00e7\u0131klad\u0131\u011f\u0131nda, Rin u\u011fruna sava\u015faca\u011f\u0131 yeni bir gaye edinecekti. Ne de olsa, sava\u015fmak Rin\u2019in bildi\u011fi tek \u015feydi.\u0130\u015fgal Sona Ermi\u015fti. Ancak As\u0131l Sava\u015f Daha Yeni Ba\u015fl\u0131yordu.\u201cFantastik edebiyat\u0131n ola\u011fan\u00fcst\u00fc yeni kalemi.\u201d \u2013Peter V. Brett\u201cYenileyici, \u015fa\u015f\u0131rt\u0131c\u0131 bir hik\u00e2ye. Her \u015feyi kontrol eden g\u00f6r\u00fcnmez Anka ate\u015f tanr\u0131s\u0131 da cabas\u0131. Fantazyan\u0131n ufku i\u015fte b\u00f6yle geni\u015fletilir!\u201d \u2013Wired\u201cHa\u015fha\u015f Sava\u015f\u0131\u2019n\u0131n bu m\u00fcthi\u015f devam kitab\u0131nda intikam, dostluk ve g\u00fcce dair yolculuk devam ediyor. Kuang\u2019\u0131n yaratt\u0131\u011f\u0131 karakterin maceras\u0131 unutulmaz.\u201d \u2013Library Journal\u201cKuang\u2019\u0131n karakterleri fazlas\u0131yla ilgi \u00e7ekici ve kitab\u0131 bitirdi\u011fimde onlar\u0131 d\u00fc\u015f\u00fcnmeye devam ettim. Kesinlikle tavsiye ederim.\u201d \u2013Rick Riordan<\/p>\n","protected":false},"excerpt":{"rendered":"<p>\u00c7in\u2019in kanl\u0131 yirminci y\u00fczy\u0131l\u0131ndan ilham alan, ihanet ve b\u00fcy\u00fc dolu Ha\u015fha\u015f Sava\u015f\u0131 serisi, ikinci kitab\u0131yla devam ediyor.Rin, Anka\u2019n\u0131n g\u00fcc\u00fcn\u00fc kullanarak Mugen Federasyonu\u2019nu yok etmi\u015fti. Ancak ger\u00e7ekle\u015ftirdi\u011fi<span class=\"excerpt-hellip\"> [\u2026]<\/span><\/p>\n","protected":false},"featured_media":0,"template":"","meta":{"_monsterinsights_skip_tracking":false,"_monsterinsights_sitenote_active":false,"_monsterinsights_sitenote_note":"","_monsterinsights_sitenote_category":0},"product_brand":[],"product_cat":[12291,12711],"product_tag":[],"class_list":{"0":"post-740958","1":"product","2":"type-product","3":"status-publish","5":"product_cat-edebiyat","6":"product_cat-roman-oyku","7":"pa_cilt-ciltli","8":"pa_tur-kitap","9":"pa_yayinevi-ithaki-yayinlari","10":"pa_yazar-r-f-kuang","12":"first","13":"instock","14":"sale","15":"shipping-taxable","16":"purchasable","17":"product-type-simple"},"_links":{"self":[{"href":"https:\/\/roveyayinevi.com.tr\/index.php\/wp-json\/wp\/v2\/product\/740958","targetHints":{"allow":["GET"]}}],"collection":[{"href":"https:\/\/roveyayinevi.com.tr\/index.php\/wp-json\/wp\/v2\/product"}],"about":[{"href":"https:\/\/roveyayinevi.com.tr\/index.php\/wp-json\/wp\/v2\/types\/product"}],"wp:attachment":[{"href":"https:\/\/roveyayinevi.com.tr\/index.php\/wp-json\/wp\/v2\/media?parent=740958"}],"wp:term":[{"taxonomy":"product_brand","embeddable":true,"href":"https:\/\/roveyayinevi.com.tr\/index.php\/wp-json\/wp\/v2\/product_brand?post=740958"},{"taxonomy":"product_cat","embeddable":true,"href":"https:\/\/roveyayinevi.com.tr\/index.php\/wp-json\/wp\/v2\/product_cat?post=740958"},{"taxonomy":"product_tag","embeddable":true,"href":"https:\/\/roveyayinevi.com.tr\/index.php\/wp-json\/wp\/v2\/product_tag?post=740958"}],"curies":[{"name":"wp","href":"https:\/\/api.w.org\/{rel}","templated":true}]}}