{"id":740956,"date":"2025-08-28T00:38:35","date_gmt":"2025-08-27T21:38:35","guid":{"rendered":"https:\/\/roveyayinevi.com.tr\/index.php\/urun\/essex-yilani\/"},"modified":"2026-04-16T02:52:08","modified_gmt":"2026-04-15T23:52:08","slug":"essex-yilani","status":"publish","type":"product","link":"https:\/\/roveyayinevi.com.tr\/index.php\/urun\/essex-yilani\/","title":{"rendered":"Essex Y\u0131lan\u0131"},"content":{"rendered":"<p>\u2022 Britanya Kitap \u00d6d\u00fcl\u00fc Kazanan\u0131\u2022 New York Times Y\u0131l\u0131n En Dikkate De\u011fer Kitab\u0131\u2022 Costa Kitap \u00d6d\u00fcl\u00fc FinalistiCora Seaborne bask\u0131c\u0131 kocas\u0131n\u0131n \u00f6l\u00fcm\u00fcn\u00fcn ard\u0131ndan \u00fcz\u00fcld\u00fc\u011f\u00fc kadar rahatlam\u0131\u015ft\u0131 da: Ola\u011fan\u00fcst\u00fc bir zek\u00e2ya ve bitmez bir meraka sahip Cora, zoraki uyum sa\u011flad\u0131\u011f\u0131 sosyeteye uygun e\u015f rol\u00fcnden sonunda kurtulmu\u015ftu. Her \u015feyi arkas\u0131nda b\u0131rakma \u00fcmidiyle on bir ya\u015f\u0131ndaki o\u011flu Francis ve dad\u0131 Martha\u2019yla beraber Londra\u2019dan ayr\u0131l\u0131p Essex k\u0131y\u0131lar\u0131n\u0131 ziyaret edecekti.Essex\u2019teyse bir s\u00f6ylenti alm\u0131\u015f ba\u015f\u0131n\u0131 gidiyordu: Batakl\u0131klarda insan kan\u0131na susam\u0131\u015f korkun\u00e7 bir yarat\u0131\u011f\u0131n dola\u015ft\u0131\u011f\u0131na dair dedikodular vard\u0131. Rivayete g\u00f6re efsanevi Essex Y\u0131lan\u0131 \u00fc\u00e7 y\u00fcz y\u0131l sonra geri gelmi\u015f ve Y\u0131lba\u015f\u0131 gecesinde gen\u00e7 bir adam\u0131 \u00f6ld\u00fcrm\u00fc\u015ft\u00fc. Bat\u0131l inan\u00e7lara tahamm\u00fcl\u00fc olmayan amat\u00f6r do\u011fabilimci Cora, duyduklar\u0131 kar\u015f\u0131s\u0131nda b\u00fcy\u00fclenmi\u015fti. Yerel halk\u0131n do\u011fa\u00fcst\u00fc bir deniz canavar\u0131 oldu\u011funu d\u00fc\u015f\u00fcnd\u00fc\u011f\u00fc \u015feyin, hen\u00fcz ke\u015ffedilmemi\u015f bir t\u00fcr \u00e7\u0131kaca\u011f\u0131ndan emindi. B\u00f6lgenin papaz\u0131 William Ransome\u2019la tan\u0131\u015ft\u0131r\u0131lmas\u0131n\u0131n ard\u0131ndan hi\u00e7bir konuda anla\u015famayan bu iki z\u0131t insan, k\u0131sa s\u00fcrede kendilerini amans\u0131zca birbirine \u00e7ekilmi\u015f bulacaklard\u0131.Sarah Perry\u2019nin ger\u00e7ek olaylardan esinlenen ve on dokuzuncu y\u00fczy\u0131l\u0131n sonunda ge\u00e7en roman\u0131, Essex ve Londra, mit ve modernite aras\u0131nda gidip geliyor. Cora Seaborne\u2019un Essex Y\u0131lan\u0131\u2019n\u0131 co\u015fkulu aray\u0131\u015f\u0131, \u00e7evresindekileri de bilimsel ilerleme \u00e7a\u011f\u0131nda inanca veya akla olan ba\u011fl\u0131l\u0131klar\u0131n\u0131 s\u0131namaya te\u015fvik etmekle kalm\u0131yor, a\u015fk\u0131n, dostlu\u011fun ve sadakatin s\u0131n\u0131rlar\u0131 da tekrar tekrar \u00e7iziliyor.\u201cKeyifli bir roman. \u00c7ok yetenekli bir yazar\u0131n elinden \u00e7\u0131km\u0131\u015f, zek\u00e2 dolu ve b\u00fcy\u00fcleyici bir eser.\u201d \u2013Sarah Waters\u201cK\u0131smen hayalet hik\u00e2yesi, k\u0131smen do\u011fa tarihi dersi, k\u0131smen romantik, k\u0131smen feminist bir masal.\u201d \u2013New York Times\u201cKar\u015f\u0131 konulamaz bir roman\u2026 Gurur ve \u00d6nyarg\u0131\u2019daki Elizabeth Bennet\u2019tan bu yana en keyifli kad\u0131n kahraman\u2026\u201d \u2013Washington Post<\/p>\n","protected":false},"excerpt":{"rendered":"<p>\u2022 Britanya Kitap \u00d6d\u00fcl\u00fc Kazanan\u0131\u2022 New York Times Y\u0131l\u0131n En Dikkate De\u011fer Kitab\u0131\u2022 Costa Kitap \u00d6d\u00fcl\u00fc FinalistiCora Seaborne bask\u0131c\u0131 kocas\u0131n\u0131n \u00f6l\u00fcm\u00fcn\u00fcn ard\u0131ndan \u00fcz\u00fcld\u00fc\u011f\u00fc kadar rahatlam\u0131\u015ft\u0131 da:<span class=\"excerpt-hellip\"> [\u2026]<\/span><\/p>\n","protected":false},"featured_media":0,"template":"","meta":{"_monsterinsights_skip_tracking":false,"_monsterinsights_sitenote_active":false,"_monsterinsights_sitenote_note":"","_monsterinsights_sitenote_category":0},"product_brand":[],"product_cat":[12291,12711],"product_tag":[],"class_list":{"0":"post-740956","1":"product","2":"type-product","3":"status-publish","5":"product_cat-edebiyat","6":"product_cat-roman-oyku","7":"pa_cilt-ciltsiz","8":"pa_tur-kitap","9":"pa_yayinevi-ithaki-yayinlari","10":"pa_yazar-sarah-perry","12":"first","13":"instock","14":"sale","15":"shipping-taxable","16":"purchasable","17":"product-type-simple"},"_links":{"self":[{"href":"https:\/\/roveyayinevi.com.tr\/index.php\/wp-json\/wp\/v2\/product\/740956","targetHints":{"allow":["GET"]}}],"collection":[{"href":"https:\/\/roveyayinevi.com.tr\/index.php\/wp-json\/wp\/v2\/product"}],"about":[{"href":"https:\/\/roveyayinevi.com.tr\/index.php\/wp-json\/wp\/v2\/types\/product"}],"wp:attachment":[{"href":"https:\/\/roveyayinevi.com.tr\/index.php\/wp-json\/wp\/v2\/media?parent=740956"}],"wp:term":[{"taxonomy":"product_brand","embeddable":true,"href":"https:\/\/roveyayinevi.com.tr\/index.php\/wp-json\/wp\/v2\/product_brand?post=740956"},{"taxonomy":"product_cat","embeddable":true,"href":"https:\/\/roveyayinevi.com.tr\/index.php\/wp-json\/wp\/v2\/product_cat?post=740956"},{"taxonomy":"product_tag","embeddable":true,"href":"https:\/\/roveyayinevi.com.tr\/index.php\/wp-json\/wp\/v2\/product_tag?post=740956"}],"curies":[{"name":"wp","href":"https:\/\/api.w.org\/{rel}","templated":true}]}}