{"id":740953,"date":"2025-08-28T00:38:31","date_gmt":"2025-08-27T21:38:31","guid":{"rendered":"https:\/\/roveyayinevi.com.tr\/index.php\/urun\/umut-edenin-becerisi\/"},"modified":"2026-04-16T02:52:08","modified_gmt":"2026-04-15T23:52:08","slug":"umut-edenin-becerisi","status":"publish","type":"product","link":"https:\/\/roveyayinevi.com.tr\/index.php\/urun\/umut-edenin-becerisi\/","title":{"rendered":"Umut Edenin Becerisi"},"content":{"rendered":"<p>Destans\u0131 bir umuttu bizimki \u00d6yle biri vard\u0131, \u00f6yle iyi umut ederdi ki Ger\u00e7ekle\u015fmesi, umut edenin becerisi Desinler \u00f6yle g\u00fczel dilerdi ki Dile\u011fi, g\u00fcndelik i\u015fler gibi belirirdi. \u00d6yle iyi dua ederdi ki duan\u0131n kabul s\u00fcresi Tanr\u0131n\u0131n i\u015fitme s\u00fcresinden k\u0131sa  Desinler hi\u00e7 olmazsa  \u00c7ocuklar\u0131n \u00f6l\u00fcm\u00fcne g\u00f6z yummayan Desinler \u00f6yle bir tanr\u0131yd\u0131 ki&#8230;   Destans\u0131 bir umuttu bizimki Ger\u00e7ekle\u015fmesi, umut edenin becerisi.<\/p>\n","protected":false},"excerpt":{"rendered":"<p>Destans\u0131 bir umuttu bizimki \u00d6yle biri vard\u0131, \u00f6yle iyi umut ederdi ki Ger\u00e7ekle\u015fmesi, umut edenin becerisi Desinler \u00f6yle g\u00fczel dilerdi ki Dile\u011fi, g\u00fcndelik i\u015fler gibi belirirdi.<span class=\"excerpt-hellip\"> [\u2026]<\/span><\/p>\n","protected":false},"featured_media":0,"template":"","meta":{"_monsterinsights_skip_tracking":false,"_monsterinsights_sitenote_active":false,"_monsterinsights_sitenote_note":"","_monsterinsights_sitenote_category":0},"product_brand":[],"product_cat":[12291,12509],"product_tag":[],"class_list":{"0":"post-740953","1":"product","2":"type-product","3":"status-publish","5":"product_cat-edebiyat","6":"product_cat-siir","7":"pa_cilt-ciltsiz","8":"pa_tur-kitap","9":"pa_yayinevi-luna-yayinlari","10":"pa_yazar-ekber-ipek","12":"first","13":"instock","14":"sale","15":"shipping-taxable","16":"purchasable","17":"product-type-simple"},"_links":{"self":[{"href":"https:\/\/roveyayinevi.com.tr\/index.php\/wp-json\/wp\/v2\/product\/740953","targetHints":{"allow":["GET"]}}],"collection":[{"href":"https:\/\/roveyayinevi.com.tr\/index.php\/wp-json\/wp\/v2\/product"}],"about":[{"href":"https:\/\/roveyayinevi.com.tr\/index.php\/wp-json\/wp\/v2\/types\/product"}],"wp:attachment":[{"href":"https:\/\/roveyayinevi.com.tr\/index.php\/wp-json\/wp\/v2\/media?parent=740953"}],"wp:term":[{"taxonomy":"product_brand","embeddable":true,"href":"https:\/\/roveyayinevi.com.tr\/index.php\/wp-json\/wp\/v2\/product_brand?post=740953"},{"taxonomy":"product_cat","embeddable":true,"href":"https:\/\/roveyayinevi.com.tr\/index.php\/wp-json\/wp\/v2\/product_cat?post=740953"},{"taxonomy":"product_tag","embeddable":true,"href":"https:\/\/roveyayinevi.com.tr\/index.php\/wp-json\/wp\/v2\/product_tag?post=740953"}],"curies":[{"name":"wp","href":"https:\/\/api.w.org\/{rel}","templated":true}]}}