{"id":740952,"date":"2025-08-28T00:38:29","date_gmt":"2025-08-27T21:38:29","guid":{"rendered":"https:\/\/roveyayinevi.com.tr\/index.php\/urun\/deniz-kizi-emily-ciltli\/"},"modified":"2026-04-08T03:00:06","modified_gmt":"2026-04-08T00:00:06","slug":"deniz-kizi-emily-ciltli","status":"publish","type":"product","link":"https:\/\/roveyayinevi.com.tr\/index.php\/urun\/deniz-kizi-emily-ciltli\/","title":{"rendered":"Deniz K\u0131z\u0131 Emily  (Ciltli)"},"content":{"rendered":"<p>Uluslararas\u0131 bestseller Deniz K\u0131z\u0131 Emily ile y\u00fcre\u011finizi \u0131s\u0131tacak, akl\u0131n\u0131zdan hi\u00e7 \u00e7\u0131kmayacak bir \u00f6yk\u00fcye haz\u0131r m\u0131s\u0131n\u0131z?   Annesi Emily&#8217;i 12 ya\u015f\u0131na kadar sudan uzak tutmaya \u00e7al\u0131\u015fm\u0131\u015ft\u0131r. Derken bir g\u00fcn k\u0131z\u0131n\u0131n y\u00fczme dersi almas\u0131na izin verir. Emily suyla bulu\u015ftu\u011fundaysa, \u00f6z\u00fcne ve hi\u00e7 tan\u0131\u015fmad\u0131\u011f\u0131 gizemli babas\u0131na dair pek \u00e7ok \u015fey ke\u015ffeder. \u00dcstelik sular\u0131n derinliklerinde Emily&#8217;i daha pek \u00e7ok s\u0131r beklemektedir.     \u201cM\u00fcthi\u015f bir yarat\u0131c\u0131l\u0131k, muazzam bir d\u00fcnya.\u201d                         -Daily Express   \u201cHem e\u011flenceli hem de \u00e7ok orijinal!\u201d             -Mizz   \u201c\u015ea\u015f\u0131rt\u0131c\u0131, \u015fiirsel ve kesinlikle \u00e7ok keyifli!\u201d -IndependentWeekly <\/p>\n","protected":false},"excerpt":{"rendered":"<p>Uluslararas\u0131 bestseller Deniz K\u0131z\u0131 Emily ile y\u00fcre\u011finizi \u0131s\u0131tacak, akl\u0131n\u0131zdan hi\u00e7 \u00e7\u0131kmayacak bir \u00f6yk\u00fcye haz\u0131r m\u0131s\u0131n\u0131z? Annesi Emily&#8217;i 12 ya\u015f\u0131na kadar sudan uzak tutmaya \u00e7al\u0131\u015fm\u0131\u015ft\u0131r. Derken bir<span class=\"excerpt-hellip\"> [\u2026]<\/span><\/p>\n","protected":false},"featured_media":0,"template":"","meta":{"_monsterinsights_skip_tracking":false,"_monsterinsights_sitenote_active":false,"_monsterinsights_sitenote_note":"","_monsterinsights_sitenote_category":0},"product_brand":[],"product_cat":[12291,12711],"product_tag":[],"class_list":{"0":"post-740952","1":"product","2":"type-product","3":"status-publish","5":"product_cat-edebiyat","6":"product_cat-roman-oyku","7":"pa_cilt-ciltli","8":"pa_tur-kitap","9":"pa_yayinevi-ephesus-yayinlari","10":"pa_yazar-liz-kessler","12":"first","13":"instock","14":"sale","15":"shipping-taxable","16":"purchasable","17":"product-type-simple"},"_links":{"self":[{"href":"https:\/\/roveyayinevi.com.tr\/index.php\/wp-json\/wp\/v2\/product\/740952","targetHints":{"allow":["GET"]}}],"collection":[{"href":"https:\/\/roveyayinevi.com.tr\/index.php\/wp-json\/wp\/v2\/product"}],"about":[{"href":"https:\/\/roveyayinevi.com.tr\/index.php\/wp-json\/wp\/v2\/types\/product"}],"wp:attachment":[{"href":"https:\/\/roveyayinevi.com.tr\/index.php\/wp-json\/wp\/v2\/media?parent=740952"}],"wp:term":[{"taxonomy":"product_brand","embeddable":true,"href":"https:\/\/roveyayinevi.com.tr\/index.php\/wp-json\/wp\/v2\/product_brand?post=740952"},{"taxonomy":"product_cat","embeddable":true,"href":"https:\/\/roveyayinevi.com.tr\/index.php\/wp-json\/wp\/v2\/product_cat?post=740952"},{"taxonomy":"product_tag","embeddable":true,"href":"https:\/\/roveyayinevi.com.tr\/index.php\/wp-json\/wp\/v2\/product_tag?post=740952"}],"curies":[{"name":"wp","href":"https:\/\/api.w.org\/{rel}","templated":true}]}}