{"id":740947,"date":"2025-08-28T00:38:24","date_gmt":"2025-08-27T21:38:24","guid":{"rendered":"https:\/\/roveyayinevi.com.tr\/index.php\/urun\/oguz-atay-yazi-eylemi-ve-oyun\/"},"modified":"2026-04-16T02:52:07","modified_gmt":"2026-04-15T23:52:07","slug":"oguz-atay-yazi-eylemi-ve-oyun","status":"publish","type":"product","link":"https:\/\/roveyayinevi.com.tr\/index.php\/urun\/oguz-atay-yazi-eylemi-ve-oyun\/","title":{"rendered":"O\u011fuz Atay \u2013 Yaz\u0131 Eylemi Ve Oyun"},"content":{"rendered":"<p>O\u011fuz Atay\u2019\u0131n yap\u0131tlar\u0131nda sakl\u0131 anlat\u0131 desenleri, yaz\u0131, oyun, eylem, vicdan, i\u00e7eri ve d\u0131\u015far\u0131 gibi s\u00f6zc\u00fckler etraf\u0131nda a\u00e7\u0131\u011fa \u00e7\u0131kar. Metinlerin i\u00e7erik ve bi\u00e7iminden daha eski b\u00f6yle desenleri birle\u015ftirdi\u011fimizde bir yazar\u0131n mizac\u0131na ve onun yap\u0131t\u0131na dair baz\u0131 ay\u0131rt edici k\u0131vr\u0131mlara ula\u015f\u0131r\u0131z. Yazar\u0131n kendisini tekrar ederken fark\u0131n\u0131 da dile getirdi\u011fi desenlerin etraf\u0131na anlat\u0131 d\u00fcnyas\u0131n\u0131n par\u00e7as\u0131 olaylar, eylemler, fiiller ve failler yerle\u015firler. T\u00fcm yap\u0131t\u0131n\u0131 kararl\u0131 bi\u00e7imde kat eden bu \u00e7izgiler sayesinde, yazar, anlat\u0131c\u0131 ve anlat\u0131 kahramanlar\u0131 yan\u0131nda anlat\u0131n\u0131n da ki\u015fili\u011fini, huylar\u0131n\u0131 ay\u0131rt edebiliriz. B\u00f6ylece yazar\u0131n kendine \u00f6zg\u00fc yollardan tasvir etti\u011fi bir edebi manzaradaki derinlikler ve y\u00fckseklikler ortaya \u00e7\u0131kar.   \u00d6zg\u00fcr Taburo\u011flu, O\u011fuz Atay\u2019\u0131 okurken yazar\u0131n ya\u015fam\u00f6yk\u00fcs\u00fcyle fazla ilgilenmeden, metinlerindeki temel izlekleri aralamay\u0131 deniyor. Eserlerindeki olay \u00f6rg\u00fclerine odaklanmadan, yaz\u0131lar\u0131nda sakl\u0131 yer ve zaman \u015fekillerini belirlemeye \u00e7al\u0131\u015f\u0131yor. Ya\u015fam\u0131 yaz\u0131s\u0131ndan ayr\u0131 olmayan bir yazar\u0131n resmini \u00e7iziyor. <\/p>\n","protected":false},"excerpt":{"rendered":"<p>O\u011fuz Atay\u2019\u0131n yap\u0131tlar\u0131nda sakl\u0131 anlat\u0131 desenleri, yaz\u0131, oyun, eylem, vicdan, i\u00e7eri ve d\u0131\u015far\u0131 gibi s\u00f6zc\u00fckler etraf\u0131nda a\u00e7\u0131\u011fa \u00e7\u0131kar. Metinlerin i\u00e7erik ve bi\u00e7iminden daha eski b\u00f6yle desenleri<span class=\"excerpt-hellip\"> [\u2026]<\/span><\/p>\n","protected":false},"featured_media":0,"template":"","meta":{"_monsterinsights_skip_tracking":false,"_monsterinsights_sitenote_active":false,"_monsterinsights_sitenote_note":"","_monsterinsights_sitenote_category":0},"product_brand":[],"product_cat":[18545,12291],"product_tag":[],"class_list":{"0":"post-740947","1":"product","2":"type-product","3":"status-publish","5":"product_cat-anlati","6":"product_cat-edebiyat","7":"pa_cilt-ciltsiz","8":"pa_tur-kitap","9":"pa_yayinevi-dogu-bati-yayinlari","10":"pa_yazar-ozgur-taburoglu","12":"first","13":"instock","14":"sale","15":"shipping-taxable","16":"purchasable","17":"product-type-simple"},"_links":{"self":[{"href":"https:\/\/roveyayinevi.com.tr\/index.php\/wp-json\/wp\/v2\/product\/740947","targetHints":{"allow":["GET"]}}],"collection":[{"href":"https:\/\/roveyayinevi.com.tr\/index.php\/wp-json\/wp\/v2\/product"}],"about":[{"href":"https:\/\/roveyayinevi.com.tr\/index.php\/wp-json\/wp\/v2\/types\/product"}],"wp:attachment":[{"href":"https:\/\/roveyayinevi.com.tr\/index.php\/wp-json\/wp\/v2\/media?parent=740947"}],"wp:term":[{"taxonomy":"product_brand","embeddable":true,"href":"https:\/\/roveyayinevi.com.tr\/index.php\/wp-json\/wp\/v2\/product_brand?post=740947"},{"taxonomy":"product_cat","embeddable":true,"href":"https:\/\/roveyayinevi.com.tr\/index.php\/wp-json\/wp\/v2\/product_cat?post=740947"},{"taxonomy":"product_tag","embeddable":true,"href":"https:\/\/roveyayinevi.com.tr\/index.php\/wp-json\/wp\/v2\/product_tag?post=740947"}],"curies":[{"name":"wp","href":"https:\/\/api.w.org\/{rel}","templated":true}]}}