{"id":740943,"date":"2025-08-28T00:38:19","date_gmt":"2025-08-27T21:38:19","guid":{"rendered":"https:\/\/roveyayinevi.com.tr\/index.php\/urun\/cayir-kusu-hophop-kisin-kurtaricisi\/"},"modified":"2026-04-15T03:02:50","modified_gmt":"2026-04-15T00:02:50","slug":"cayir-kusu-hophop-kisin-kurtaricisi","status":"publish","type":"product","link":"https:\/\/roveyayinevi.com.tr\/index.php\/urun\/cayir-kusu-hophop-kisin-kurtaricisi\/","title":{"rendered":"\u00c7ay\u0131r Ku\u015fu Hophop K\u0131\u015f\u0131n Kurtar\u0131c\u0131s\u0131"},"content":{"rendered":"<p>Macera, k\u00fcresel iklim de\u011fi\u015fikli\u011fiyle m\u00fccadeleyle devam ediyor! K\u0131\u015f bir t\u00fcrl\u00fc gelmek bilmezse ne olur? Mevsimlerin dengesi \u015fa\u015farsa, buzullar erirse, denizler \u0131s\u0131n\u0131rsa canl\u0131lar\u0131n ba\u015f\u0131na neler gelir? Bu sorular\u0131 yan\u0131tlamaktan ka\u00e7an, daha k\u00f6t\u00fcs\u00fc bu sorunlara neden olan insanlardan \u00f6nce Hophop ve arkada\u015flar\u0131 kollar\u0131 s\u0131vay\u0131p gezegenimizi bir felaketten kurtar\u0131yor. Serinin ikinci kitab\u0131nda, zeki mi zeki bir yavru \u00e7ay\u0131r ku\u015fu, kabu\u011fu kitaplarla dolu \u00e7evik bir salyangoz ve vejetaryen bir bayku\u015f, Alex Donovici&#8217;nin anlat\u0131m\u0131, Stela Damaschin-Popa&#8217;n\u0131n \u00e7izimleriyle minik okuyucular\u0131 dev bir maceraya davet ediyor.<\/p>\n","protected":false},"excerpt":{"rendered":"<p>Macera, k\u00fcresel iklim de\u011fi\u015fikli\u011fiyle m\u00fccadeleyle devam ediyor! K\u0131\u015f bir t\u00fcrl\u00fc gelmek bilmezse ne olur? Mevsimlerin dengesi \u015fa\u015farsa, buzullar erirse, denizler \u0131s\u0131n\u0131rsa canl\u0131lar\u0131n ba\u015f\u0131na neler gelir? Bu<span class=\"excerpt-hellip\"> [\u2026]<\/span><\/p>\n","protected":false},"featured_media":0,"template":"","meta":{"_monsterinsights_skip_tracking":false,"_monsterinsights_sitenote_active":false,"_monsterinsights_sitenote_note":"","_monsterinsights_sitenote_category":0},"product_brand":[],"product_cat":[12274,12284],"product_tag":[],"class_list":{"0":"post-740943","1":"product","2":"type-product","3":"status-publish","5":"product_cat-cocuk-ve-genclik-kitaplari","6":"product_cat-hikayeler","7":"pa_cilt-ciltsiz","8":"pa_tur-kitap","9":"pa_yayinevi-hayalkurdu","10":"pa_yazar-alex-donovici","12":"first","13":"instock","14":"sale","15":"shipping-taxable","16":"purchasable","17":"product-type-simple"},"_links":{"self":[{"href":"https:\/\/roveyayinevi.com.tr\/index.php\/wp-json\/wp\/v2\/product\/740943","targetHints":{"allow":["GET"]}}],"collection":[{"href":"https:\/\/roveyayinevi.com.tr\/index.php\/wp-json\/wp\/v2\/product"}],"about":[{"href":"https:\/\/roveyayinevi.com.tr\/index.php\/wp-json\/wp\/v2\/types\/product"}],"wp:attachment":[{"href":"https:\/\/roveyayinevi.com.tr\/index.php\/wp-json\/wp\/v2\/media?parent=740943"}],"wp:term":[{"taxonomy":"product_brand","embeddable":true,"href":"https:\/\/roveyayinevi.com.tr\/index.php\/wp-json\/wp\/v2\/product_brand?post=740943"},{"taxonomy":"product_cat","embeddable":true,"href":"https:\/\/roveyayinevi.com.tr\/index.php\/wp-json\/wp\/v2\/product_cat?post=740943"},{"taxonomy":"product_tag","embeddable":true,"href":"https:\/\/roveyayinevi.com.tr\/index.php\/wp-json\/wp\/v2\/product_tag?post=740943"}],"curies":[{"name":"wp","href":"https:\/\/api.w.org\/{rel}","templated":true}]}}