{"id":740942,"date":"2025-08-28T00:38:18","date_gmt":"2025-08-27T21:38:18","guid":{"rendered":"https:\/\/roveyayinevi.com.tr\/index.php\/urun\/cayir-kusu-hophop-imkansiz-diye-bir-sey-yok\/"},"modified":"2026-04-15T03:02:50","modified_gmt":"2026-04-15T00:02:50","slug":"cayir-kusu-hophop-imkansiz-diye-bir-sey-yok","status":"publish","type":"product","link":"https:\/\/roveyayinevi.com.tr\/index.php\/urun\/cayir-kusu-hophop-imkansiz-diye-bir-sey-yok\/","title":{"rendered":"\u00c7ay\u0131r Ku\u015fu Hophop \u0130mkans\u0131z Diye Bir \u015eey Yok"},"content":{"rendered":"<p>Kanats\u0131z ve k\u0131sa bacaklarla do\u011fmu\u015f di\u015fi bir yavru \u00e7ay\u0131r ku\u015funun ormandaki t\u00fcm canl\u0131lar\u0131 kurtard\u0131\u011f\u0131na inanabilir misiniz? \u00c7ocuklar, Alex Donovici&#8217;nin kaleminden \u00e7\u0131kan bu s\u0131cac\u0131k \u00f6yk\u00fcde, zorluklarla ba\u015fa \u00e7\u0131kmada sevginin, dayan\u0131\u015fman\u0131n ve vazge\u00e7memenin \u00f6nemini y\u00fcreklerinde hissedecekler. IBBY Onur \u00d6d\u00fcl\u00fc ba\u015fta olmak \u00fczere pek \u00e7ok \u00f6d\u00fcle de\u011fer g\u00f6r\u00fclen ill\u00fcstrat\u00f6r Stela Damaschin-Popa&#8217;n\u0131n muhte\u015fem \u00e7izimleriyle yepyeni bir &#8220;s\u00fcper kahramanla tan\u0131\u015fmaya haz\u0131r olun..<\/p>\n","protected":false},"excerpt":{"rendered":"<p>Kanats\u0131z ve k\u0131sa bacaklarla do\u011fmu\u015f di\u015fi bir yavru \u00e7ay\u0131r ku\u015funun ormandaki t\u00fcm canl\u0131lar\u0131 kurtard\u0131\u011f\u0131na inanabilir misiniz? \u00c7ocuklar, Alex Donovici&#8217;nin kaleminden \u00e7\u0131kan bu s\u0131cac\u0131k \u00f6yk\u00fcde, zorluklarla ba\u015fa<span class=\"excerpt-hellip\"> [\u2026]<\/span><\/p>\n","protected":false},"featured_media":0,"template":"","meta":{"_monsterinsights_skip_tracking":false,"_monsterinsights_sitenote_active":false,"_monsterinsights_sitenote_note":"","_monsterinsights_sitenote_category":0},"product_brand":[],"product_cat":[12274,12284],"product_tag":[],"class_list":{"0":"post-740942","1":"product","2":"type-product","3":"status-publish","5":"product_cat-cocuk-ve-genclik-kitaplari","6":"product_cat-hikayeler","7":"pa_cilt-ciltsiz","8":"pa_tur-kitap","9":"pa_yayinevi-hayalkurdu","10":"pa_yazar-alex-donovici","12":"first","13":"instock","14":"sale","15":"shipping-taxable","16":"purchasable","17":"product-type-simple"},"_links":{"self":[{"href":"https:\/\/roveyayinevi.com.tr\/index.php\/wp-json\/wp\/v2\/product\/740942","targetHints":{"allow":["GET"]}}],"collection":[{"href":"https:\/\/roveyayinevi.com.tr\/index.php\/wp-json\/wp\/v2\/product"}],"about":[{"href":"https:\/\/roveyayinevi.com.tr\/index.php\/wp-json\/wp\/v2\/types\/product"}],"wp:attachment":[{"href":"https:\/\/roveyayinevi.com.tr\/index.php\/wp-json\/wp\/v2\/media?parent=740942"}],"wp:term":[{"taxonomy":"product_brand","embeddable":true,"href":"https:\/\/roveyayinevi.com.tr\/index.php\/wp-json\/wp\/v2\/product_brand?post=740942"},{"taxonomy":"product_cat","embeddable":true,"href":"https:\/\/roveyayinevi.com.tr\/index.php\/wp-json\/wp\/v2\/product_cat?post=740942"},{"taxonomy":"product_tag","embeddable":true,"href":"https:\/\/roveyayinevi.com.tr\/index.php\/wp-json\/wp\/v2\/product_tag?post=740942"}],"curies":[{"name":"wp","href":"https:\/\/api.w.org\/{rel}","templated":true}]}}