{"id":740941,"date":"2025-08-28T00:38:16","date_gmt":"2025-08-27T21:38:16","guid":{"rendered":"https:\/\/roveyayinevi.com.tr\/index.php\/urun\/bonnie-ile-mortimer-kantindeyiz\/"},"modified":"2026-04-05T02:57:03","modified_gmt":"2026-04-04T23:57:03","slug":"bonnie-ile-mortimer-kantindeyiz","status":"publish","type":"product","link":"https:\/\/roveyayinevi.com.tr\/index.php\/urun\/bonnie-ile-mortimer-kantindeyiz\/","title":{"rendered":"Bonnie ile Mortimer Kantindeyiz"},"content":{"rendered":"<p>Ele avuca s\u0131\u011fmaz ikili &#8220;kereviz&#8221; Bonnie ile &#8220;kay\u0131s\u0131&#8221; Mortimer&#8217;in hem sevmedikleri yemeklerle hem de okul kantinindeki lezzetlerle s\u0131nav\u0131!B\u00fcy\u00fck muhabirler Bonnie ile Mortimer okul kantininde bir ara\u015ft\u0131rmaya giri\u015ftiklerinde boylar\u0131n\u0131 a\u015facak (Evet, Bonnie&#8217;nin uzun boyunu bile!) bir maceraya dalacaklar\u0131n\u0131n fark\u0131nda de\u011fildi. Kendilerini birdenbire \u00fclke \u00e7ap\u0131nda bir gizemin ortas\u0131nda bulan ikili bakal\u0131m bu i\u015fin alt\u0131ndan kalkabilecek mi?<\/p>\n","protected":false},"excerpt":{"rendered":"<p>Ele avuca s\u0131\u011fmaz ikili &#8220;kereviz&#8221; Bonnie ile &#8220;kay\u0131s\u0131&#8221; Mortimer&#8217;in hem sevmedikleri yemeklerle hem de okul kantinindeki lezzetlerle s\u0131nav\u0131!B\u00fcy\u00fck muhabirler Bonnie ile Mortimer okul kantininde bir ara\u015ft\u0131rmaya<span class=\"excerpt-hellip\"> [\u2026]<\/span><\/p>\n","protected":false},"featured_media":0,"template":"","meta":{"_monsterinsights_skip_tracking":false,"_monsterinsights_sitenote_active":false,"_monsterinsights_sitenote_note":"","_monsterinsights_sitenote_category":0},"product_brand":[],"product_cat":[12274,12284],"product_tag":[],"class_list":{"0":"post-740941","1":"product","2":"type-product","3":"status-publish","5":"product_cat-cocuk-ve-genclik-kitaplari","6":"product_cat-hikayeler","7":"pa_cilt-ciltsiz","8":"pa_tur-kitap","9":"pa_yayinevi-hayalkurdu","10":"pa_yazar-agnes-cathala","12":"first","13":"instock","14":"sale","15":"shipping-taxable","16":"purchasable","17":"product-type-simple"},"_links":{"self":[{"href":"https:\/\/roveyayinevi.com.tr\/index.php\/wp-json\/wp\/v2\/product\/740941","targetHints":{"allow":["GET"]}}],"collection":[{"href":"https:\/\/roveyayinevi.com.tr\/index.php\/wp-json\/wp\/v2\/product"}],"about":[{"href":"https:\/\/roveyayinevi.com.tr\/index.php\/wp-json\/wp\/v2\/types\/product"}],"wp:attachment":[{"href":"https:\/\/roveyayinevi.com.tr\/index.php\/wp-json\/wp\/v2\/media?parent=740941"}],"wp:term":[{"taxonomy":"product_brand","embeddable":true,"href":"https:\/\/roveyayinevi.com.tr\/index.php\/wp-json\/wp\/v2\/product_brand?post=740941"},{"taxonomy":"product_cat","embeddable":true,"href":"https:\/\/roveyayinevi.com.tr\/index.php\/wp-json\/wp\/v2\/product_cat?post=740941"},{"taxonomy":"product_tag","embeddable":true,"href":"https:\/\/roveyayinevi.com.tr\/index.php\/wp-json\/wp\/v2\/product_tag?post=740941"}],"curies":[{"name":"wp","href":"https:\/\/api.w.org\/{rel}","templated":true}]}}