{"id":740938,"date":"2025-08-28T00:38:12","date_gmt":"2025-08-27T21:38:12","guid":{"rendered":"https:\/\/roveyayinevi.com.tr\/index.php\/urun\/hayat-sanat-durumlar-anlar\/"},"modified":"2026-04-16T02:52:07","modified_gmt":"2026-04-15T23:52:07","slug":"hayat-sanat-durumlar-anlar","status":"publish","type":"product","link":"https:\/\/roveyayinevi.com.tr\/index.php\/urun\/hayat-sanat-durumlar-anlar\/","title":{"rendered":"Hayat Sanat Durumlar Anlar"},"content":{"rendered":"<p>Hayat Sanat Durumlar Anlar Kitap A\u00e7\u0131klamas\u0131Yaz\u0131s\u0131z karikat\u00fcr\u00fcn T\u00fcrkiye\u2019deki usta isimlerinden, ulusal ve uluslararas\u0131 yar\u0131\u015fmalarda \u00e7e\u015fitli \u00f6d\u00fcllere de\u011fer g\u00f6r\u00fclen Mustafa Bilgin\u2019in \u201cHayat Sanat Durumlar An\u0131lar\u201d adl\u0131 karikat\u00fcr alb\u00fcm\u00fc yay\u0131mland\u0131.Sanat\u00e7\u0131, kitab\u0131n \u00f6ns\u00f6z\u00fcnde \u015f\u00f6yle diyor:\u201cDaha \u00e7ok yar\u0131\u015fmalarda, sergilerde kar\u015f\u0131la\u015ft\u0131\u011f\u0131m\u0131z yaz\u0131s\u0131z karikat\u00fcr\u00fcn, insan\u0131n ya\u015fad\u0131\u011f\u0131 her co\u011frafyada, \u00fczerinden on y\u0131llar ge\u00e7se de anlam\u0131n\u0131 yitirmemesi gibi bir g\u00fczelli\u011fi vard\u0131r. Evrensel kimlik kazanm\u0131\u015f bu t\u00fcr karikat\u00fcrleri insan\u0131n \u00e7er\u00e7eveletip duvara asas\u0131 gelir.Yaz\u0131l\u0131 karikat\u00fcr gibi esprisini haz\u0131rlop sunmaz, okuyucusundan, izleyicisinden d\u00fc\u015f\u00fcnsel kat\u0131l\u0131m gereksinir, b\u00f6ylece \u2018sanat yolculu\u011funu\u2019 tamamlar.\u201d<\/p>\n","protected":false},"excerpt":{"rendered":"<p>Hayat Sanat Durumlar Anlar Kitap A\u00e7\u0131klamas\u0131Yaz\u0131s\u0131z karikat\u00fcr\u00fcn T\u00fcrkiye\u2019deki usta isimlerinden, ulusal ve uluslararas\u0131 yar\u0131\u015fmalarda \u00e7e\u015fitli \u00f6d\u00fcllere de\u011fer g\u00f6r\u00fclen Mustafa Bilgin\u2019in \u201cHayat Sanat Durumlar An\u0131lar\u201d adl\u0131 karikat\u00fcr<span class=\"excerpt-hellip\"> [\u2026]<\/span><\/p>\n","protected":false},"featured_media":0,"template":"","meta":{"_monsterinsights_skip_tracking":false,"_monsterinsights_sitenote_active":false,"_monsterinsights_sitenote_note":"","_monsterinsights_sitenote_category":0},"product_brand":[],"product_cat":[12291,49405],"product_tag":[],"class_list":{"0":"post-740938","1":"product","2":"type-product","3":"status-publish","5":"product_cat-edebiyat","6":"product_cat-karikatur","7":"pa_cilt-ciltsiz","8":"pa_tur-kitap","9":"pa_yayinevi-kaynak-yayinlari","10":"pa_yazar-mustafa-bilgin","12":"first","13":"instock","14":"sale","15":"shipping-taxable","16":"purchasable","17":"product-type-simple"},"_links":{"self":[{"href":"https:\/\/roveyayinevi.com.tr\/index.php\/wp-json\/wp\/v2\/product\/740938","targetHints":{"allow":["GET"]}}],"collection":[{"href":"https:\/\/roveyayinevi.com.tr\/index.php\/wp-json\/wp\/v2\/product"}],"about":[{"href":"https:\/\/roveyayinevi.com.tr\/index.php\/wp-json\/wp\/v2\/types\/product"}],"wp:attachment":[{"href":"https:\/\/roveyayinevi.com.tr\/index.php\/wp-json\/wp\/v2\/media?parent=740938"}],"wp:term":[{"taxonomy":"product_brand","embeddable":true,"href":"https:\/\/roveyayinevi.com.tr\/index.php\/wp-json\/wp\/v2\/product_brand?post=740938"},{"taxonomy":"product_cat","embeddable":true,"href":"https:\/\/roveyayinevi.com.tr\/index.php\/wp-json\/wp\/v2\/product_cat?post=740938"},{"taxonomy":"product_tag","embeddable":true,"href":"https:\/\/roveyayinevi.com.tr\/index.php\/wp-json\/wp\/v2\/product_tag?post=740938"}],"curies":[{"name":"wp","href":"https:\/\/api.w.org\/{rel}","templated":true}]}}