{"id":740937,"date":"2025-08-28T00:38:11","date_gmt":"2025-08-27T21:38:11","guid":{"rendered":"https:\/\/roveyayinevi.com.tr\/index.php\/urun\/derin-lacivert\/"},"modified":"2026-04-16T02:52:07","modified_gmt":"2026-04-15T23:52:07","slug":"derin-lacivert","status":"publish","type":"product","link":"https:\/\/roveyayinevi.com.tr\/index.php\/urun\/derin-lacivert\/","title":{"rendered":"Derin Lacivert"},"content":{"rendered":"<p>Orhan Ba\u015far&#8217;\u0131 babam (Merhum) Halit G\u00fcrdeniz&#8217;in DB Deniz Nakliyat T.A.\u015e. Tefti\u015f Kurulundan yak\u0131n bir arkada\u015f\u0131 olarak 70&#8217;li y\u0131llarda tan\u0131d\u0131m. Gen\u00e7lik haf\u0131zamda, her y\u00f6n\u00fcyle deniz ve denizcilik k\u00fclt\u00fcr\u00fcyle b\u00fct\u00fcnle\u015fmi\u015f amat\u00f6r bir denizci ve m\u00fcmtaz bir b\u00fcrokrat olarak yerini ald\u0131. Akan y\u0131llar i\u00e7inde kopmad\u0131k. Onun yelkenci, k\u00fcrek\u00e7i, dalg\u0131\u00e7, bal\u0131k\u00e7\u0131 ve \u00e7evreci ki\u015fili\u011fiyle nak\u0131\u015f gibi i\u015flenen hayat\u0131, denizci T\u00fcrkiye idealimizde yakalamak istedi\u011fimiz \u00f6rnek insan tiplemesinin bir yans\u0131mas\u0131d\u0131r. Ke\u015fke Orhan Ba\u015far&#8217;lar milyonlarca olsa. Ke\u015fke onun gibi denizi, denizcili\u011fi, bal\u0131klar\u0131, do\u011fay\u0131 k\u0131saca derin laciverti sevenler bu g\u00fczel \u00fclkede \u00e7o\u011fun-luk k\u00fclt\u00fcr\u00fcn\u00fc temsil edebilse. Elinizde tuttu\u011funuz bu kitap her boyutuyla denize nas\u0131l a\u015f\u0131k olunaca\u011f\u0131n\u0131 anlat\u0131r.Cem G\u00fcrdeniz (E. T\u00fcmamiral)Engin hayat tecr\u00fcbesine sahip ki\u015filere &#8220;derya gibi adam&#8221; derler. Orhan Ba\u015far hem derya hem deniz gibi bir adam. Deniz i\u00e7ine i\u015flemi\u015f, o da denizin i\u00e7ine&#8230; (Bir \u00f6m\u00fcr, amma ne \u00f6m\u00fcr!) Kitab\u0131 okurken sizinle dald\u0131k denizlerin derinlerdeki &#8220;uzaklar&#8221;\u0131- na; sizinle \u00e7\u0131kt\u0131k suyun nefes al\u0131nas\u0131 y\u00fczeyine ve sizinle &#8220;vah tamam, bitti art\u0131k derken&#8221; yeniden do\u011fduk. \u015eimdi tam da &#8220;yeniden do\u011fma&#8221; zaman\u0131; ilham verdiniz, g\u00fc\u00e7l\u00fc iradeyi yans\u0131tan de\u011ferli an\u0131lar\u0131n\u0131z\u0131 aktarmakla. Pek \u00e7ok te\u015fekk\u00fcrler.Zuhal Atasoy (Uzaklar teknesiyle d\u00fcnya turu yapan ilk T\u00fcrk kad\u0131n denizci)Sevgili &#8220;11&#8217;lerin Koru G\u00f6zl\u00fcs\u00fc&#8221;, Derin Lacivert, kitab\u0131n\u0131 duyunca, tam 62 sene evveline d\u00f6nd\u00fcm. An\u0131lar\u0131m tekrar canland\u0131. Bo\u011faz&#8217;\u0131n lacivert sular\u0131na tekrar seninle beraber dald\u0131k. Maceraya kald\u0131\u011f\u0131m\u0131z yerden devam ettim. Eline sa\u011fl\u0131k arkada\u015f\u0131m.Aret Hovagimyan (Bal\u0131kadam, Me-Te-Ar \u015firketi kurucu orta\u011f\u0131)<\/p>\n","protected":false},"excerpt":{"rendered":"<p>Orhan Ba\u015far&#8217;\u0131 babam (Merhum) Halit G\u00fcrdeniz&#8217;in DB Deniz Nakliyat T.A.\u015e. Tefti\u015f Kurulundan yak\u0131n bir arkada\u015f\u0131 olarak 70&#8217;li y\u0131llarda tan\u0131d\u0131m. Gen\u00e7lik haf\u0131zamda, her y\u00f6n\u00fcyle deniz ve denizcilik<span class=\"excerpt-hellip\"> [\u2026]<\/span><\/p>\n","protected":false},"featured_media":0,"template":"","meta":{"_monsterinsights_skip_tracking":false,"_monsterinsights_sitenote_active":false,"_monsterinsights_sitenote_note":"","_monsterinsights_sitenote_category":0},"product_brand":[],"product_cat":[13701,12291],"product_tag":[],"class_list":{"0":"post-740937","1":"product","2":"type-product","3":"status-publish","5":"product_cat-ani-mektup-gunluk","6":"product_cat-edebiyat","7":"pa_cilt-ciltsiz","8":"pa_tur-kitap","9":"pa_yayinevi-uyum-yayinlari","10":"pa_yazar-orhan-basar","12":"first","13":"instock","14":"sale","15":"shipping-taxable","16":"purchasable","17":"product-type-simple"},"_links":{"self":[{"href":"https:\/\/roveyayinevi.com.tr\/index.php\/wp-json\/wp\/v2\/product\/740937","targetHints":{"allow":["GET"]}}],"collection":[{"href":"https:\/\/roveyayinevi.com.tr\/index.php\/wp-json\/wp\/v2\/product"}],"about":[{"href":"https:\/\/roveyayinevi.com.tr\/index.php\/wp-json\/wp\/v2\/types\/product"}],"wp:attachment":[{"href":"https:\/\/roveyayinevi.com.tr\/index.php\/wp-json\/wp\/v2\/media?parent=740937"}],"wp:term":[{"taxonomy":"product_brand","embeddable":true,"href":"https:\/\/roveyayinevi.com.tr\/index.php\/wp-json\/wp\/v2\/product_brand?post=740937"},{"taxonomy":"product_cat","embeddable":true,"href":"https:\/\/roveyayinevi.com.tr\/index.php\/wp-json\/wp\/v2\/product_cat?post=740937"},{"taxonomy":"product_tag","embeddable":true,"href":"https:\/\/roveyayinevi.com.tr\/index.php\/wp-json\/wp\/v2\/product_tag?post=740937"}],"curies":[{"name":"wp","href":"https:\/\/api.w.org\/{rel}","templated":true}]}}