{"id":740933,"date":"2025-08-28T00:38:06","date_gmt":"2025-08-27T21:38:06","guid":{"rendered":"https:\/\/roveyayinevi.com.tr\/index.php\/urun\/cilgalar-anadolu-bozkirindan-bir-yasamoykusu\/"},"modified":"2026-04-16T02:52:07","modified_gmt":"2026-04-15T23:52:07","slug":"cilgalar-anadolu-bozkirindan-bir-yasamoykusu","status":"publish","type":"product","link":"https:\/\/roveyayinevi.com.tr\/index.php\/urun\/cilgalar-anadolu-bozkirindan-bir-yasamoykusu\/","title":{"rendered":"C\u0131lgalar: Anadolu Bozk\u0131r\u0131ndan Bir Ya\u015fam\u00f6yk\u00fcs\u00fc"},"content":{"rendered":"<p>C\u0131lgalar: Anadolu Bozk\u0131r\u0131ndan Bir Ya\u015fam\u00f6yk\u00fcs\u00fc Kitap A\u00e7\u0131klamas\u0131S\u00fcleyman K\u0131l\u0131\u00e7 kitab\u0131nda, \u00e7ocuklu\u011funu, ailesini, arkada\u015flar\u0131n\u0131, okul y\u0131llar\u0131n\u0131, gen\u00e7li\u011fini, Malatya-Arguvan\u2019\u0131, \u00e7evresini, \u00fclkesini, d\u00fcnyay\u0131 tan\u0131ma s\u00fcrecini anlat\u0131yor. C\u0131lgalar, hem bir an\u0131-biyografi kitab\u0131 hem de r\u00f6portajlarla zenginle\u015ftirilmi\u015f k\u00fclt\u00fcrel bir \u00e7al\u0131\u015fma.Anadolulu fakir bir ailenin \u00e7ocuklar\u0131na adanm\u0131\u015f ya\u015fam\u0131n\u0131 oldu\u011fu kadar, bir yeti\u015fme ve bilin\u00e7lenme \u00f6yk\u00fcs\u00fc de aktar\u0131yor C\u0131lgalar.Sayfalar\u0131 \u00e7evirdik\u00e7e, y\u00f6resel dilde \u201cda\u011fl\u0131k arazide patika yol\u201d anlam\u0131na gelen \u201cc\u0131lga\u201dn\u0131n, K\u0131l\u0131\u00e7\u2019\u0131n ya\u015fam\u0131ndaki belli ba\u015fl\u0131 kesitleri olu\u015fturdu\u011funu \u00f6\u011freniyoruz.Ba\u015ftan sona samimi bir dil ve yal\u0131n T\u00fcrk\u00e7eyle kaleme ald\u0131\u011f\u0131 kitab\u0131nda, ya\u015fam duraklar\u0131n\u0131 yans\u0131tan \u00e7ok say\u0131da foto\u011frafa da yer veren S\u00fcleyman K\u0131l\u0131\u00e7 \u015f\u00f6yle diyor:\u201cKendimi yazd\u0131m efendim. Yapt\u0131\u011f\u0131m i\u015fe, yaz\u0131n d\u00fcnyas\u0131 otobiyografi diyor. Ben ise heybemde biriktirdiklerim diyorum\u2026 Ne varsa atm\u0131\u015f\u0131m i\u00e7ine\u2026 Omzumda heybem, a\u011fz\u0131na kadar dolmu\u015f d\u00f6k\u00fcl\u00fcyor. Bir ku\u015fluk vakti omzumu silkeledim, hepsi d\u00f6k\u00fcld\u00fc. Heybeden sanki bir ku\u015f f\u0131rlad\u0131.\u201d<\/p>\n","protected":false},"excerpt":{"rendered":"<p>C\u0131lgalar: Anadolu Bozk\u0131r\u0131ndan Bir Ya\u015fam\u00f6yk\u00fcs\u00fc Kitap A\u00e7\u0131klamas\u0131S\u00fcleyman K\u0131l\u0131\u00e7 kitab\u0131nda, \u00e7ocuklu\u011funu, ailesini, arkada\u015flar\u0131n\u0131, okul y\u0131llar\u0131n\u0131, gen\u00e7li\u011fini, Malatya-Arguvan\u2019\u0131, \u00e7evresini, \u00fclkesini, d\u00fcnyay\u0131 tan\u0131ma s\u00fcrecini anlat\u0131yor. C\u0131lgalar, hem bir an\u0131-biyografi<span class=\"excerpt-hellip\"> [\u2026]<\/span><\/p>\n","protected":false},"featured_media":0,"template":"","meta":{"_monsterinsights_skip_tracking":false,"_monsterinsights_sitenote_active":false,"_monsterinsights_sitenote_note":"","_monsterinsights_sitenote_category":0},"product_brand":[],"product_cat":[13701,12291],"product_tag":[],"class_list":{"0":"post-740933","1":"product","2":"type-product","3":"status-publish","5":"product_cat-ani-mektup-gunluk","6":"product_cat-edebiyat","7":"pa_cilt-ciltsiz","8":"pa_tur-kitap","9":"pa_yayinevi-kaynak-yayinlari","10":"pa_yazar-suleyman-kilic","12":"first","13":"instock","14":"sale","15":"shipping-taxable","16":"purchasable","17":"product-type-simple"},"_links":{"self":[{"href":"https:\/\/roveyayinevi.com.tr\/index.php\/wp-json\/wp\/v2\/product\/740933","targetHints":{"allow":["GET"]}}],"collection":[{"href":"https:\/\/roveyayinevi.com.tr\/index.php\/wp-json\/wp\/v2\/product"}],"about":[{"href":"https:\/\/roveyayinevi.com.tr\/index.php\/wp-json\/wp\/v2\/types\/product"}],"wp:attachment":[{"href":"https:\/\/roveyayinevi.com.tr\/index.php\/wp-json\/wp\/v2\/media?parent=740933"}],"wp:term":[{"taxonomy":"product_brand","embeddable":true,"href":"https:\/\/roveyayinevi.com.tr\/index.php\/wp-json\/wp\/v2\/product_brand?post=740933"},{"taxonomy":"product_cat","embeddable":true,"href":"https:\/\/roveyayinevi.com.tr\/index.php\/wp-json\/wp\/v2\/product_cat?post=740933"},{"taxonomy":"product_tag","embeddable":true,"href":"https:\/\/roveyayinevi.com.tr\/index.php\/wp-json\/wp\/v2\/product_tag?post=740933"}],"curies":[{"name":"wp","href":"https:\/\/api.w.org\/{rel}","templated":true}]}}