{"id":740932,"date":"2025-08-28T00:38:04","date_gmt":"2025-08-27T21:38:04","guid":{"rendered":"https:\/\/roveyayinevi.com.tr\/index.php\/urun\/genclik-evlilik\/"},"modified":"2026-04-16T02:52:07","modified_gmt":"2026-04-15T23:52:07","slug":"genclik-evlilik","status":"publish","type":"product","link":"https:\/\/roveyayinevi.com.tr\/index.php\/urun\/genclik-evlilik\/","title":{"rendered":"Gen\u00e7lik &#8211; Evlilik"},"content":{"rendered":"<p>G\u00f6nl\u00fcn\u00fcn pe\u015finden ko\u015fuyor bir gen\u00e7.Hevesi taze, heyecan\u0131 b\u00fcy\u00fck.Bir biletin gizemine sar\u0131l\u0131yor t\u00fcm hik\u00e2ye.Di\u011feri ise g\u00f6nl\u00fc h\u00fcz\u00fcn dolu bir kad\u0131n\u0131n sesi.Yapraklar\u0131 d\u00f6k\u00fck bir hazan.S\u0131rr\u0131 kalpte sakl\u0131 y\u00fcz y\u0131ll\u0131k bir a\u015fk hik\u00e2yesi.Ahmet Mithat Efendi&#8217;nin kaleminden iki uzun \u00f6yk\u00fc. Gen\u00e7lik birinin ad\u0131, di\u011feri ise Evlilik isminde.T\u00fcm insanl\u0131k h\u00e2llerinin kadim yazar\u0131ndan&#8230;G\u00fcn\u00fcm\u00fcz T\u00fcrk\u00e7esiyle&#8230;<\/p>\n","protected":false},"excerpt":{"rendered":"<p>G\u00f6nl\u00fcn\u00fcn pe\u015finden ko\u015fuyor bir gen\u00e7.Hevesi taze, heyecan\u0131 b\u00fcy\u00fck.Bir biletin gizemine sar\u0131l\u0131yor t\u00fcm hik\u00e2ye.Di\u011feri ise g\u00f6nl\u00fc h\u00fcz\u00fcn dolu bir kad\u0131n\u0131n sesi.Yapraklar\u0131 d\u00f6k\u00fck bir hazan.S\u0131rr\u0131 kalpte sakl\u0131 y\u00fcz<span class=\"excerpt-hellip\"> [\u2026]<\/span><\/p>\n","protected":false},"featured_media":0,"template":"","meta":{"_monsterinsights_skip_tracking":false,"_monsterinsights_sitenote_active":false,"_monsterinsights_sitenote_note":"","_monsterinsights_sitenote_category":0},"product_brand":[],"product_cat":[12777,12291],"product_tag":[],"class_list":{"0":"post-740932","1":"product","2":"type-product","3":"status-publish","5":"product_cat-deneme","6":"product_cat-edebiyat","7":"pa_cilt-ciltsiz","8":"pa_tur-kitap","9":"pa_yayinevi-sapiens-yayinlari","10":"pa_yazar-ahmet-mithat-efendi","12":"first","13":"instock","14":"sale","15":"shipping-taxable","16":"purchasable","17":"product-type-simple"},"_links":{"self":[{"href":"https:\/\/roveyayinevi.com.tr\/index.php\/wp-json\/wp\/v2\/product\/740932","targetHints":{"allow":["GET"]}}],"collection":[{"href":"https:\/\/roveyayinevi.com.tr\/index.php\/wp-json\/wp\/v2\/product"}],"about":[{"href":"https:\/\/roveyayinevi.com.tr\/index.php\/wp-json\/wp\/v2\/types\/product"}],"wp:attachment":[{"href":"https:\/\/roveyayinevi.com.tr\/index.php\/wp-json\/wp\/v2\/media?parent=740932"}],"wp:term":[{"taxonomy":"product_brand","embeddable":true,"href":"https:\/\/roveyayinevi.com.tr\/index.php\/wp-json\/wp\/v2\/product_brand?post=740932"},{"taxonomy":"product_cat","embeddable":true,"href":"https:\/\/roveyayinevi.com.tr\/index.php\/wp-json\/wp\/v2\/product_cat?post=740932"},{"taxonomy":"product_tag","embeddable":true,"href":"https:\/\/roveyayinevi.com.tr\/index.php\/wp-json\/wp\/v2\/product_tag?post=740932"}],"curies":[{"name":"wp","href":"https:\/\/api.w.org\/{rel}","templated":true}]}}