{"id":740930,"date":"2025-08-28T00:38:01","date_gmt":"2025-08-27T21:38:01","guid":{"rendered":"https:\/\/roveyayinevi.com.tr\/index.php\/urun\/fatma-aliye-hanim\/"},"modified":"2026-04-16T02:52:07","modified_gmt":"2026-04-15T23:52:07","slug":"fatma-aliye-hanim","status":"publish","type":"product","link":"https:\/\/roveyayinevi.com.tr\/index.php\/urun\/fatma-aliye-hanim\/","title":{"rendered":"Fatma Aliye Han\u0131m"},"content":{"rendered":"<p>Onun ismi hep bir s\u0131fatla an\u0131l\u0131yor.Cevdet Pa\u015fa&#8217;n\u0131n k\u0131z\u0131 veya Ahmet Mithat&#8217;\u0131n talebesi&#8230;Oysa tek ba\u015f\u0131na b\u00fcy\u00fck bir de\u011ferdir o.T\u00fcrk edebiyat\u0131n\u0131n ilk kad\u0131n roman yazar\u0131, ilk kad\u0131n roman m\u00fctercimi&#8230;Ahmet Mithat, manev\u00ee k\u0131z\u0131m dedi\u011fi en de\u011ferli talebesini anlat\u0131yor.Fatma Aliye Han\u0131m, &#8220;Bir Osmanl\u0131 Kad\u0131n Yazar\u0131n\u0131n Do\u011fu\u015fu&#8221; alt ba\u015fl\u0131\u011f\u0131yla yeniden kar\u015f\u0131m\u0131zda.G\u00fcn\u00fcm\u00fcz T\u00fcrk\u00e7esiyle&#8230;<\/p>\n","protected":false},"excerpt":{"rendered":"<p>Onun ismi hep bir s\u0131fatla an\u0131l\u0131yor.Cevdet Pa\u015fa&#8217;n\u0131n k\u0131z\u0131 veya Ahmet Mithat&#8217;\u0131n talebesi&#8230;Oysa tek ba\u015f\u0131na b\u00fcy\u00fck bir de\u011ferdir o.T\u00fcrk edebiyat\u0131n\u0131n ilk kad\u0131n roman yazar\u0131, ilk kad\u0131n roman<span class=\"excerpt-hellip\"> [\u2026]<\/span><\/p>\n","protected":false},"featured_media":0,"template":"","meta":{"_monsterinsights_skip_tracking":false,"_monsterinsights_sitenote_active":false,"_monsterinsights_sitenote_note":"","_monsterinsights_sitenote_category":0},"product_brand":[],"product_cat":[12777,12291],"product_tag":[],"class_list":{"0":"post-740930","1":"product","2":"type-product","3":"status-publish","5":"product_cat-deneme","6":"product_cat-edebiyat","7":"pa_cilt-ciltsiz","8":"pa_tur-kitap","9":"pa_yayinevi-sapiens-yayinlari","10":"pa_yazar-ahmet-mithat-efendi","12":"first","13":"instock","14":"sale","15":"shipping-taxable","16":"purchasable","17":"product-type-simple"},"_links":{"self":[{"href":"https:\/\/roveyayinevi.com.tr\/index.php\/wp-json\/wp\/v2\/product\/740930","targetHints":{"allow":["GET"]}}],"collection":[{"href":"https:\/\/roveyayinevi.com.tr\/index.php\/wp-json\/wp\/v2\/product"}],"about":[{"href":"https:\/\/roveyayinevi.com.tr\/index.php\/wp-json\/wp\/v2\/types\/product"}],"wp:attachment":[{"href":"https:\/\/roveyayinevi.com.tr\/index.php\/wp-json\/wp\/v2\/media?parent=740930"}],"wp:term":[{"taxonomy":"product_brand","embeddable":true,"href":"https:\/\/roveyayinevi.com.tr\/index.php\/wp-json\/wp\/v2\/product_brand?post=740930"},{"taxonomy":"product_cat","embeddable":true,"href":"https:\/\/roveyayinevi.com.tr\/index.php\/wp-json\/wp\/v2\/product_cat?post=740930"},{"taxonomy":"product_tag","embeddable":true,"href":"https:\/\/roveyayinevi.com.tr\/index.php\/wp-json\/wp\/v2\/product_tag?post=740930"}],"curies":[{"name":"wp","href":"https:\/\/api.w.org\/{rel}","templated":true}]}}