{"id":740928,"date":"2025-08-28T00:37:59","date_gmt":"2025-08-27T21:37:59","guid":{"rendered":"https:\/\/roveyayinevi.com.tr\/index.php\/urun\/die-verwandlung\/"},"modified":"2026-04-08T03:00:05","modified_gmt":"2026-04-08T00:00:05","slug":"die-verwandlung","status":"publish","type":"product","link":"https:\/\/roveyayinevi.com.tr\/index.php\/urun\/die-verwandlung\/","title":{"rendered":"Die Verwandlung"},"content":{"rendered":"<p>Als Gregor Samsa eines Morgens aus unruhigenTr\u00e4umen erwachte, fand er sich in seinemBett zu einem ungeheuren Ungeziefer verwandelt.Seine Existenz und Identit\u00e4t ver\u00e4ndern sichkomplett, aber die Welt ist immer noch dieselbe.Die Verwandlung leitet die Literaturmit der Frage \u00bbWas bin ich?\u00abals einem existenziellen Roman.<\/p>\n","protected":false},"excerpt":{"rendered":"<p>Als Gregor Samsa eines Morgens aus unruhigenTr\u00e4umen erwachte, fand er sich in seinemBett zu einem ungeheuren Ungeziefer verwandelt.Seine Existenz und Identit\u00e4t ver\u00e4ndern sichkomplett, aber die Welt<span class=\"excerpt-hellip\"> [\u2026]<\/span><\/p>\n","protected":false},"featured_media":0,"template":"","meta":{"_monsterinsights_skip_tracking":false,"_monsterinsights_sitenote_active":false,"_monsterinsights_sitenote_note":"","_monsterinsights_sitenote_category":0},"product_brand":[],"product_cat":[12291,12711],"product_tag":[],"class_list":{"0":"post-740928","1":"product","2":"type-product","3":"status-publish","5":"product_cat-edebiyat","6":"product_cat-roman-oyku","7":"pa_cilt-ciltsiz","8":"pa_tur-kitap","9":"pa_yayinevi-sapiens-yayinlari","10":"pa_yazar-franz-kafka","12":"first","13":"instock","14":"sale","15":"shipping-taxable","16":"purchasable","17":"product-type-simple"},"_links":{"self":[{"href":"https:\/\/roveyayinevi.com.tr\/index.php\/wp-json\/wp\/v2\/product\/740928","targetHints":{"allow":["GET"]}}],"collection":[{"href":"https:\/\/roveyayinevi.com.tr\/index.php\/wp-json\/wp\/v2\/product"}],"about":[{"href":"https:\/\/roveyayinevi.com.tr\/index.php\/wp-json\/wp\/v2\/types\/product"}],"wp:attachment":[{"href":"https:\/\/roveyayinevi.com.tr\/index.php\/wp-json\/wp\/v2\/media?parent=740928"}],"wp:term":[{"taxonomy":"product_brand","embeddable":true,"href":"https:\/\/roveyayinevi.com.tr\/index.php\/wp-json\/wp\/v2\/product_brand?post=740928"},{"taxonomy":"product_cat","embeddable":true,"href":"https:\/\/roveyayinevi.com.tr\/index.php\/wp-json\/wp\/v2\/product_cat?post=740928"},{"taxonomy":"product_tag","embeddable":true,"href":"https:\/\/roveyayinevi.com.tr\/index.php\/wp-json\/wp\/v2\/product_tag?post=740928"}],"curies":[{"name":"wp","href":"https:\/\/api.w.org\/{rel}","templated":true}]}}