{"id":740927,"date":"2025-08-28T00:37:57","date_gmt":"2025-08-27T21:37:57","guid":{"rendered":"https:\/\/roveyayinevi.com.tr\/index.php\/urun\/dokunmadim-say\/"},"modified":"2026-04-11T14:10:14","modified_gmt":"2026-04-11T11:10:14","slug":"dokunmadim-say","status":"publish","type":"product","link":"https:\/\/roveyayinevi.com.tr\/index.php\/urun\/dokunmadim-say\/","title":{"rendered":"Dokunmad\u0131m Say"},"content":{"rendered":"<p>Sev diyen kad\u0131n\u0131n yar\u0131m kalan hik\u00e2yesinin \u00f6teki yakas\u0131&#8230;Masaya b\u0131rak\u0131lan gizemli notlar, karn\u0131n i\u00e7indeki bebek, namludaki kur\u015fun&#8230;Her \u015fey biraz eksik, herkes biraz yar\u0131m.Stockholm&#8217;de deh\u015fet \u00e7emberi, silahlar\u0131n g\u00f6lgesinde bir \u00f6l\u00fcm rallisi,kalbin en \u00fccra noktas\u0131na dokunan sad\u0131k bir a\u015fk hik\u00e2yesi.Macera dolu, tutkulu, cinayetlerle sarmalanm\u0131\u015f bir yar\u0131\u015f. \u0130ntihar\u0131 kamufle eden gizli bir operasyonunsoluk solu\u011fa serencam\u0131&#8230;Dokunmad\u0131m Say, a\u015fk\u0131 \u015faka olarak g\u00f6renlerin Azrail&#8217;le giri\u015fti\u011fi sobeleme oyunu.Yand\u0131n, \u00e7\u0131k!<\/p>\n","protected":false},"excerpt":{"rendered":"<p>Sev diyen kad\u0131n\u0131n yar\u0131m kalan hik\u00e2yesinin \u00f6teki yakas\u0131&#8230;Masaya b\u0131rak\u0131lan gizemli notlar, karn\u0131n i\u00e7indeki bebek, namludaki kur\u015fun&#8230;Her \u015fey biraz eksik, herkes biraz yar\u0131m.Stockholm&#8217;de deh\u015fet \u00e7emberi, silahlar\u0131n g\u00f6lgesinde<span class=\"excerpt-hellip\"> [\u2026]<\/span><\/p>\n","protected":false},"featured_media":0,"template":"","meta":{"_monsterinsights_skip_tracking":false,"_monsterinsights_sitenote_active":false,"_monsterinsights_sitenote_note":"","_monsterinsights_sitenote_category":0},"product_brand":[],"product_cat":[12291,12711],"product_tag":[],"class_list":{"0":"post-740927","1":"product","2":"type-product","3":"status-publish","5":"product_cat-edebiyat","6":"product_cat-roman-oyku","7":"pa_cilt-ciltsiz","8":"pa_tur-kitap","9":"pa_yayinevi-sapiens-yayinlari","10":"pa_yazar-ezgi-otmanogu-ender-coskun","12":"first","13":"instock","14":"sale","15":"shipping-taxable","16":"purchasable","17":"product-type-simple"},"_links":{"self":[{"href":"https:\/\/roveyayinevi.com.tr\/index.php\/wp-json\/wp\/v2\/product\/740927","targetHints":{"allow":["GET"]}}],"collection":[{"href":"https:\/\/roveyayinevi.com.tr\/index.php\/wp-json\/wp\/v2\/product"}],"about":[{"href":"https:\/\/roveyayinevi.com.tr\/index.php\/wp-json\/wp\/v2\/types\/product"}],"wp:attachment":[{"href":"https:\/\/roveyayinevi.com.tr\/index.php\/wp-json\/wp\/v2\/media?parent=740927"}],"wp:term":[{"taxonomy":"product_brand","embeddable":true,"href":"https:\/\/roveyayinevi.com.tr\/index.php\/wp-json\/wp\/v2\/product_brand?post=740927"},{"taxonomy":"product_cat","embeddable":true,"href":"https:\/\/roveyayinevi.com.tr\/index.php\/wp-json\/wp\/v2\/product_cat?post=740927"},{"taxonomy":"product_tag","embeddable":true,"href":"https:\/\/roveyayinevi.com.tr\/index.php\/wp-json\/wp\/v2\/product_tag?post=740927"}],"curies":[{"name":"wp","href":"https:\/\/api.w.org\/{rel}","templated":true}]}}