{"id":740917,"date":"2025-08-28T00:37:45","date_gmt":"2025-08-27T21:37:45","guid":{"rendered":"https:\/\/roveyayinevi.com.tr\/index.php\/urun\/berlin-1945\/"},"modified":"2026-04-16T02:52:06","modified_gmt":"2026-04-15T23:52:06","slug":"berlin-1945","status":"publish","type":"product","link":"https:\/\/roveyayinevi.com.tr\/index.php\/urun\/berlin-1945\/","title":{"rendered":"Berlin 1945"},"content":{"rendered":"<p>1945 y\u0131l\u0131n\u0131n Nisan ay\u0131 ortalar\u0131nda, Hitler\u2019in Nazi \u0130mparatorlu\u011fu topyek\u00fbn yok olu\u015fun e\u015fi\u011findeydi. 1939-40 y\u0131llar\u0131n\u0131n Y\u0131ld\u0131r\u0131m Harbi ile b\u00fct\u00fcn Bat\u0131 Avrupa\u2019y\u0131 dize getiren Alman diktat\u00f6r\u00fc, kaderiyle kumar oynayarak 22 Haziran 1941\u2019de Sovyetler Birli\u011fi\u2019ni istilaya giri\u015fmi\u015f, fakat o y\u0131l\u0131n sonunda Moskova\u2019da, ertesi y\u0131l\u0131n sonunda da Stalingrad\u2019da u\u011frad\u0131\u011f\u0131 a\u011f\u0131r yenilgiler neticesinde zafer \u015fans\u0131n\u0131 tamamen kaybetmi\u015fti. 1943 yaz\u0131nda Kursk\u2019ta son bir Alman te\u015febb\u00fcs\u00fcn\u00fc durduran K\u0131z\u0131l Ordu, ard\u0131ndan Nazi i\u015fgalcileri SSCB topraklar\u0131ndan atmak ve Berlin\u2019e girip Hitler tehdidini sonsuza kadar ortadan kald\u0131rmak \u00fczere amans\u0131z bir kar\u015f\u0131 taarruza giri\u015fti. SSCB kendi kaynaklar\u0131n\u0131n yan\u0131nda \u0130ngiliz ve Amerikal\u0131 m\u00fcttefiklerinin de yard\u0131mlar\u0131yla her ge\u00e7en g\u00fcn g\u00fcc\u00fcn\u00fc art\u0131r\u0131rken, Almanlar her yenilgiyle biraz daha zay\u0131fl\u0131yorlard\u0131. Bat\u0131l\u0131 M\u00fcttefikler, 1944 yaz\u0131ndaki Normandiya \u00e7\u0131karmas\u0131 ile Avrupa\u2019y\u0131 Nazi i\u015fgalinden kurtar\u0131p Almanya\u2019ya girerlerken, K\u0131z\u0131l Ordu da e\u015fzamanl\u0131 taarruzlarla Belarus\u2019u, Balkanlar\u2019\u0131 ve Polonya\u2019y\u0131 kat ederek Alman ba\u015f\u015fehrine gelip dayand\u0131. Stalingrad sava\u015f\u0131n\u0131 da Osprey yay\u0131nlar\u0131 kapsam\u0131nda ele alan Peter Antill, bu sefer K\u0131z\u0131l Ordu\u2019nun Berlin\u2019e y\u00fcr\u00fcy\u00fc\u015f\u00fcn\u00fcn ve son Alman direni\u015finin s\u00fcr\u00fckleyici tarihini masaya yat\u0131r\u0131yor. \u00c7ok say\u0131da harita ve g\u00f6rsel ile destekli eseri, Nazi \u0130mparatorlu\u011fu\u2019nun son \u00e7\u0131rp\u0131n\u0131\u015flar\u0131n\u0131 canl\u0131 bir dille tasvir ederken, do\u011fa\u00e7lama \u015fehir sava\u015f\u0131 taktiklerini de inceliyor. Antill ayr\u0131ca, Berlin\u2019in d\u00fc\u015f\u00fc\u015f\u00fc ile So\u011fuk Sava\u015f\u2019\u0131n ba\u015flang\u0131c\u0131 aras\u0131ndaki ba\u011flant\u0131lar\u0131n da bir muhasebesini okuyucuya sunuyor. <\/p>\n","protected":false},"excerpt":{"rendered":"<p>1945 y\u0131l\u0131n\u0131n Nisan ay\u0131 ortalar\u0131nda, Hitler\u2019in Nazi \u0130mparatorlu\u011fu topyek\u00fbn yok olu\u015fun e\u015fi\u011findeydi. 1939-40 y\u0131llar\u0131n\u0131n Y\u0131ld\u0131r\u0131m Harbi ile b\u00fct\u00fcn Bat\u0131 Avrupa\u2019y\u0131 dize getiren Alman diktat\u00f6r\u00fc, kaderiyle kumar<span class=\"excerpt-hellip\"> [\u2026]<\/span><\/p>\n","protected":false},"featured_media":0,"template":"","meta":{"_monsterinsights_skip_tracking":false,"_monsterinsights_sitenote_active":false,"_monsterinsights_sitenote_note":"","_monsterinsights_sitenote_category":0},"product_brand":[],"product_cat":[12312,12304],"product_tag":[],"class_list":{"0":"post-740917","1":"product","2":"type-product","3":"status-publish","5":"product_cat-diger","6":"product_cat-tarih","7":"pa_cilt-ciltsiz","8":"pa_tur-kitap","9":"pa_yayinevi-is-bankasi-kultur-yayinlari","10":"pa_yazar-peter-antill","12":"first","13":"instock","14":"sale","15":"shipping-taxable","16":"purchasable","17":"product-type-simple"},"_links":{"self":[{"href":"https:\/\/roveyayinevi.com.tr\/index.php\/wp-json\/wp\/v2\/product\/740917","targetHints":{"allow":["GET"]}}],"collection":[{"href":"https:\/\/roveyayinevi.com.tr\/index.php\/wp-json\/wp\/v2\/product"}],"about":[{"href":"https:\/\/roveyayinevi.com.tr\/index.php\/wp-json\/wp\/v2\/types\/product"}],"wp:attachment":[{"href":"https:\/\/roveyayinevi.com.tr\/index.php\/wp-json\/wp\/v2\/media?parent=740917"}],"wp:term":[{"taxonomy":"product_brand","embeddable":true,"href":"https:\/\/roveyayinevi.com.tr\/index.php\/wp-json\/wp\/v2\/product_brand?post=740917"},{"taxonomy":"product_cat","embeddable":true,"href":"https:\/\/roveyayinevi.com.tr\/index.php\/wp-json\/wp\/v2\/product_cat?post=740917"},{"taxonomy":"product_tag","embeddable":true,"href":"https:\/\/roveyayinevi.com.tr\/index.php\/wp-json\/wp\/v2\/product_tag?post=740917"}],"curies":[{"name":"wp","href":"https:\/\/api.w.org\/{rel}","templated":true}]}}