{"id":740915,"date":"2025-08-28T00:37:42","date_gmt":"2025-08-27T21:37:42","guid":{"rendered":"https:\/\/roveyayinevi.com.tr\/index.php\/urun\/muhtesem-oz-diyari\/"},"modified":"2026-04-16T02:52:06","modified_gmt":"2026-04-15T23:52:06","slug":"muhtesem-oz-diyari","status":"publish","type":"product","link":"https:\/\/roveyayinevi.com.tr\/index.php\/urun\/muhtesem-oz-diyari\/","title":{"rendered":"Muhte\u015fem Oz Diyar\u0131"},"content":{"rendered":"<p>Oz B\u00fcy\u00fcc\u00fcs\u00fc\u2019n\u00fcn yay\u0131mlanmas\u0131n\u0131n ard\u0131ndan Korkuluk ve Teneke Adam\u2019la ilgili yeni hik\u00e2yeler isteyen okurlar\u0131n\u0131 geri \u00e7evirmeyen L. Frank Baum, 1904\u2019te Muhte\u015fem Oz Diyar\u0131\u2019n\u0131 kaleme al\u0131r. Dorothy\u2019nin Kansas\u2019a d\u00f6n\u00fc\u015f\u00fcnden k\u0131sa s\u00fcre sonras\u0131nda ge\u00e7en hik\u00e2yede bizi hem tan\u0131d\u0131k y\u00fczler hem de yeni tan\u0131\u015faca\u011f\u0131m\u0131z karakterler beklemektedir. Baum, Edward Bellamy ve William Morris gibi \u00fctopyac\u0131 yazarlardan etkilenmi\u015f, sanayi toplumu ile pastoral d\u00fczenin kesi\u015fti\u011fi bir diyar yaratm\u0131\u015ft\u0131r. Oz\u2019da her \u015fey \u201ccanl\u0131\u201d olabilir ve Oz\u2019un \u00fctopyas\u0131n\u0131 tan\u0131mlayan de\u011fer sistemi, insanlarla s\u0131n\u0131rl\u0131 olmay\u0131p cans\u0131z ve mekanik varl\u0131klar\u0131n yan\u0131 s\u0131ra flora ve faunay\u0131 da i\u00e7ine alacak \u015fekilde geni\u015fletilmi\u015ftir. \u00d6rne\u011fin Tip\u2019in Hayat Tozu\u2019yla canlanan grotesk Jack Kabakkafa\u2019ya y\u00f6nelik sahiplenici tavr\u0131, Victor Frankenstein\u2019\u0131n kendi yarat\u0131\u011f\u0131n\u0131 reddedi\u015fine benzemez. Baum\u2019un \u00f6nyarg\u0131s\u0131z bir i\u015fbirli\u011fini te\u015fvik eden g\u00f6r\u00fc\u015fleri \u00e7ocuklar ve yeti\u015fkinler i\u00e7in ilham vericidir. Ayr\u0131ca kad\u0131nlar\u0131n oy hakk\u0131 hareketinden etkilenen Baum\u2019un Komutan Jinjur vesilesiyle gelenekselle\u015fmi\u015f cinsiyet rollerini tersy\u00fcz etme giri\u015fimi de dikkate de\u011ferdir. <\/p>\n","protected":false},"excerpt":{"rendered":"<p>Oz B\u00fcy\u00fcc\u00fcs\u00fc\u2019n\u00fcn yay\u0131mlanmas\u0131n\u0131n ard\u0131ndan Korkuluk ve Teneke Adam\u2019la ilgili yeni hik\u00e2yeler isteyen okurlar\u0131n\u0131 geri \u00e7evirmeyen L. Frank Baum, 1904\u2019te Muhte\u015fem Oz Diyar\u0131\u2019n\u0131 kaleme al\u0131r. Dorothy\u2019nin Kansas\u2019a<span class=\"excerpt-hellip\"> [\u2026]<\/span><\/p>\n","protected":false},"featured_media":0,"template":"","meta":{"_monsterinsights_skip_tracking":false,"_monsterinsights_sitenote_active":false,"_monsterinsights_sitenote_note":"","_monsterinsights_sitenote_category":0},"product_brand":[],"product_cat":[12291,26797],"product_tag":[],"class_list":{"0":"post-740915","1":"product","2":"type-product","3":"status-publish","5":"product_cat-edebiyat","6":"product_cat-modern-klasikler","7":"pa_cilt-ciltsiz","8":"pa_tur-kitap","9":"pa_yayinevi-is-bankasi-kultur-yayinlari","10":"pa_yazar-l-frank-baum","12":"first","13":"instock","14":"sale","15":"shipping-taxable","16":"purchasable","17":"product-type-simple"},"_links":{"self":[{"href":"https:\/\/roveyayinevi.com.tr\/index.php\/wp-json\/wp\/v2\/product\/740915","targetHints":{"allow":["GET"]}}],"collection":[{"href":"https:\/\/roveyayinevi.com.tr\/index.php\/wp-json\/wp\/v2\/product"}],"about":[{"href":"https:\/\/roveyayinevi.com.tr\/index.php\/wp-json\/wp\/v2\/types\/product"}],"wp:attachment":[{"href":"https:\/\/roveyayinevi.com.tr\/index.php\/wp-json\/wp\/v2\/media?parent=740915"}],"wp:term":[{"taxonomy":"product_brand","embeddable":true,"href":"https:\/\/roveyayinevi.com.tr\/index.php\/wp-json\/wp\/v2\/product_brand?post=740915"},{"taxonomy":"product_cat","embeddable":true,"href":"https:\/\/roveyayinevi.com.tr\/index.php\/wp-json\/wp\/v2\/product_cat?post=740915"},{"taxonomy":"product_tag","embeddable":true,"href":"https:\/\/roveyayinevi.com.tr\/index.php\/wp-json\/wp\/v2\/product_tag?post=740915"}],"curies":[{"name":"wp","href":"https:\/\/api.w.org\/{rel}","templated":true}]}}