{"id":740914,"date":"2025-08-28T00:37:42","date_gmt":"2025-08-27T21:37:42","guid":{"rendered":"https:\/\/roveyayinevi.com.tr\/index.php\/urun\/dora-bir-histeri-vakasinin-analizinden-parcalar\/"},"modified":"2026-04-16T02:52:06","modified_gmt":"2026-04-15T23:52:06","slug":"dora-bir-histeri-vakasinin-analizinden-parcalar","status":"publish","type":"product","link":"https:\/\/roveyayinevi.com.tr\/index.php\/urun\/dora-bir-histeri-vakasinin-analizinden-parcalar\/","title":{"rendered":"Dora \u2013 Bir Histeri Vakasinin Analizinden Par\u00e7alar"},"content":{"rendered":"<p>Freud (1856-1939): Histerinin cinsel k\u00f6kenleri ve r\u00fcyalar\u0131n bilin\u00e7d\u0131\u015f\u0131 \u00e7at\u0131\u015fmalar\u0131 ayd\u0131nlatmada oynad\u0131\u011f\u0131 rol\u00fcn g\u00fczel bir \u00f6rne\u011fi olaca\u011f\u0131n\u0131 d\u00fc\u015f\u00fcnd\u00fc\u011f\u00fc Dora vakas\u0131 Freud i\u00e7in ba\u015far\u0131s\u0131zl\u0131kla sonu\u00e7lan\u0131r. 18 ya\u015f\u0131nda bir gen\u00e7 k\u0131z olan Dora on bir hafta s\u00fcren bir analiz s\u00fcrecinin ard\u0131ndan aniden tedaviyi b\u0131rak\u0131r. Bu ba\u015far\u0131s\u0131zl\u0131k Freud\u2019u \u201caktar\u0131m\u201d kavram\u0131n\u0131 daha derinlemesine d\u00fc\u015f\u00fcnmeye itecektir. Hastan\u0131n ge\u00e7mi\u015findeki \u00f6nemli fig\u00fcrlerin psikanaliste yans\u0131t\u0131lmas\u0131 demek olan aktar\u0131m, psikanalizin ba\u015fat kavramlar\u0131ndan ve tedavinin kilit unsurlar\u0131ndan biridir. Yineleme otomatizmi ancak aktar\u0131m\u0131n yorumlan\u0131p i\u015flenmesiyle a\u015f\u0131labilir .<\/p>\n","protected":false},"excerpt":{"rendered":"<p>Freud (1856-1939): Histerinin cinsel k\u00f6kenleri ve r\u00fcyalar\u0131n bilin\u00e7d\u0131\u015f\u0131 \u00e7at\u0131\u015fmalar\u0131 ayd\u0131nlatmada oynad\u0131\u011f\u0131 rol\u00fcn g\u00fczel bir \u00f6rne\u011fi olaca\u011f\u0131n\u0131 d\u00fc\u015f\u00fcnd\u00fc\u011f\u00fc Dora vakas\u0131 Freud i\u00e7in ba\u015far\u0131s\u0131zl\u0131kla sonu\u00e7lan\u0131r. 18 ya\u015f\u0131nda bir<span class=\"excerpt-hellip\"> [\u2026]<\/span><\/p>\n","protected":false},"featured_media":0,"template":"","meta":{"_monsterinsights_skip_tracking":false,"_monsterinsights_sitenote_active":false,"_monsterinsights_sitenote_note":"","_monsterinsights_sitenote_category":0},"product_brand":[],"product_cat":[12358,12357],"product_tag":[],"class_list":{"0":"post-740914","1":"product","2":"type-product","3":"status-publish","5":"product_cat-genel-psikoloji","6":"product_cat-psikoloji","7":"pa_cilt-ciltsiz","8":"pa_tur-kitap","9":"pa_yayinevi-is-bankasi-kultur-yayinlari","10":"pa_yazar-sigmund-freud","12":"first","13":"instock","14":"sale","15":"shipping-taxable","16":"purchasable","17":"product-type-simple"},"_links":{"self":[{"href":"https:\/\/roveyayinevi.com.tr\/index.php\/wp-json\/wp\/v2\/product\/740914","targetHints":{"allow":["GET"]}}],"collection":[{"href":"https:\/\/roveyayinevi.com.tr\/index.php\/wp-json\/wp\/v2\/product"}],"about":[{"href":"https:\/\/roveyayinevi.com.tr\/index.php\/wp-json\/wp\/v2\/types\/product"}],"wp:attachment":[{"href":"https:\/\/roveyayinevi.com.tr\/index.php\/wp-json\/wp\/v2\/media?parent=740914"}],"wp:term":[{"taxonomy":"product_brand","embeddable":true,"href":"https:\/\/roveyayinevi.com.tr\/index.php\/wp-json\/wp\/v2\/product_brand?post=740914"},{"taxonomy":"product_cat","embeddable":true,"href":"https:\/\/roveyayinevi.com.tr\/index.php\/wp-json\/wp\/v2\/product_cat?post=740914"},{"taxonomy":"product_tag","embeddable":true,"href":"https:\/\/roveyayinevi.com.tr\/index.php\/wp-json\/wp\/v2\/product_tag?post=740914"}],"curies":[{"name":"wp","href":"https:\/\/api.w.org\/{rel}","templated":true}]}}