{"id":740913,"date":"2025-08-28T00:37:41","date_gmt":"2025-08-27T21:37:41","guid":{"rendered":"https:\/\/roveyayinevi.com.tr\/index.php\/urun\/kadin-cinselligi-ve-kadin-cinsel-islev-bozukluklari\/"},"modified":"2026-04-16T02:52:06","modified_gmt":"2026-04-15T23:52:06","slug":"kadin-cinselligi-ve-kadin-cinsel-islev-bozukluklari","status":"publish","type":"product","link":"https:\/\/roveyayinevi.com.tr\/index.php\/urun\/kadin-cinselligi-ve-kadin-cinsel-islev-bozukluklari\/","title":{"rendered":"Kad\u0131n Cinselli\u011fi ve Kad\u0131n Cinsel \u0130\u015flev Bozukluklar\u0131"},"content":{"rendered":"<p>Kad\u0131n Cinsel \u0130\u015flev Bozukluklar\u0131n\u0131n Tedavisinde \u201ca\u015fk\u0131n Seks Cinsel Terapi Yakla\u015f\u0131m\u0131\u201dBu kitapta, \u00f6zellikle kad\u0131nlar i\u00e7in tabula\u015ft\u0131r\u0131lan cinsellik konusuna \u0131\u015f\u0131k tutarak kad\u0131n cinselli\u011finin karanl\u0131kta kalm\u0131\u015f bilinmezliklerini bilinir hale getirmeyi ama\u00e7lad\u0131k. \u00c7\u00fcnk\u00fc bu bilinmezlikler y\u00fcz\u00fcnden pek \u00e7ok kad\u0131n\u0131n, ya\u015fam\u0131n gerekli ve zevkli do\u011fal bir par\u00e7as\u0131 olan cinselli\u011fi hak ettikleri \u015fekilde ya\u015fayamad\u0131\u011f\u0131 ve cinsel sorunlarla m\u00fccadele etmek zorunda kald\u0131\u011f\u0131 bilinen bir ger\u00e7ektir. \u00dcstelik cinsel sorunlar sadece yatak odas\u0131yla s\u0131n\u0131rl\u0131 kalmaz, \u00e7\u00fcnk\u00fc biyolojik, psikolojik ve sosyal fakt\u00f6rlerin \u00fcr\u00fcn\u00fc olan cinsellik ya\u015fam\u0131n her y\u00f6n\u00fcyle i\u00e7 i\u00e7e ge\u00e7mi\u015ftir. Cinselli\u011fin bu karma\u015f\u0131k do\u011fas\u0131n\u0131n t\u00fcm y\u00f6nlerini ele alarak cinsel sorunlara h\u0131zl\u0131 ve kal\u0131c\u0131 \u00e7\u00f6z\u00fcmler getiren \u201cA\u015fk\u0131n Seks Cinsel Terapi Yakla\u015f\u0131m\u0131\u201d ile kad\u0131n cinsel i\u015flev bozukluklar\u0131n\u0131n tedavisinde cinsel terapi s\u00fcrecini ad\u0131m ad\u0131m anlatt\u0131\u011f\u0131m\u0131z bu kitap hem dan\u0131\u015fanlar hem de cinsel terapistler i\u00e7in g\u00fcvenilir bir kaynak olacakt\u0131r. Psikoterapist &amp; Yazar &amp; E\u011fitmen Cem KE\u00c7EKad\u0131n Cinselli\u011fine Ve Cinsel \u0130\u015flev Bozukluklar\u0131na Entegratif Yakla\u015f\u0131mIICPI T\u00fcrkiye E\u015fba\u015fkan\u0131 Psikoterapist Cem Ke\u00e7e\u2019nin, cinsel terapiye entegratif bir bak\u0131\u015f a\u00e7\u0131s\u0131 getirerek geli\u015ftirdi\u011fi \u201cA\u015fk\u0131n Seks Cinsel Terapi Yakla\u015f\u0131m\u0131\u201d ile kad\u0131nlar\u0131n cinsel i\u015flev bozukluklar\u0131n\u0131n tan\u0131, de\u011ferlendirme ve tedavisinin anlat\u0131ld\u0131\u011f\u0131 ve cinsel terapi e\u011fitimlerimizde ders kitab\u0131 olarak kulland\u0131\u011f\u0131m\u0131z bu eser, dan\u0131\u015fanlar\u0131n\u0131n cinsel sorunlar\u0131na etkili tedavi ve kal\u0131c\u0131 \u00e7\u00f6z\u00fcmleri sa\u011flamak i\u00e7in bu alanda \u00e7al\u0131\u015fan uzmanlar\u0131n vazge\u00e7emeyece\u011fi bir el kitab\u0131 olacakt\u0131r. Uluslararas\u0131 Entegratif Kognitif Psikoterapi Enstit\u00fcs\u00fc (IICPI)Kad\u0131n Cinsel \u0130\u015flev Bozukluklar\u0131n\u0131n Tedavisinde Kal\u0131c\u0131 \u00c7\u00f6z\u00fcmlerCinsel terapi alan\u0131nda \u00f6nde gelen uzmanlar taraf\u0131ndan kaleme al\u0131nan bu kitap, cinsel sorunlar\u0131 ve bunlar\u0131n yol a\u00e7t\u0131\u011f\u0131 ili\u015fki sorunlar\u0131 i\u00e7in destek almak isteyen kad\u0131nlar\u0131n ve \u00e7iftlere yard\u0131mc\u0131 olacak cinsel terapistlere, hekimlere ve ruh sa\u011fl\u0131\u011f\u0131 profesyonellerine kad\u0131n cinselli\u011fi, cinsel i\u015flev bozukluklar\u0131 ve tedavileri konusunda yararlanabilecekleri bir kaynak olarak haz\u0131rlanm\u0131\u015ft\u0131r. Kad\u0131n cinsel i\u015flev bozukluklar\u0131n\u0131n \u201cA\u015fk\u0131n Seks Cinsel Terapi Yakla\u015f\u0131m\u0131\u201d ile tedavisinin her y\u00f6n\u00fcyle anlat\u0131ld\u0131\u011f\u0131 bir uygulama k\u0131lavuzu olarak cinsel terapistlerin dan\u0131\u015fanlar\u0131na kal\u0131c\u0131 \u00e7\u00f6z\u00fcmler sunmalar\u0131na yard\u0131mc\u0131 olacakt\u0131r. Cinsel Sa\u011fl\u0131k Enstit\u00fcs\u00fc Derne\u011fi (C\u0130SED)<\/p>\n","protected":false},"excerpt":{"rendered":"<p>Kad\u0131n Cinsel \u0130\u015flev Bozukluklar\u0131n\u0131n Tedavisinde \u201ca\u015fk\u0131n Seks Cinsel Terapi Yakla\u015f\u0131m\u0131\u201dBu kitapta, \u00f6zellikle kad\u0131nlar i\u00e7in tabula\u015ft\u0131r\u0131lan cinsellik konusuna \u0131\u015f\u0131k tutarak kad\u0131n cinselli\u011finin karanl\u0131kta kalm\u0131\u015f bilinmezliklerini bilinir hale<span class=\"excerpt-hellip\"> [\u2026]<\/span><\/p>\n","protected":false},"featured_media":0,"template":"","meta":{"_monsterinsights_skip_tracking":false,"_monsterinsights_sitenote_active":false,"_monsterinsights_sitenote_note":"","_monsterinsights_sitenote_category":0},"product_brand":[],"product_cat":[35288,13365],"product_tag":[],"class_list":{"0":"post-740913","1":"product","2":"type-product","3":"status-publish","5":"product_cat-cinsellik-saglik","6":"product_cat-saglik","7":"pa_cilt-ciltsiz","8":"pa_tur-kitap","9":"pa_yayinevi-pusula-yayinevi-ankara","10":"pa_yazar-ali-ata-ozdemir","12":"first","13":"instock","14":"sale","15":"shipping-taxable","16":"purchasable","17":"product-type-simple"},"_links":{"self":[{"href":"https:\/\/roveyayinevi.com.tr\/index.php\/wp-json\/wp\/v2\/product\/740913","targetHints":{"allow":["GET"]}}],"collection":[{"href":"https:\/\/roveyayinevi.com.tr\/index.php\/wp-json\/wp\/v2\/product"}],"about":[{"href":"https:\/\/roveyayinevi.com.tr\/index.php\/wp-json\/wp\/v2\/types\/product"}],"wp:attachment":[{"href":"https:\/\/roveyayinevi.com.tr\/index.php\/wp-json\/wp\/v2\/media?parent=740913"}],"wp:term":[{"taxonomy":"product_brand","embeddable":true,"href":"https:\/\/roveyayinevi.com.tr\/index.php\/wp-json\/wp\/v2\/product_brand?post=740913"},{"taxonomy":"product_cat","embeddable":true,"href":"https:\/\/roveyayinevi.com.tr\/index.php\/wp-json\/wp\/v2\/product_cat?post=740913"},{"taxonomy":"product_tag","embeddable":true,"href":"https:\/\/roveyayinevi.com.tr\/index.php\/wp-json\/wp\/v2\/product_tag?post=740913"}],"curies":[{"name":"wp","href":"https:\/\/api.w.org\/{rel}","templated":true}]}}