{"id":740912,"date":"2025-08-28T00:37:40","date_gmt":"2025-08-27T21:37:40","guid":{"rendered":"https:\/\/roveyayinevi.com.tr\/index.php\/urun\/duygusal-sema-duygusal-zeka-duygusal-zeka-terapisi\/"},"modified":"2026-04-16T02:52:06","modified_gmt":"2026-04-15T23:52:06","slug":"duygusal-sema-duygusal-zeka-duygusal-zeka-terapisi","status":"publish","type":"product","link":"https:\/\/roveyayinevi.com.tr\/index.php\/urun\/duygusal-sema-duygusal-zeka-duygusal-zeka-terapisi\/","title":{"rendered":"Duygusal \u015eema Duygusal Zeka &#8211; Duygusal Zeka Terapisi"},"content":{"rendered":"<p>Duygusal zek\u00e2n\u0131z \u0130le Ya\u015fam Senaryonuzu De\u011fi\u015ftirin!\u201cDuygusal \u015fema\u201d, \u00e7ocukluk travmalar\u0131na ba\u011fl\u0131 olarak ger\u00e7ekli\u011fin olumsuz yorumlanmas\u0131, y\u0131k\u0131c\u0131 ve olumsuz deneyimlenmesi sonucu olu\u015fan, insan\u0131n i\u00e7 d\u00fcnyas\u0131na yerle\u015fen, kendini tekrar etmek ve ger\u00e7ekle\u015ftirmek i\u00e7in uygun ko\u015fullar\u0131 yaratmaya \u00e7al\u0131\u015fan bilin\u00e7d\u0131\u015f\u0131 bir d\u00fczenektir. Travmatik an\u0131lar\u0131n, y\u0131k\u0131c\u0131 duygusal deneyimlerin ve ruh durumunun belirleyicisi olan duygusal \u015femalar, her yeni olumsuz deneyimle s\u00fcrekli g\u00fc\u00e7lenir.Duygusal \u015femalar, insan\u0131n bili\u015fleri, d\u00fc\u015f\u00fcnceleri, duygular\u0131, bedensel duyumlar\u0131, hisleri, inan\u00e7lar\u0131, an\u0131lar\u0131 ve davran\u0131\u015flar\u0131n\u0131n birbirleriyle kar\u015f\u0131l\u0131kl\u0131 etkile\u015fiminden olu\u015fmu\u015f ya\u015fam senaryolar\u0131n\u0131n ana temalar\u0131d\u0131r. Duygusal \u015femalar\u0131 zihnimizdeki iktidardan indirerek ya\u015fam senaryomuzu bizi mutlu edecek \u015fekilde de\u011fi\u015ftirmek duygusal zek\u00e2m\u0131z\u0131 geli\u015ftirip g\u00fc\u00e7lendirilmemizle m\u00fcmk\u00fcn olur.Psikoterapist &amp; Yazar &amp; E\u011fitmen Cem KE\u00c7ESanal Ve Kurgulanm\u0131\u015f Ger\u00e7eklik Alg\u0131s\u0131: \u201cDuygusal \u015fema\u201d\u201cDuygusal \u015fema\u201d, ka\u00e7\u0131p s\u0131\u011f\u0131nd\u0131\u011f\u0131m\u0131z sahte ve bilin\u00e7d\u0131\u015f\u0131 bir \u201cyuva\u201dd\u0131r. \u00c7ocuklukta deneyimledi\u011fimiz, bilin\u00e7d\u0131\u015f\u0131m\u0131zda k\u00f6kle\u015fmi\u015f travmatik ya\u015fam sahneleri, zamanla yeti\u015fkin ya\u015fam\u0131m\u0131z\u0131n ka\u00e7\u0131\u015f yerleri haline gelir. \u00dcstesinden gelemeyece\u011fimize inand\u0131\u011f\u0131m\u0131z her zorluk, ta\u015f\u0131namaz buldu\u011fumuz her y\u00fcklenme, \u201ckolay\u201d buldu\u011fumuz duygusal \u015femalara y\u00f6nlendirir bizi. Sadece al\u0131\u015f\u0131k ve tan\u0131d\u0131k oldu\u011fumuz i\u00e7in \u201cyuva\u201dya d\u00f6ner, \u201c\u015fimdi ve burada\u201d olmak yerine, \u201cge\u00e7mi\u015fte ve orada\u201d olmaya ba\u015flar\u0131z. Duygusal zek\u00e2, yuva sand\u0131\u011f\u0131m\u0131z ac\u0131l\u0131 gurbetten, \u00e7\u00f6z\u00fcm diye sar\u0131ld\u0131\u011f\u0131m\u0131z \u00e7aresiz tekrarlardan ger\u00e7ek ya\u015fama d\u00f6n\u00fc\u015f yoludur. Bu nedenle \u201cduygusal \u015fema\u201d, yani \u201cger\u00e7ek ger\u00e7eklik\u201d de\u011fil, \u201csanal ve kurgulanm\u0131\u015f ger\u00e7eklik\u201d, Duygusal Zek\u00e2 Terapisi\u2019nin \u00f6z\u00fc ve oda\u011f\u0131d\u0131r. Bu \u00f6z\u00fcn ve oda\u011f\u0131n ke\u015ffedilmesine hizmet eden bu eser psikoterapistler i\u00e7in bir ba\u015fucu kayna\u011f\u0131 olacakt\u0131r.Uluslararas\u0131 Entegratif Kognitif Psikoterapi Enstit\u00fcs\u00fc (IICPI) Duygusal zek\u00e2 Terapisi\u2019ni Anlatan \u0130lk Kaynak Eser\u2026Duygusal Zek\u00e2 Terapisi, Psikoterapist Cem Ke\u00e7e taraf\u0131ndan y\u0131llar\u0131n klinik deneyimi ve ara\u015ft\u0131rmalar\u0131 sonucunda psikoterapi kuramlar\u0131n\u0131n s\u00fczgecinden ge\u00e7en bilgeli\u011fe dayanarak geli\u015ftirilen \u201centegratif bir psikoterapi yol haritas\u0131\u201dd\u0131r ve bir psikoterapi kuram\u0131 olma yolunda ilerlemektedir. Ruhsal s\u0131k\u0131nt\u0131lar\u0131n ve ki\u015filer aras\u0131 ili\u015fkilerdeki sorunlar\u0131n kayna\u011f\u0131nda yer alan duygusal \u015femalar\u0131n etkilerini azaltmay\u0131 ya da ortadan kald\u0131rmay\u0131 sa\u011flayan duygusal zek\u00e2 becerilerinin geli\u015ftirilmesi i\u00e7in y\u00f6ntem ve tekniklerin sunuldu\u011fu yetkin bir k\u0131lavuz olan bu kitap, ruh sa\u011fl\u0131\u011f\u0131 konusunda yard\u0131m alan dan\u0131\u015fanlara ve onlara yard\u0131mc\u0131 olan uzmanlara e\u015fsiz bir rehberlik sa\u011flayacakt\u0131r.Psikoterapi ve Psikoterapistler Derne\u011fi (Psikoder)<\/p>\n","protected":false},"excerpt":{"rendered":"<p>Duygusal zek\u00e2n\u0131z \u0130le Ya\u015fam Senaryonuzu De\u011fi\u015ftirin!\u201cDuygusal \u015fema\u201d, \u00e7ocukluk travmalar\u0131na ba\u011fl\u0131 olarak ger\u00e7ekli\u011fin olumsuz yorumlanmas\u0131, y\u0131k\u0131c\u0131 ve olumsuz deneyimlenmesi sonucu olu\u015fan, insan\u0131n i\u00e7 d\u00fcnyas\u0131na yerle\u015fen, kendini tekrar<span class=\"excerpt-hellip\"> [\u2026]<\/span><\/p>\n","protected":false},"featured_media":0,"template":"","meta":{"_monsterinsights_skip_tracking":false,"_monsterinsights_sitenote_active":false,"_monsterinsights_sitenote_note":"","_monsterinsights_sitenote_category":0},"product_brand":[],"product_cat":[12358,12357],"product_tag":[],"class_list":{"0":"post-740912","1":"product","2":"type-product","3":"status-publish","5":"product_cat-genel-psikoloji","6":"product_cat-psikoloji","7":"pa_cilt-ciltsiz","8":"pa_tur-kitap","9":"pa_yayinevi-pusula-yayinevi-ankara","10":"pa_yazar-a-cem-kece","12":"first","13":"instock","14":"sale","15":"shipping-taxable","16":"purchasable","17":"product-type-simple"},"_links":{"self":[{"href":"https:\/\/roveyayinevi.com.tr\/index.php\/wp-json\/wp\/v2\/product\/740912","targetHints":{"allow":["GET"]}}],"collection":[{"href":"https:\/\/roveyayinevi.com.tr\/index.php\/wp-json\/wp\/v2\/product"}],"about":[{"href":"https:\/\/roveyayinevi.com.tr\/index.php\/wp-json\/wp\/v2\/types\/product"}],"wp:attachment":[{"href":"https:\/\/roveyayinevi.com.tr\/index.php\/wp-json\/wp\/v2\/media?parent=740912"}],"wp:term":[{"taxonomy":"product_brand","embeddable":true,"href":"https:\/\/roveyayinevi.com.tr\/index.php\/wp-json\/wp\/v2\/product_brand?post=740912"},{"taxonomy":"product_cat","embeddable":true,"href":"https:\/\/roveyayinevi.com.tr\/index.php\/wp-json\/wp\/v2\/product_cat?post=740912"},{"taxonomy":"product_tag","embeddable":true,"href":"https:\/\/roveyayinevi.com.tr\/index.php\/wp-json\/wp\/v2\/product_tag?post=740912"}],"curies":[{"name":"wp","href":"https:\/\/api.w.org\/{rel}","templated":true}]}}