{"id":740911,"date":"2025-08-28T00:37:39","date_gmt":"2025-08-27T21:37:39","guid":{"rendered":"https:\/\/roveyayinevi.com.tr\/index.php\/urun\/bir-hucreden-insana-evrim-yolculugu\/"},"modified":"2026-04-16T02:52:06","modified_gmt":"2026-04-15T23:52:06","slug":"bir-hucreden-insana-evrim-yolculugu","status":"publish","type":"product","link":"https:\/\/roveyayinevi.com.tr\/index.php\/urun\/bir-hucreden-insana-evrim-yolculugu\/","title":{"rendered":"Bir H\u00fccreden \u0130nsana Evrim Yolculu\u011fu"},"content":{"rendered":"<p>Bir h\u00fccreden ba\u015flayarak bir insana kadar \u00f6nce embriyonun, bebe\u011fin ve sonra \u00e7ocu\u011fun ya\u015fam yolculu\u011fu, ayn\u0131 zamanda canl\u0131 ya\u015fam\u0131n tarihsel yolculu\u011fudur. Evrim canl\u0131 ya\u015fam\u0131n tarihi ise; \u00e7ocu\u011fumuz bunun canl\u0131 \u015fahidi ve ispat\u0131d\u0131r. \u00c7ocu\u011fumuz bu tarihin kayd\u0131n\u0131, ilk h\u00fccresinden itibaren geli\u015fmesinin her a\u015famas\u0131nda bize yans\u0131tmaktad\u0131r. Yery\u00fcz\u00fcndeki ya\u015fam\u0131n ilk \u00f6rneklerinden bizlere kadar gelen bu bilgi kayd\u0131, ge\u00e7mi\u015f evrimsel de\u011fi\u015fimleri de i\u00e7inde biriktirip aynen korunarak nesilden nesle aktar\u0131lmaktad\u0131r. Do\u011fmu\u015f ve do\u011facak her \u00e7ocuk, milyonlarca y\u0131ldan beri devam eden biyolojik evrimin en son \u00fcr\u00fcn\u00fc olarak kabul g\u00f6rmelidir. Bu anlamda her \u00e7ocuk \u201cen eski i\u00e7in en yeni\u201d olacakt\u0131r. Bu kitapta, \u00e7ocu\u011fun tek bir h\u00fccre olarak ba\u015flad\u0131\u011f\u0131 bireysel geli\u015fim s\u00fcrecinde, yeti\u015fkin bir insan oluncaya kadar ge\u00e7irdi\u011fi de\u011fi\u015fimlerin canl\u0131 ya\u015fam\u0131n ilk \u00f6rneklerinden itibaren g\u00fcn\u00fcm\u00fcze kadar gelen de\u011fi\u015fimlere paralel bir geli\u015fme g\u00f6sterdi\u011fini okuyacaks\u0131n\u0131z. \u00c7ocu\u011fun tek h\u00fccreden bir insana d\u00f6n\u00fc\u015f\u00fcn\u00fc izlemek, evrimi anlaman\u0131n en kestirme yoludur.<\/p>\n","protected":false},"excerpt":{"rendered":"<p>Bir h\u00fccreden ba\u015flayarak bir insana kadar \u00f6nce embriyonun, bebe\u011fin ve sonra \u00e7ocu\u011fun ya\u015fam yolculu\u011fu, ayn\u0131 zamanda canl\u0131 ya\u015fam\u0131n tarihsel yolculu\u011fudur. Evrim canl\u0131 ya\u015fam\u0131n tarihi ise; \u00e7ocu\u011fumuz<span class=\"excerpt-hellip\"> [\u2026]<\/span><\/p>\n","protected":false},"featured_media":0,"template":"","meta":{"_monsterinsights_skip_tracking":false,"_monsterinsights_sitenote_active":false,"_monsterinsights_sitenote_note":"","_monsterinsights_sitenote_category":0},"product_brand":[],"product_cat":[13005],"product_tag":[],"class_list":{"0":"post-740911","1":"product","2":"type-product","3":"status-publish","5":"product_cat-bilim-muhendislik","6":"pa_cilt-ciltsiz","7":"pa_tur-kitap","8":"pa_yayinevi-pusula-yayinevi-ankara","9":"pa_yazar-senel-uguroglu","11":"first","12":"instock","13":"sale","14":"shipping-taxable","15":"purchasable","16":"product-type-simple"},"_links":{"self":[{"href":"https:\/\/roveyayinevi.com.tr\/index.php\/wp-json\/wp\/v2\/product\/740911","targetHints":{"allow":["GET"]}}],"collection":[{"href":"https:\/\/roveyayinevi.com.tr\/index.php\/wp-json\/wp\/v2\/product"}],"about":[{"href":"https:\/\/roveyayinevi.com.tr\/index.php\/wp-json\/wp\/v2\/types\/product"}],"wp:attachment":[{"href":"https:\/\/roveyayinevi.com.tr\/index.php\/wp-json\/wp\/v2\/media?parent=740911"}],"wp:term":[{"taxonomy":"product_brand","embeddable":true,"href":"https:\/\/roveyayinevi.com.tr\/index.php\/wp-json\/wp\/v2\/product_brand?post=740911"},{"taxonomy":"product_cat","embeddable":true,"href":"https:\/\/roveyayinevi.com.tr\/index.php\/wp-json\/wp\/v2\/product_cat?post=740911"},{"taxonomy":"product_tag","embeddable":true,"href":"https:\/\/roveyayinevi.com.tr\/index.php\/wp-json\/wp\/v2\/product_tag?post=740911"}],"curies":[{"name":"wp","href":"https:\/\/api.w.org\/{rel}","templated":true}]}}