{"id":740910,"date":"2025-08-28T00:37:38","date_gmt":"2025-08-27T21:37:38","guid":{"rendered":"https:\/\/roveyayinevi.com.tr\/index.php\/urun\/duygusal-sema-terapi\/"},"modified":"2026-04-16T02:52:06","modified_gmt":"2026-04-15T23:52:06","slug":"duygusal-sema-terapi","status":"publish","type":"product","link":"https:\/\/roveyayinevi.com.tr\/index.php\/urun\/duygusal-sema-terapi\/","title":{"rendered":"Duygusal \u015eema Terapi"},"content":{"rendered":"<p>Hissediyorum \u00d6yleyse Var\u0131m!Bili\u015fler ve duygular birbirini etkileyen i\u00e7 i\u00e7e ge\u00e7mi\u015f bir yap\u0131 olu\u015fturur. Duygular, neyin \u00f6nemli oldu\u011funu ve ki\u015fiyi neyin motive etti\u011fini s\u00f6yleyen yol g\u00f6stericilerdir. Duygular bizi harekete ge\u00e7irir ama resmin b\u00fct\u00fcn\u00fc daha karma\u015f\u0131kt\u0131r, yani olaylarla ilgili \u00e7\u0131kar\u0131mlar\u0131m\u0131z, duygular\u0131m\u0131z\u0131 nas\u0131l de\u011ferlendirdi\u011fimiz ve duygular\u0131m\u0131zla ba\u015f etme stratejilerimizle bir b\u00fct\u00fcn olu\u015fturur. \u0130\u015fte bu b\u00fcy\u00fck resmi duygusal \u015fema terapi ile ke\u015ffedebiliriz. Descartes \u201cD\u00fc\u015f\u00fcn\u00fcyorum, \u00f6yleyse var\u0131m&#8221; demi\u015fti, bense \u201cHissediyorum, \u00f6yleyse var\u0131m\u201d diyorum&#8230;Prof. Dr. Robert L. Leahy &#8211; Weill-Cornell \u00dcniversitesi T\u0131p Fak\u00fcltesi Klinik Psikoloji Profes\u00f6r\u00fcAnlaml\u0131 Bir Ya\u015fam Sadece \u0130yi Hissetmekle De\u011fil Her \u015eeyi Hissetmekle M\u00fcmk\u00fcnd\u00fcr!Prof. Dr. Robert L. Leahy, kendi duygular\u0131m\u0131z\u0131 ve ba\u015fkalar\u0131n\u0131n duygular\u0131n\u0131 nas\u0131l alg\u0131lad\u0131\u011f\u0131m\u0131z\u0131, yorumlad\u0131\u011f\u0131m\u0131z\u0131, de\u011ferlendirdi\u011fimizi ve bunlar\u0131n sonucunda nas\u0131l davrand\u0131\u011f\u0131m\u0131z\u0131 a\u00e7\u0131klayan sosyobili\u015fsel model geli\u015ftirdi. Bu modelinin temelinde yer alan duygusal \u015femalar\u0131n ruhsal s\u0131k\u0131nt\u0131lar\u0131n ve ki\u015filer aras\u0131 ili\u015fkilerdeki sorunlar\u0131n \u00e7\u00f6z\u00fcm\u00fcndeki anahtar rol\u00fcn\u00fc t\u00fcm a\u00e7\u0131kl\u0131\u011f\u0131yla ortaya koydu. Duygusal \u015fema terapinin kuramsal ve pratik bile\u015fenlerini zengin vaka \u00f6rnekleriyle anlatan bu kitap, anlaml\u0131 bir ya\u015fam\u0131n sadece iyi hissetmekle de\u011fil, her \u015feyi hissetme yetene\u011fine sahip olmakla m\u00fcmk\u00fcn oldu\u011funu g\u00f6steriyor&#8230;Psikoterapist &amp; Yazar Cem KE\u00c7E &#8211; Cinsel Sa\u011fl\u0131k Enstit\u00fcs\u00fc Derne\u011fi (C\u0130SED) Genel Ba\u015fkan\u0131Her Y\u00f6n\u00fcyle Duygusal \u015eema Terapi ModeliDuygusal \u015eema Terapi, zor duygularla ba\u015f etmeye \u00e7al\u0131\u015fan ki\u015filere yard\u0131mc\u0131 olmay\u0131 ama\u00e7layan nitelikli bir kaynakt\u0131r. Prof. Dr. Robert L. Leahy\u2019nin klinik alanda y\u0131llara dayanan deneyimlerinden yola \u00e7\u0131karak yazd\u0131\u011f\u0131 bu e\u015fsiz eser, okuyucuya duygusal \u015fema terapi ile ilgili genel bir bak\u0131\u015f a\u00e7\u0131s\u0131 ve pratik \u00e7al\u0131\u015fma zemini kazand\u0131racakt\u0131r. Duyusal \u015fema terapinin ay\u0131r\u0131c\u0131 \u00f6zelliklerinin a\u00e7\u0131kland\u0131\u011f\u0131 bu kitapta on be\u015f kuramsal, on be\u015f pratik teknik anlat\u0131lm\u0131\u015ft\u0131r. Kitap ruh sa\u011fl\u0131\u011f\u0131 alan\u0131nda \u00e7al\u0131\u015fan uzmanlara ve psikoterapistlere de\u011ferli bir kaynak olman\u0131n yan\u0131 s\u0131ra, duygular\u0131n ve duygu reg\u00fclasyonunun hayat\u0131m\u0131zdaki rol\u00fcn\u00fc kavramak isteyen herkes i\u00e7in de kullan\u0131\u015fl\u0131 bir rehber olacakt\u0131r&#8230;Uluslararas\u0131 Entegratif Kognitif Psikoterapi Enstit\u00fcs\u00fc (IICPI)<\/p>\n","protected":false},"excerpt":{"rendered":"<p>Hissediyorum \u00d6yleyse Var\u0131m!Bili\u015fler ve duygular birbirini etkileyen i\u00e7 i\u00e7e ge\u00e7mi\u015f bir yap\u0131 olu\u015fturur. Duygular, neyin \u00f6nemli oldu\u011funu ve ki\u015fiyi neyin motive etti\u011fini s\u00f6yleyen yol g\u00f6stericilerdir. Duygular<span class=\"excerpt-hellip\"> [\u2026]<\/span><\/p>\n","protected":false},"featured_media":0,"template":"","meta":{"_monsterinsights_skip_tracking":false,"_monsterinsights_sitenote_active":false,"_monsterinsights_sitenote_note":"","_monsterinsights_sitenote_category":0},"product_brand":[],"product_cat":[12358,12357],"product_tag":[],"class_list":{"0":"post-740910","1":"product","2":"type-product","3":"status-publish","5":"product_cat-genel-psikoloji","6":"product_cat-psikoloji","7":"pa_cilt-ciltsiz","8":"pa_tur-kitap","9":"pa_yayinevi-pusula-yayinevi-ankara","10":"pa_yazar-robert-l-leahy","12":"first","13":"instock","14":"sale","15":"shipping-taxable","16":"purchasable","17":"product-type-simple"},"_links":{"self":[{"href":"https:\/\/roveyayinevi.com.tr\/index.php\/wp-json\/wp\/v2\/product\/740910","targetHints":{"allow":["GET"]}}],"collection":[{"href":"https:\/\/roveyayinevi.com.tr\/index.php\/wp-json\/wp\/v2\/product"}],"about":[{"href":"https:\/\/roveyayinevi.com.tr\/index.php\/wp-json\/wp\/v2\/types\/product"}],"wp:attachment":[{"href":"https:\/\/roveyayinevi.com.tr\/index.php\/wp-json\/wp\/v2\/media?parent=740910"}],"wp:term":[{"taxonomy":"product_brand","embeddable":true,"href":"https:\/\/roveyayinevi.com.tr\/index.php\/wp-json\/wp\/v2\/product_brand?post=740910"},{"taxonomy":"product_cat","embeddable":true,"href":"https:\/\/roveyayinevi.com.tr\/index.php\/wp-json\/wp\/v2\/product_cat?post=740910"},{"taxonomy":"product_tag","embeddable":true,"href":"https:\/\/roveyayinevi.com.tr\/index.php\/wp-json\/wp\/v2\/product_tag?post=740910"}],"curies":[{"name":"wp","href":"https:\/\/api.w.org\/{rel}","templated":true}]}}