{"id":740907,"date":"2025-08-28T00:37:35","date_gmt":"2025-08-27T21:37:35","guid":{"rendered":"https:\/\/roveyayinevi.com.tr\/index.php\/urun\/kefaret-3\/"},"modified":"2026-04-16T02:52:06","modified_gmt":"2026-04-15T23:52:06","slug":"kefaret-3","status":"publish","type":"product","link":"https:\/\/roveyayinevi.com.tr\/index.php\/urun\/kefaret-3\/","title":{"rendered":"Kefaret"},"content":{"rendered":"<p>&#8220;Kefaret \u0130blis&#8217;ten Miras Kald\u0131!&#8221;&#8221;Kefaret \u00f6demek; ge\u00e7mi\u015fle y\u00fczle\u015fmekten, su\u00e7luluk ve g\u00fcnahk\u00e2rl\u0131k duygusuyla m\u00fccadele etmekten daha kolay\u2026 Kendini kurban rol\u00fcne sokmak, Tanr\u0131\u2019n\u0131n ba\u011f\u0131\u015flayaca\u011f\u0131 umuduyla kendi h\u00fckm\u00fcn\u00fc vermek veya haks\u0131z yere ceza \u00e7ekmek; yeti\u015fkin olmaktan \u00e7ok daha kolay&#8230; \u0130nsan yeti\u015fkin par\u00e7as\u0131n\u0131 iktidara ta\u015f\u0131yamad\u0131\u011f\u0131nda i\u00e7indeki \u00e7ocuk par\u00e7as\u0131yla kurban olmay\u0131 kendili\u011finden se\u00e7mi\u015f olur, b\u00f6ylece ya\u015fad\u0131\u011f\u0131 her elemi veya yolunda gitmeyen her i\u015fi g\u00fcnahlar\u0131na kefaret sayar, kefaret \u00f6demenin g\u00fcnahlar\u0131n\u0131 azaltt\u0131\u011f\u0131n\u0131 san\u0131r. Bir g\u00fcnah\u0131n hatta kendi i\u015flemedi\u011fi bir g\u00fcnah\u0131n kefaretini \u00f6demek; insan\u0131 \u2018g\u00fcnahs\u0131z\u2019 yapmaz, g\u00fcnahtan uzak tutmaz, aksine yeni g\u00fcnahlara davetiye \u00e7\u0131kar\u0131r. \u00c7\u00fcnk\u00fc kefaretini \u00f6deyerek g\u00fcnah\u0131ndan ar\u0131nd\u0131\u011f\u0131na inanan, yeni g\u00fcnahlar\u0131n pe\u015fine d\u00fc\u015fer&#8230;&#8221;&#8221;\u00c7ocuklar ve Gen\u00e7ler Masumdur!&#8221;&#8221;Kaputbezini s\u00f6k\u00fcp yata\u011f\u0131 a\u00e7mak, y\u00fcnlerini \u00e7\u0131kar\u0131p havaland\u0131rmak gerekiyordu; kimi yeri sertle\u015fmi\u015fti. Engebelerle dolu yatakta diledi\u011fince hareketlenemiyordu. Yorgan da \u00e7ekiliyor, b\u00fcy\u00fcmekte olan bi\u00e7imsiz ayaklar\u0131n\u0131 a\u00e7\u0131kta b\u0131rak\u0131yordu. Ayaklar\u0131 \u00fc\u015f\u00fcyordu; ama bir yerleri sanki sonbahar g\u00fcne\u015fi de\u011fiyormu\u015f gibi belli belirsiz \u0131s\u0131n\u0131yordu. Ayaklar\u0131 kademe kademe b\u00fcy\u00fcyor, b\u00fcy\u00fcyor, b\u00fcy\u00fcyordu. B\u00fcy\u00fcd\u00fck\u00e7e saraya giden yolu daha h\u0131zl\u0131 al\u0131yordu. Ne ho\u015f, ne tatl\u0131! Ne yaz\u0131yordu giri\u015fin \u00fczerinde? Zevkler Saray\u0131. \u0130\u00e7indeki ses zindana at\u0131laca\u011f\u0131n\u0131 s\u00f6yl\u00fcyordu. Ah! Kim dur diyebilir kendine, bu kadar ilerlemi\u015fken hem de! Ne ho\u015f! Ne \u00e7abuk! Zindanda \u00f6l\u00fcyordu. Kefeninin \u00fczerinde iki damla leke\u2026 Oysa temiz gitmek gerekirdi ahirete. Yo, \u00f6lm\u00fcyordu, \u00f6lmeyecekti; yine de yem olacakt\u0131 \u00e7\u0131yanlara, bin bir \u00e7e\u015fit b\u00f6ce\u011fe ve solucanlara. Bu nas\u0131l bir ceza!&#8221;<\/p>\n","protected":false},"excerpt":{"rendered":"<p>&#8220;Kefaret \u0130blis&#8217;ten Miras Kald\u0131!&#8221;&#8221;Kefaret \u00f6demek; ge\u00e7mi\u015fle y\u00fczle\u015fmekten, su\u00e7luluk ve g\u00fcnahk\u00e2rl\u0131k duygusuyla m\u00fccadele etmekten daha kolay\u2026 Kendini kurban rol\u00fcne sokmak, Tanr\u0131\u2019n\u0131n ba\u011f\u0131\u015flayaca\u011f\u0131 umuduyla kendi h\u00fckm\u00fcn\u00fc vermek veya<span class=\"excerpt-hellip\"> [\u2026]<\/span><\/p>\n","protected":false},"featured_media":0,"template":"","meta":{"_monsterinsights_skip_tracking":false,"_monsterinsights_sitenote_active":false,"_monsterinsights_sitenote_note":"","_monsterinsights_sitenote_category":0},"product_brand":[],"product_cat":[12291,12711],"product_tag":[],"class_list":{"0":"post-740907","1":"product","2":"type-product","3":"status-publish","5":"product_cat-edebiyat","6":"product_cat-roman-oyku","7":"pa_cilt-ciltsiz","8":"pa_tur-kitap","9":"pa_yayinevi-pusula-yayinevi-ankara","10":"pa_yazar-a-cem-kece","12":"first","13":"instock","14":"sale","15":"shipping-taxable","16":"purchasable","17":"product-type-simple"},"_links":{"self":[{"href":"https:\/\/roveyayinevi.com.tr\/index.php\/wp-json\/wp\/v2\/product\/740907","targetHints":{"allow":["GET"]}}],"collection":[{"href":"https:\/\/roveyayinevi.com.tr\/index.php\/wp-json\/wp\/v2\/product"}],"about":[{"href":"https:\/\/roveyayinevi.com.tr\/index.php\/wp-json\/wp\/v2\/types\/product"}],"wp:attachment":[{"href":"https:\/\/roveyayinevi.com.tr\/index.php\/wp-json\/wp\/v2\/media?parent=740907"}],"wp:term":[{"taxonomy":"product_brand","embeddable":true,"href":"https:\/\/roveyayinevi.com.tr\/index.php\/wp-json\/wp\/v2\/product_brand?post=740907"},{"taxonomy":"product_cat","embeddable":true,"href":"https:\/\/roveyayinevi.com.tr\/index.php\/wp-json\/wp\/v2\/product_cat?post=740907"},{"taxonomy":"product_tag","embeddable":true,"href":"https:\/\/roveyayinevi.com.tr\/index.php\/wp-json\/wp\/v2\/product_tag?post=740907"}],"curies":[{"name":"wp","href":"https:\/\/api.w.org\/{rel}","templated":true}]}}