{"id":740906,"date":"2025-08-28T00:37:35","date_gmt":"2025-08-27T21:37:35","guid":{"rendered":"https:\/\/roveyayinevi.com.tr\/index.php\/urun\/erkegin-cinsel-yasami\/"},"modified":"2026-04-16T02:52:06","modified_gmt":"2026-04-15T23:52:06","slug":"erkegin-cinsel-yasami","status":"publish","type":"product","link":"https:\/\/roveyayinevi.com.tr\/index.php\/urun\/erkegin-cinsel-yasami\/","title":{"rendered":"Erke\u011fin Cinsel Ya\u015fam\u0131"},"content":{"rendered":"<p>Cinsellik ya\u015fam\u0131n ayr\u0131lmaz bir par\u00e7as\u0131d\u0131r, ya\u015famla birlikte ba\u015flar ve ya\u015famla birlikte sona erer. Cinsel d\u00fcrt\u00fclere do\u011fu\u015ftan sahip oluruz ama cinselli\u011fi sorunsuz ve zevkli ya\u015famak i\u00e7in bilgi ve fark\u0131ndal\u0131k gerekir. Montaigne\u2019in \u201cEn az bilinen \u015feylere, en \u00e7ok inan\u0131l\u0131r\u201d s\u00f6z\u00fcnde oldu\u011fu gibi cinsellik de genellikle \u00e7ok az \u015fey bilindi\u011fi halde her \u015fey biliniyormu\u015f gibi ya\u015fan\u0131r ama cinsel bilgilerin eksik ya da yanl\u0131\u015f olmas\u0131 beraberinde cinsel sorunlar\u0131 getirir. Tart\u0131\u015fma yaratan, k\u0131\u015fk\u0131rt\u0131c\u0131 ve zeka dolu \u201cErke\u011fin Cinsel Ya\u015fam\u0131\u201d adl\u0131 bu kitap, cinsellik hakk\u0131nda bildi\u011finiz neredeyse her \u015feyi \u00e7\u00fcr\u00fctecektir, erkeklerin cinsel ya\u015fam\u0131na dair bilgilerinizi artt\u0131rman\u0131za, sa\u011fl\u0131kl\u0131 ve mutlu bir cinsel ya\u015fama sahip olma f\u0131rsat\u0131n\u0131 yakalaman\u0131za yard\u0131mc\u0131 olacakt\u0131r. Psikoterapi ve Psikoterapistler Derne\u011fi (PS\u0130KODER)Cinselli\u011fi Z\u0130rveye Ta\u015f\u0131y\u0131n\u2026Bir erkek i\u00e7in cinselli\u011fi do\u011fru bilmek ve kendi v\u00fccudunu tan\u0131mak en \u00f6nemli cinsel becerilerden biridir. Seks hakk\u0131nda bildi\u011finizi d\u00fc\u015f\u00fcnd\u00fc\u011f\u00fcn\u00fcz her \u015feyi alt \u00fcst edecek olan \u201cErke\u011fin Cinsel Ya\u015fam\u0131\u201d adl\u0131 bu kitap, cinsel becerinin \u015fifrelerini ke\u015ffedip cinselli\u011fi, t\u00fcm \u00f6nyarg\u0131lar ve yanl\u0131\u015f bilgilerden uzakla\u015farak, rahats\u0131z olmadan, utan\u0131p s\u0131k\u0131lmadan, sorun ya\u015famadan, yarat\u0131c\u0131l\u0131\u011f\u0131n\u0131z\u0131 kullanarak, \u00f6zg\u00fcrce deneyimlemenize, seks hayat\u0131n\u0131z\u0131 kendiniz ve partneriniz i\u00e7in zirve deneyimlerine ula\u015facak bir noktaya getirmenize yard\u0131mc\u0131 olacakt\u0131r. Cinsel Sa\u011fl\u0131k Enstit\u00fcs\u00fc Derne\u011fi (C\u0130SED)Erkek Cinselli\u011fini T\u00fcm Y\u00f6nleriyle Ke\u015ffedin\u2026\u00c7o\u011fu erkek cinselli\u011fi arkada\u015flar\u0131yla kulaktan dolma bilgileri payla\u015farak ya da pornografik yay\u0131nlar\u0131 takip ederek \u00f6\u011frenir. Ancak bu tam ve do\u011fru bir \u00f6\u011frenme de\u011fildir, bilinmeyenlerin ya da do\u011fru bilinen yanl\u0131\u015flar\u0131n oldu\u011fu bir cinsel ya\u015famda yolunuzu kaybetmenizin de nedenlerinden biridir. Partnerinizin cinsel ve duygusal t\u00fcm davran\u0131\u015flar\u0131n\u0131 anlamak istiyorsan\u0131z mutlaka okuman\u0131z gereken \u201cErke\u011fin Cinsel Ya\u015fam\u0131\u201d adl\u0131 bu kitap, erkek cinselli\u011finin b\u00fct\u00fcn y\u00f6nlerini ayd\u0131nlatacak, cinselli\u011fin fiziksel ve duygusal boyutunu derinle\u015ftirmenizi sa\u011flayacak bilgi ve \u00f6nerileriyle k\u0131lavuzunuz olacakt\u0131r.<\/p>\n","protected":false},"excerpt":{"rendered":"<p>Cinsellik ya\u015fam\u0131n ayr\u0131lmaz bir par\u00e7as\u0131d\u0131r, ya\u015famla birlikte ba\u015flar ve ya\u015famla birlikte sona erer. Cinsel d\u00fcrt\u00fclere do\u011fu\u015ftan sahip oluruz ama cinselli\u011fi sorunsuz ve zevkli ya\u015famak i\u00e7in bilgi<span class=\"excerpt-hellip\"> [\u2026]<\/span><\/p>\n","protected":false},"featured_media":0,"template":"","meta":{"_monsterinsights_skip_tracking":false,"_monsterinsights_sitenote_active":false,"_monsterinsights_sitenote_note":"","_monsterinsights_sitenote_category":0},"product_brand":[],"product_cat":[17502,13488],"product_tag":[],"class_list":{"0":"post-740906","1":"product","2":"type-product","3":"status-publish","5":"product_cat-cinsellik","6":"product_cat-toplum-ve-insan","7":"pa_cilt-ciltsiz","8":"pa_tur-kitap","9":"pa_yayinevi-pusula-yayinevi-ankara","10":"pa_yazar-a-cem-kece","12":"first","13":"instock","14":"sale","15":"shipping-taxable","16":"purchasable","17":"product-type-simple"},"_links":{"self":[{"href":"https:\/\/roveyayinevi.com.tr\/index.php\/wp-json\/wp\/v2\/product\/740906","targetHints":{"allow":["GET"]}}],"collection":[{"href":"https:\/\/roveyayinevi.com.tr\/index.php\/wp-json\/wp\/v2\/product"}],"about":[{"href":"https:\/\/roveyayinevi.com.tr\/index.php\/wp-json\/wp\/v2\/types\/product"}],"wp:attachment":[{"href":"https:\/\/roveyayinevi.com.tr\/index.php\/wp-json\/wp\/v2\/media?parent=740906"}],"wp:term":[{"taxonomy":"product_brand","embeddable":true,"href":"https:\/\/roveyayinevi.com.tr\/index.php\/wp-json\/wp\/v2\/product_brand?post=740906"},{"taxonomy":"product_cat","embeddable":true,"href":"https:\/\/roveyayinevi.com.tr\/index.php\/wp-json\/wp\/v2\/product_cat?post=740906"},{"taxonomy":"product_tag","embeddable":true,"href":"https:\/\/roveyayinevi.com.tr\/index.php\/wp-json\/wp\/v2\/product_tag?post=740906"}],"curies":[{"name":"wp","href":"https:\/\/api.w.org\/{rel}","templated":true}]}}