{"id":740903,"date":"2025-08-28T00:37:32","date_gmt":"2025-08-27T21:37:32","guid":{"rendered":"https:\/\/roveyayinevi.com.tr\/index.php\/urun\/cevrimdisi-iliskiler\/"},"modified":"2026-04-16T02:52:06","modified_gmt":"2026-04-15T23:52:06","slug":"cevrimdisi-iliskiler","status":"publish","type":"product","link":"https:\/\/roveyayinevi.com.tr\/index.php\/urun\/cevrimdisi-iliskiler\/","title":{"rendered":"\u00c7evrimd\u0131\u015f\u0131 \u0130li\u015fkiler"},"content":{"rendered":"<p>\u201cBu kitap, kendi ya\u015fam\u0131m, psikoloji ihtisas\u0131m, psikoterapi mesle\u011fi ile ilgili ald\u0131\u011f\u0131m e\u011fitimler, kendi terapi s\u00fcrecim ve dan\u0131\u015fanlar\u0131mla edindi\u011fim deneyimlerin bir \u00fcr\u00fcn\u00fcd\u00fcr. Bu kitab\u0131n ad\u0131n\u0131 \u2018\u00c7evrimd\u0131\u015f\u0131 \u0130li\u015fkiler\u2019 koymam\u0131n nedeni, \u00e7o\u011fu psikolojik s\u0131k\u0131nt\u0131m\u0131z\u0131n ili\u015fki kurma bi\u00e7imimizden kaynakland\u0131\u011f\u0131n\u0131 d\u00fc\u015f\u00fcnmemdendir. \u00c7\u00fcnk\u00fc ili\u015fki kurmak ve ili\u015fkiyi s\u00fcrd\u00fcrmekte ya\u015fanan sorunlar, ili\u015fki kurma bi\u00e7imimizin nas\u0131l bir temele sahip oldu\u011funa ba\u011fl\u0131d\u0131r. Mevcut ili\u015fkilerimiz, \u00f6zellikle erken \u00e7ocukluk y\u0131llar\u0131nda \u00f6\u011frendi\u011fimiz, i\u00e7selle\u015ftirdi\u011fimiz ili\u015fki kal\u0131plar\u0131n\u0131n \u00fczerine kurulur. Bu y\u00fczden sa\u011fl\u0131kl\u0131 ili\u015fkiler kurup ili\u015fkiyi s\u00fcrd\u00fcrebilmemiz, yak\u0131n\u0131m\u0131zdakilerle \u2018\u00c7evrimi\u00e7i \u0130li\u015fki\u2019 de kalabilmemiz, ancak ili\u015fki kal\u0131plar\u0131m\u0131z\u0131 de\u011fi\u015ftirmemizle m\u00fcmk\u00fcnd\u00fcr.Okuyacaklar\u0131n\u0131z, ili\u015fki kurma bi\u00e7imlerinizi fark etmeniz, sorunlar\u0131n\u0131z\u0131n kayna\u011f\u0131n\u0131 anlayabilmeniz ve ruh sa\u011fl\u0131\u011f\u0131n\u0131z\u0131 koruyup s\u00fcrd\u00fcrebilmenize destek olabilir. Bu kitapta, bana ba\u015fvuran dan\u0131\u015fanlar i\u00e7in \u00e7e\u015fitli psikoterapi kuramlar\u0131 ile olu\u015fturdu\u011fum form\u00fcllerin onlar\u0131n ya\u015famlar\u0131n\u0131 nas\u0131l de\u011fi\u015ftirip kolayla\u015ft\u0131rd\u0131klar\u0131n\u0131 okuyabilirsiniz.\u201dAli B\u0131\u00e7ak \u2013 Psikoterapist\u201cSevgili dostum Psikoterapist Ali B\u0131\u00e7ak, \u201c\u00c7evrimd\u0131\u015f\u0131 \u0130li\u015fkiler\u201d adl\u0131 bu kitab\u0131nda ya\u015fam boyu kurulan ili\u015fkilerin en derin k\u00f6klerini a\u00e7\u0131\u011fa \u00e7\u0131kar\u0131yor, ili\u015fkilerin ruhsal boyutlar\u0131n\u0131 b\u00fcy\u00fck bir titizlik ve ustal\u0131kla anlat\u0131yor. Ya\u015fam\u0131n ilk g\u00fcn\u00fcnden itibaren bir \u00f6tekine muhta\u00e7 olan insan\u0131n sa\u011fl\u0131kl\u0131 bir birey olarak yolunda giden ili\u015fkiler kurabilmesinin, \u00e7ok yerinde ve yarat\u0131c\u0131 bir ifadeyle \u201c\u00c7evrimi\u00e7i \u0130li\u015fki\u201d kurmas\u0131yla m\u00fcmk\u00fcn olabilece\u011fini ve \u201c\u00c7evrimd\u0131\u015f\u0131\u201d kald\u0131\u011f\u0131nda kar\u015f\u0131la\u015fabilece\u011fi ruhsal sorunlar\u0131 aktar\u0131yor. Psikoloji kuramlar\u0131n\u0131, dan\u0131\u015fanlar\u0131yla klinik deneyimleri ve kendi ya\u015fam g\u00f6zlemleriyle sentezledi\u011fi ve ger\u00e7ek vakalarla \u00f6rneklendirdi\u011fi bu de\u011ferli eser arac\u0131l\u0131\u011f\u0131yla insan ili\u015fkilerinin dinamiklerini, \u00e7\u0131kmazlar\u0131n\u0131 ve \u00e7\u00f6z\u00fcmlerini sunuyor.Okuyan herkesin kendinden bir \u015feyler bulaca\u011f\u0131na ve ili\u015fkilerinde ya\u015fad\u0131\u011f\u0131 sorun ya da sorunlar\u0131n yaln\u0131z kendi ba\u015f\u0131na gelen ve \u00e7\u00f6z\u00fcm\u00fc olmayan dertler olmad\u0131\u011f\u0131n\u0131 anlamas\u0131na yard\u0131mc\u0131 olaca\u011f\u0131na inand\u0131\u011f\u0131m \u201c\u00c7evrimd\u0131\u015f\u0131 \u0130li\u015fkiler\u201di ki\u015fisel geli\u015fiminin, ili\u015fkilerinin ve ya\u015fam\u0131n\u0131n fark\u0131nda olmak isteyen herkese \u00f6neriyorum.\u201dCem Ke\u00e7e \u2013 Psikoterapist \u2013 Yazar\u201cElinizdeki eser, ger\u00e7ekten eser niteli\u011fini ta\u015f\u0131yan nadide k\u0131ymetlerden birisi olmay\u0131 hak ediyor. De\u011ferli dostum ve aziz karde\u015fim Ali B\u0131\u00e7ak kitab\u0131n\u0131n her bir c\u00fcmlesine emek vermi\u015f, organize etmi\u015f ve bir b\u00fcy\u00fck b\u00fct\u00fcn\u00fcn par\u00e7alar\u0131 haline getirmi\u015ftir. Bu k\u0131ymetli eseri dikkatli bir \u015fekilde okumaya \u00e7al\u0131\u015ft\u0131m, \u00f6r\u00fcnt\u00fcs\u00fcn\u00fc yakalamaya, ruhunu hissetmeye ve arka planda verilmek istenen o g\u00fczel mesajlar\u0131 ruhuma sindirmeye gayret ettim.Yazar\u0131n klinik deneyimleri, derinli\u011fine okumalar\u0131 ve yazara has bir kavray\u0131\u015fla bunlar\u0131 analiz ve sentez etme becerisi bize bir \u00e7ok a\u00e7\u0131l\u0131m\u0131 beraberinde getirmektedir. Kendini derinli\u011fine tan\u0131mak isteyen her bireyin, anne ve baba olacaklar\u0131n ve olanlar\u0131n, \u00f6\u011fretmenlerin, e\u011fitmenlerin, velhas\u0131l insan\u0131n \u00f6z\u00fcne dair bir \u015feyleri kavramak ve kendilerini daha g\u00fczel mamur etmek isteyen herkes i\u00e7in bir ba\u015fvuru kitab\u0131 niteli\u011finde olmas\u0131 hasebiyle, bu eseri hararetle tavsiye ediyorum.\u201dTahir \u00d6zakka\u015f \u2013 MD., PhD.<\/p>\n","protected":false},"excerpt":{"rendered":"<p>\u201cBu kitap, kendi ya\u015fam\u0131m, psikoloji ihtisas\u0131m, psikoterapi mesle\u011fi ile ilgili ald\u0131\u011f\u0131m e\u011fitimler, kendi terapi s\u00fcrecim ve dan\u0131\u015fanlar\u0131mla edindi\u011fim deneyimlerin bir \u00fcr\u00fcn\u00fcd\u00fcr. Bu kitab\u0131n ad\u0131n\u0131 \u2018\u00c7evrimd\u0131\u015f\u0131 \u0130li\u015fkiler\u2019<span class=\"excerpt-hellip\"> [\u2026]<\/span><\/p>\n","protected":false},"featured_media":0,"template":"","meta":{"_monsterinsights_skip_tracking":false,"_monsterinsights_sitenote_active":false,"_monsterinsights_sitenote_note":"","_monsterinsights_sitenote_category":0},"product_brand":[],"product_cat":[20502,12357],"product_tag":[],"class_list":{"0":"post-740903","1":"product","2":"type-product","3":"status-publish","5":"product_cat-basvuru-kitaplari-psikoloji","6":"product_cat-psikoloji","7":"pa_cilt-ciltsiz","8":"pa_tur-kitap","9":"pa_yayinevi-pusula-yayinevi-ankara","10":"pa_yazar-ali-bicak","12":"first","13":"instock","14":"sale","15":"shipping-taxable","16":"purchasable","17":"product-type-simple"},"_links":{"self":[{"href":"https:\/\/roveyayinevi.com.tr\/index.php\/wp-json\/wp\/v2\/product\/740903","targetHints":{"allow":["GET"]}}],"collection":[{"href":"https:\/\/roveyayinevi.com.tr\/index.php\/wp-json\/wp\/v2\/product"}],"about":[{"href":"https:\/\/roveyayinevi.com.tr\/index.php\/wp-json\/wp\/v2\/types\/product"}],"wp:attachment":[{"href":"https:\/\/roveyayinevi.com.tr\/index.php\/wp-json\/wp\/v2\/media?parent=740903"}],"wp:term":[{"taxonomy":"product_brand","embeddable":true,"href":"https:\/\/roveyayinevi.com.tr\/index.php\/wp-json\/wp\/v2\/product_brand?post=740903"},{"taxonomy":"product_cat","embeddable":true,"href":"https:\/\/roveyayinevi.com.tr\/index.php\/wp-json\/wp\/v2\/product_cat?post=740903"},{"taxonomy":"product_tag","embeddable":true,"href":"https:\/\/roveyayinevi.com.tr\/index.php\/wp-json\/wp\/v2\/product_tag?post=740903"}],"curies":[{"name":"wp","href":"https:\/\/api.w.org\/{rel}","templated":true}]}}