{"id":740899,"date":"2025-08-28T00:37:29","date_gmt":"2025-08-27T21:37:29","guid":{"rendered":"https:\/\/roveyayinevi.com.tr\/index.php\/urun\/kadinda-biseksualite\/"},"modified":"2026-04-16T02:52:06","modified_gmt":"2026-04-15T23:52:06","slug":"kadinda-biseksualite","status":"publish","type":"product","link":"https:\/\/roveyayinevi.com.tr\/index.php\/urun\/kadinda-biseksualite\/","title":{"rendered":"Kad\u0131nda Biseks\u00fcalite"},"content":{"rendered":"<p>&#8220;1980&#8217;li y\u0131llardan itibaren kad\u0131n biseks\u00fcalitesi ile ilgili yapt\u0131\u011f\u0131m \u00e7al\u0131\u015fmalar, kat\u0131ld\u0131\u011f\u0131m konferanslar do\u011frultusunda, &#8216;Kad\u0131n Biseks\u00fcalitesi&#8217;nin tan\u0131mlamas\u0131n\u0131 1987&#8217;de Heidelberg&#8217;de ger\u00e7ekle\u015ftirilen 8. D\u00fcnya Seksoloji Kongresi&#8217;nde yapt\u0131m. Cinsel Sa\u011fl\u0131k Enstit\u00fcs\u00fc Derne\u011fi (C\u0130SED) taraf\u0131ndan 2015&#8217;te Ankara&#8217;da d\u00fczenlenen 1. Ulusal Cinsel Sa\u011fl\u0131k Kongresi i\u00e7in C\u0130SED Ba\u015fkan\u0131 Psikoterapist Cem Ke\u00e7e&#8217;nin \u00f6nerdi\u011fi &#8216;Biseks\u00fcel Kad\u0131nlar ve Cinsel Ya\u015fam Sorunlar\u0131&#8217; konulu konferans\u0131 vermek \u00fczere haz\u0131rlan\u0131rken yapt\u0131\u011f\u0131m ara\u015ft\u0131rmalar ve ba\u015fvurdu\u011fum bilimsel yay\u0131nlarla zenginle\u015fen bilgilerim, konuyu bir kitap haline getirme fikrini do\u011furdu. Ayr\u0131ca 40 y\u0131ldan uzun s\u00fcredir t\u0131bbi seksoloji ile u\u011fra\u015f\u0131rken ve cinsel i\u015flev bozukluklar\u0131n\u0131n tedavisini yaparken klinikte \u00e7ok say\u0131da biseks\u00fcel kad\u0131na rastlad\u0131m. Sigmund Freud ve sonras\u0131nda Charlotte Wolff&#8217;un kad\u0131n biseks\u00fcalitesi konusunda g\u00f6r\u00fc\u015flerini ve yazd\u0131klar\u0131n\u0131 de\u011fi\u015fik toplumlarda klinik \u00e7al\u0131\u015fmalar\u0131mda g\u00f6zlemledim. Seks\u00fcel patolojinin bu \u00f6nemli konusuyla ilgili y\u0131llar i\u00e7indeki birikimlerimi, klinik deneyimlerimi ve bilimsel bilgileri T\u00fcrkiye&#8217;de t\u0131bbi seksoloji alan\u0131nda \u00e7al\u0131\u015fanlara, cinsel terapistlere ve ilgilenenlere yal\u0131n bir T\u00fcrk\u00e7e ile anlatmaya \u00e7al\u0131\u015farak bu kitab\u0131 haz\u0131rlad\u0131m.&#8221;Dr. Akif Poroy, t\u0131bbi seksoloji alan\u0131ndaki uzmanl\u0131\u011f\u0131 do\u011frultusunda, kad\u0131n biseks\u00fcalitesinin tarihsel s\u00fcrecinde bilimsel ara\u015ft\u0131rmalar \u0131\u015f\u0131\u011f\u0131ndaki farkl\u0131 g\u00f6r\u00fc\u015f ve bilgilere yer verdi\u011fi &#8220;Kad\u0131nda Biseks\u00fcalite&#8221; adl\u0131 kitab\u0131yla kad\u0131n cinselli\u011finin gizemli d\u00fcnyas\u0131na bir kap\u0131 aral\u0131yor ve kad\u0131n biseks\u00fcalitesi ile ilgili merak edilen sorulara yan\u0131t veriyor: &#8220;Biseks\u00fcel kad\u0131nlar erkeklerden de ho\u015flanabilir mi? Biseks\u00fcelli\u011fin heteroseks\u00fcellikten ve lesbiyenlikten fark\u0131 nedir? Biseks\u00fcellik biyolojik bir rahats\u0131zl\u0131k m\u0131? Biseks\u00fcellik do\u011fu\u015ftan var olan bir sorun mu, yoksa bir tercih mi? Biseks\u00fcel kad\u0131nlar\u0131n sa\u011fl\u0131k sorunlar\u0131 nelerdir? Heteroseks\u00fcel bir kad\u0131n sonradan biseks\u00fcel olabilir mi? Bir kad\u0131n\u0131n biseks\u00fcel oldu\u011funu kabul etme s\u00fcreci nas\u0131l olur? Biseks\u00fcellik d\u0131\u015far\u0131dan bak\u0131ld\u0131\u011f\u0131nda anla\u015f\u0131l\u0131r m\u0131? Biseks\u00fcel kad\u0131nlar\u0131n erkekler hakk\u0131ndaki d\u00fc\u015f\u00fcnceleri nas\u0131ld\u0131r? Biseks\u00fcel kad\u0131nlar birbirlerini nas\u0131l bulurlar? Biseks\u00fcel bir \u00e7ift birlikte nas\u0131l sosyalle\u015fir?&#8221;<\/p>\n","protected":false},"excerpt":{"rendered":"<p>&#8220;1980&#8217;li y\u0131llardan itibaren kad\u0131n biseks\u00fcalitesi ile ilgili yapt\u0131\u011f\u0131m \u00e7al\u0131\u015fmalar, kat\u0131ld\u0131\u011f\u0131m konferanslar do\u011frultusunda, &#8216;Kad\u0131n Biseks\u00fcalitesi&#8217;nin tan\u0131mlamas\u0131n\u0131 1987&#8217;de Heidelberg&#8217;de ger\u00e7ekle\u015ftirilen 8. D\u00fcnya Seksoloji Kongresi&#8217;nde yapt\u0131m. Cinsel Sa\u011fl\u0131k Enstit\u00fcs\u00fc<span class=\"excerpt-hellip\"> [\u2026]<\/span><\/p>\n","protected":false},"featured_media":0,"template":"","meta":{"_monsterinsights_skip_tracking":false,"_monsterinsights_sitenote_active":false,"_monsterinsights_sitenote_note":"","_monsterinsights_sitenote_category":0},"product_brand":[],"product_cat":[17502,13488],"product_tag":[],"class_list":{"0":"post-740899","1":"product","2":"type-product","3":"status-publish","5":"product_cat-cinsellik","6":"product_cat-toplum-ve-insan","7":"pa_cilt-ciltsiz","8":"pa_tur-kitap","9":"pa_yayinevi-pusula-yayinevi-ankara","10":"pa_yazar-akif-poroy","12":"first","13":"instock","14":"sale","15":"shipping-taxable","16":"purchasable","17":"product-type-simple"},"_links":{"self":[{"href":"https:\/\/roveyayinevi.com.tr\/index.php\/wp-json\/wp\/v2\/product\/740899","targetHints":{"allow":["GET"]}}],"collection":[{"href":"https:\/\/roveyayinevi.com.tr\/index.php\/wp-json\/wp\/v2\/product"}],"about":[{"href":"https:\/\/roveyayinevi.com.tr\/index.php\/wp-json\/wp\/v2\/types\/product"}],"wp:attachment":[{"href":"https:\/\/roveyayinevi.com.tr\/index.php\/wp-json\/wp\/v2\/media?parent=740899"}],"wp:term":[{"taxonomy":"product_brand","embeddable":true,"href":"https:\/\/roveyayinevi.com.tr\/index.php\/wp-json\/wp\/v2\/product_brand?post=740899"},{"taxonomy":"product_cat","embeddable":true,"href":"https:\/\/roveyayinevi.com.tr\/index.php\/wp-json\/wp\/v2\/product_cat?post=740899"},{"taxonomy":"product_tag","embeddable":true,"href":"https:\/\/roveyayinevi.com.tr\/index.php\/wp-json\/wp\/v2\/product_tag?post=740899"}],"curies":[{"name":"wp","href":"https:\/\/api.w.org\/{rel}","templated":true}]}}