{"id":740897,"date":"2025-08-28T00:37:28","date_gmt":"2025-08-27T21:37:28","guid":{"rendered":"https:\/\/roveyayinevi.com.tr\/index.php\/urun\/sevemez-kimse-beni-benim-sevdigim-kadar\/"},"modified":"2026-04-16T02:52:06","modified_gmt":"2026-04-15T23:52:06","slug":"sevemez-kimse-beni-benim-sevdigim-kadar","status":"publish","type":"product","link":"https:\/\/roveyayinevi.com.tr\/index.php\/urun\/sevemez-kimse-beni-benim-sevdigim-kadar\/","title":{"rendered":"Sevemez Kimse Beni Benim Sevdi\u011fim Kadar"},"content":{"rendered":"<p>Suda yans\u0131yan kendi g\u00f6r\u00fcnt\u00fcs\u00fcne \u00e2\u015f\u0131k olup, ula\u015f\u0131lamaz a\u015fk\u0131n\u0131n kurban\u0131 haline gelen mitolojik karakter Narcissusun hayat\u0131, g\u00fcn\u00fcm\u00fczde bir\u00e7ok ya\u015famda tekrar ediyor. \u00c7\u00fcnk\u00fc insan olman\u0131n en ac\u0131 ger\u00e7eklerinden biri, \u00f6zellikle ge\u00e7mi\u015f \u00e7ocukluk ya\u015famlar\u0131 duygusal ac\u0131lar veya hayal k\u0131r\u0131kl\u0131klar\u0131 i\u00e7eriyorsa, insan\u0131n ge\u00e7mi\u015fini tekrarlamak \u00fczere donanm\u0131\u015f olmas\u0131d\u0131r. Ge\u00e7mi\u015f hep tekrar eder, mek\u00e2nlar de\u011fi\u015fir, zaman de\u011fi\u015fir, oyuncular de\u011fi\u015fir ama roller hep ayn\u0131 kal\u0131r. Her \u00e7a\u011f, kendisini olu\u015fturan \u00f6zg\u00fcn rollerin tekrarland\u0131\u011f\u0131 ve abart\u0131l\u0131 \u015fekilde d\u0131\u015fa vuruldu\u011fu, patolojik davran\u0131\u015f bi\u00e7imleri yarat\u0131r. Yeni y\u00fczy\u0131l\u0131n tekrar eden en \u00f6nemli rollerinden biri patolojik narsisizm yani narsisistik yap\u0131d\u0131r.Psikolojik sorunlar, a\u015fk, yak\u0131n ili\u015fkiler, aile, evlilik ve cinsellik konular\u0131ndaki yaz\u0131lar\u0131yla, kitaplar\u0131yla ve ruh sa\u011fl\u0131\u011f\u0131 profesyonellerine verdi\u011fi e\u011fitimleriyle \u00e7al\u0131\u015fmalar\u0131n\u0131 s\u00fcrd\u00fcren Dr. A. Cem Ke\u00e7e; olduk\u00e7a sade ve anla\u015f\u0131labilir bir \u00fcslupla, tan\u0131s\u0131 ve terapisi olduk\u00e7a g\u00fc\u00e7 olan narsisistik yap\u0131y\u0131 tart\u0131\u015fmaya a\u00e7\u0131yor. Modern toplumlarda s\u00fcratle yay\u0131lan narsisistik yap\u0131yla ilgili var olan, yeni, \u00f6zg\u00fcn, kuramsal ve pratik psikoterapotik ilkeleri bu kitab\u0131nda bir araya getiriyor. \u00d6zellikle nesne ili\u015fkileri ve kendilik psikolojisine dayanan kuramsal yakla\u015f\u0131mlar\u0131 harmanl\u0131yor. Narsisistik ki\u015finin kendi i\u00e7ine g\u00f6m\u00fcl\u00fcp t\u00fcm dikkatini kendisine vermesinin ilk ba\u015fta kendisini, ailesini ve sonra toplum ya\u015fam\u0131n\u0131 nas\u0131l olumsuz etkiledi\u011fini ve \u015fi\u015firilmi\u015f bir kendilikle birlikte ne t\u00fcr ac\u0131lara maruz kald\u0131\u011f\u0131n\u0131 soru\u015fturuyor. Detayl\u0131 analizlere ve vaka hik\u00e2yelerine dayanarak narsisistik yap\u0131n\u0131n \u00e7ok yayg\u0131n bir ki\u015filik \u00f6rg\u00fctlenmesi oldu\u011funa dikkat \u00e7ekiyor. \u00c7\u00fcnk\u00fc Facebook ve Twitter gibi ki\u015finin egosunu parlat\u0131p vitrine \u00e7\u0131kard\u0131\u011f\u0131 ileti\u015fim ara\u00e7lar\u0131yla beslenen ve insan ruhunun yaln\u0131zl\u0131\u011f\u0131n\u0131n sidikli kontesi diye tan\u0131mlanan narsisistik yap\u0131; k\u0131sa vadede ki\u015fiyi mutlu ediyormu\u015f gibi g\u00f6r\u00fcnse de, er ya da ge\u00e7 onu bunal\u0131ma ve s\u0131k\u0131nt\u0131ya sokabiliyor, sevgi, fedak\u00e2rl\u0131k, yard\u0131mseverlik gibi de\u011ferlere yabanc\u0131la\u015fm\u0131\u015f bir \u015fekilde &#8220;m\u0131\u015f gibi&#8221; ya\u015famas\u0131na yol a\u00e7abiliyor, toplumsal yozla\u015fmalara ve cinsel sapk\u0131nl\u0131klara neden olabiliyor.<\/p>\n","protected":false},"excerpt":{"rendered":"<p>Suda yans\u0131yan kendi g\u00f6r\u00fcnt\u00fcs\u00fcne \u00e2\u015f\u0131k olup, ula\u015f\u0131lamaz a\u015fk\u0131n\u0131n kurban\u0131 haline gelen mitolojik karakter Narcissusun hayat\u0131, g\u00fcn\u00fcm\u00fczde bir\u00e7ok ya\u015famda tekrar ediyor. \u00c7\u00fcnk\u00fc insan olman\u0131n en ac\u0131 ger\u00e7eklerinden<span class=\"excerpt-hellip\"> [\u2026]<\/span><\/p>\n","protected":false},"featured_media":0,"template":"","meta":{"_monsterinsights_skip_tracking":false,"_monsterinsights_sitenote_active":false,"_monsterinsights_sitenote_note":"","_monsterinsights_sitenote_category":0},"product_brand":[],"product_cat":[14787,13488],"product_tag":[],"class_list":{"0":"post-740897","1":"product","2":"type-product","3":"status-publish","5":"product_cat-diger-toplum-ve-insan","6":"product_cat-toplum-ve-insan","7":"pa_cilt-ciltsiz","8":"pa_tur-kitap","9":"pa_yayinevi-pusula-yayinevi-ankara","10":"pa_yazar-a-cem-kece","12":"first","13":"instock","14":"sale","15":"shipping-taxable","16":"purchasable","17":"product-type-simple"},"_links":{"self":[{"href":"https:\/\/roveyayinevi.com.tr\/index.php\/wp-json\/wp\/v2\/product\/740897","targetHints":{"allow":["GET"]}}],"collection":[{"href":"https:\/\/roveyayinevi.com.tr\/index.php\/wp-json\/wp\/v2\/product"}],"about":[{"href":"https:\/\/roveyayinevi.com.tr\/index.php\/wp-json\/wp\/v2\/types\/product"}],"wp:attachment":[{"href":"https:\/\/roveyayinevi.com.tr\/index.php\/wp-json\/wp\/v2\/media?parent=740897"}],"wp:term":[{"taxonomy":"product_brand","embeddable":true,"href":"https:\/\/roveyayinevi.com.tr\/index.php\/wp-json\/wp\/v2\/product_brand?post=740897"},{"taxonomy":"product_cat","embeddable":true,"href":"https:\/\/roveyayinevi.com.tr\/index.php\/wp-json\/wp\/v2\/product_cat?post=740897"},{"taxonomy":"product_tag","embeddable":true,"href":"https:\/\/roveyayinevi.com.tr\/index.php\/wp-json\/wp\/v2\/product_tag?post=740897"}],"curies":[{"name":"wp","href":"https:\/\/api.w.org\/{rel}","templated":true}]}}