{"id":740896,"date":"2025-08-28T00:37:27","date_gmt":"2025-08-27T21:37:27","guid":{"rendered":"https:\/\/roveyayinevi.com.tr\/index.php\/urun\/15-temmuz-en-uzun-gece\/"},"modified":"2026-04-16T02:52:06","modified_gmt":"2026-04-15T23:52:06","slug":"15-temmuz-en-uzun-gece","status":"publish","type":"product","link":"https:\/\/roveyayinevi.com.tr\/index.php\/urun\/15-temmuz-en-uzun-gece\/","title":{"rendered":"15 Temmuz En Uzun Gece"},"content":{"rendered":"<p>T\u00fcrkiye, 16 Temmuz sabah\u0131na, u\u00e7urumun kenar\u0131ndan d\u00f6nm\u00fc\u015f bir \u015fekilde uyand\u0131. T\u00fcrkiye&#8217;yi u\u00e7urumun kenar\u0131ndan d\u00f6nd\u00fcren ise korkusuzca tanklar\u0131n \u00f6n\u00fcne yatan, \u00f6l\u00fcm\u00fc g\u00f6ze al\u0131p mermilere kendini siper eden demokrasi kahramanlar\u0131yd\u0131. Bu m\u00fccadele ise kolay olmad\u0131;\u015fehitler, yaralananlar, sakat kalanlar\u2026 Bu kitapta, i\u015fte o gecenin kahramanlar\u0131n\u0131n s\u00f6yleyecekleri, anlatacaklar\u0131 var\u2026\u00d6l\u00fcmden d\u00f6nen ve &#8220;O gece, \u00c7anakkale&#8217;de \u015fehit olan karde\u015flerimizin ruhu, ar\u0131 gibi geldi kalplerimize kondu&#8221; diyen in\u015faat i\u015f\u00e7isi Fehmi&#8217;yi; hastanede aya\u011f\u0131na bandaj yapt\u0131r\u0131p tekrar soka\u011fa ko\u015fan mobilyac\u0131 Fatih&#8217;i; ameliyattan \u00e7\u0131kar \u00e7\u0131kmaz &#8220;Beni bo\u015fverin, devlet kald\u0131 m\u0131 gitti mi?&#8221; diye soran 70 ya\u015f\u0131ndaki Mustafa Amca&#8217;y\u0131; bir daha y\u00fcr\u00fcyemeyecek olsa da &#8220;Vatan sa\u011folsun&#8221; diyen \u00f6\u011fretmen Derya&#8217;y\u0131; TRT&#8217;yi geri alabilmek i\u00e7in namluya elini uzatan kaynak\u00e7\u0131 Ali&#8217;yi; milli formas\u0131yla meydana ko\u015fan ve kanl\u0131 formas\u0131n\u0131 \u00f6mr\u00fc boyunca saklayacak olan milli karateci Vildan&#8217;\u0131 okuyacaks\u0131n\u0131z.K\u0131sacas\u0131, karanl\u0131k 15 Temmuz gecesini, ayd\u0131nl\u0131k 16 Temmuz sabah\u0131na \u00e7eviren demokrasi kahramanlar\u0131n\u0131 dinleyeceksiniz.<\/p>\n","protected":false},"excerpt":{"rendered":"<p>T\u00fcrkiye, 16 Temmuz sabah\u0131na, u\u00e7urumun kenar\u0131ndan d\u00f6nm\u00fc\u015f bir \u015fekilde uyand\u0131. T\u00fcrkiye&#8217;yi u\u00e7urumun kenar\u0131ndan d\u00f6nd\u00fcren ise korkusuzca tanklar\u0131n \u00f6n\u00fcne yatan, \u00f6l\u00fcm\u00fc g\u00f6ze al\u0131p mermilere kendini siper eden<span class=\"excerpt-hellip\"> [\u2026]<\/span><\/p>\n","protected":false},"featured_media":0,"template":"","meta":{"_monsterinsights_skip_tracking":false,"_monsterinsights_sitenote_active":false,"_monsterinsights_sitenote_note":"","_monsterinsights_sitenote_category":0},"product_brand":[],"product_cat":[13590,12337],"product_tag":[],"class_list":{"0":"post-740896","1":"product","2":"type-product","3":"status-publish","5":"product_cat-arastirma-inceleme-politika-siyaset","6":"product_cat-politika-siyaset","7":"pa_cilt-ciltsiz","8":"pa_tur-kitap","9":"pa_yayinevi-pusula-yayinevi-ankara","10":"pa_yazar-eray-gorgulu","12":"first","13":"instock","14":"sale","15":"shipping-taxable","16":"purchasable","17":"product-type-simple"},"_links":{"self":[{"href":"https:\/\/roveyayinevi.com.tr\/index.php\/wp-json\/wp\/v2\/product\/740896","targetHints":{"allow":["GET"]}}],"collection":[{"href":"https:\/\/roveyayinevi.com.tr\/index.php\/wp-json\/wp\/v2\/product"}],"about":[{"href":"https:\/\/roveyayinevi.com.tr\/index.php\/wp-json\/wp\/v2\/types\/product"}],"wp:attachment":[{"href":"https:\/\/roveyayinevi.com.tr\/index.php\/wp-json\/wp\/v2\/media?parent=740896"}],"wp:term":[{"taxonomy":"product_brand","embeddable":true,"href":"https:\/\/roveyayinevi.com.tr\/index.php\/wp-json\/wp\/v2\/product_brand?post=740896"},{"taxonomy":"product_cat","embeddable":true,"href":"https:\/\/roveyayinevi.com.tr\/index.php\/wp-json\/wp\/v2\/product_cat?post=740896"},{"taxonomy":"product_tag","embeddable":true,"href":"https:\/\/roveyayinevi.com.tr\/index.php\/wp-json\/wp\/v2\/product_tag?post=740896"}],"curies":[{"name":"wp","href":"https:\/\/api.w.org\/{rel}","templated":true}]}}