{"id":740895,"date":"2025-08-28T00:37:26","date_gmt":"2025-08-27T21:37:26","guid":{"rendered":"https:\/\/roveyayinevi.com.tr\/index.php\/urun\/turk-modernlesmesinin-serencami\/"},"modified":"2026-04-16T02:52:06","modified_gmt":"2026-04-15T23:52:06","slug":"turk-modernlesmesinin-serencami","status":"publish","type":"product","link":"https:\/\/roveyayinevi.com.tr\/index.php\/urun\/turk-modernlesmesinin-serencami\/","title":{"rendered":"T\u00fcrk Modernle\u015fmesinin Serencam\u0131"},"content":{"rendered":"<p>\u201c\u00c7ok k\u00fclt\u00fcrl\u00fc demokratik bir Cumhuriyet ile y\u00f6netilmek \u00fclk\u00fcs\u00fcn\u00fc benimsemi\u015f T\u00fcrkiyeli bir bilim insan\u0131 olarak ya\u015famakta oldu\u011fumuz toplumsal ihtilaflar\u0131n empatik m\u00fczakerelerle uzla\u015fma zemininde \u00e7\u00f6z\u00fcmlenebilece\u011fini d\u00fc\u015f\u00fcnmekteyim. Hayat tarzlar\u0131ndaki farkl\u0131l\u0131klar ve kolektif kimlikler \u00fczerinden giderek artan toplumsal kutupla\u015fmalar\u0131n toplumsal bar\u0131\u015f\u0131 ciddi bir \u015fekilde tehdit etti\u011fine tan\u0131k olmakla birlikte, sorunlar\u0131m\u0131z\u0131n son kertede demokratik siyaset yoluyla a\u015f\u0131labilece\u011fine inanmaktay\u0131m.\u201d Prof. Dr. Cengiz G\u00fcle\u00e7Prof. Dr. Cengiz G\u00fcle\u00e7, \u00e7ok k\u00fclt\u00fcrl\u00fc T\u00fcrkiye ve k\u00fcreselle\u015fme ba\u011flam\u0131nda ya\u015fanmakta olan h\u0131zl\u0131 sosyo-k\u00fclt\u00fcrel de\u011fi\u015fimlere politik psikoloji penceresinden bakan akademik \u00e7al\u0131\u015fmas\u0131 \u201cT\u00fcrk Modernle\u015fmesinin Serencam\u0131\u201d ile k\u00fclt\u00fcrel kimliklerin kurulmas\u0131nda etkili olan sosyo-psikolojik dinamikleri psikoanalitik yakla\u015f\u0131mla incelerken, Osmanl\u0131\u2019n\u0131n son d\u00f6nemlerinde ortaya \u00e7\u0131kan \u0131slahat \u00e7abalar\u0131ndan Cumhuriyete aktar\u0131lan ink\u0131lap giri\u015fimlerine e\u015flik eden modernle\u015fme s\u00fcrecinin yaratt\u0131\u011f\u0131 toplumsal ve siyasal kutupla\u015fman\u0131n tarihsel arka plan\u0131n\u0131n de\u011ferlendirmesini yaparak k\u00fcreselle\u015fme ve modernle\u015fme ba\u011flam\u0131nda y\u00fckselen \u0130slamc\u0131 siyasetlerin yaratt\u0131\u011f\u0131 sosyo-k\u00fclt\u00fcrel de\u011fi\u015fimlerin T\u00fcrkiye\u2019nin gelece\u011finde ne gibi sonu\u00e7lar do\u011furaca\u011f\u0131na ili\u015fkin \u00f6ng\u00f6r\u00fclerde bulunuyor.<\/p>\n","protected":false},"excerpt":{"rendered":"<p>\u201c\u00c7ok k\u00fclt\u00fcrl\u00fc demokratik bir Cumhuriyet ile y\u00f6netilmek \u00fclk\u00fcs\u00fcn\u00fc benimsemi\u015f T\u00fcrkiyeli bir bilim insan\u0131 olarak ya\u015famakta oldu\u011fumuz toplumsal ihtilaflar\u0131n empatik m\u00fczakerelerle uzla\u015fma zemininde \u00e7\u00f6z\u00fcmlenebilece\u011fini d\u00fc\u015f\u00fcnmekteyim. Hayat tarzlar\u0131ndaki<span class=\"excerpt-hellip\"> [\u2026]<\/span><\/p>\n","protected":false},"featured_media":0,"template":"","meta":{"_monsterinsights_skip_tracking":false,"_monsterinsights_sitenote_active":false,"_monsterinsights_sitenote_note":"","_monsterinsights_sitenote_category":0},"product_brand":[],"product_cat":[12337,14543],"product_tag":[],"class_list":{"0":"post-740895","1":"product","2":"type-product","3":"status-publish","5":"product_cat-politika-siyaset","6":"product_cat-turkiye-siyaseti-ve-politikasi","7":"pa_cilt-ciltsiz","8":"pa_tur-kitap","9":"pa_yayinevi-pusula-yayinevi-ankara","10":"pa_yazar-cengiz-gulec","12":"first","13":"instock","14":"sale","15":"shipping-taxable","16":"purchasable","17":"product-type-simple"},"_links":{"self":[{"href":"https:\/\/roveyayinevi.com.tr\/index.php\/wp-json\/wp\/v2\/product\/740895","targetHints":{"allow":["GET"]}}],"collection":[{"href":"https:\/\/roveyayinevi.com.tr\/index.php\/wp-json\/wp\/v2\/product"}],"about":[{"href":"https:\/\/roveyayinevi.com.tr\/index.php\/wp-json\/wp\/v2\/types\/product"}],"wp:attachment":[{"href":"https:\/\/roveyayinevi.com.tr\/index.php\/wp-json\/wp\/v2\/media?parent=740895"}],"wp:term":[{"taxonomy":"product_brand","embeddable":true,"href":"https:\/\/roveyayinevi.com.tr\/index.php\/wp-json\/wp\/v2\/product_brand?post=740895"},{"taxonomy":"product_cat","embeddable":true,"href":"https:\/\/roveyayinevi.com.tr\/index.php\/wp-json\/wp\/v2\/product_cat?post=740895"},{"taxonomy":"product_tag","embeddable":true,"href":"https:\/\/roveyayinevi.com.tr\/index.php\/wp-json\/wp\/v2\/product_tag?post=740895"}],"curies":[{"name":"wp","href":"https:\/\/api.w.org\/{rel}","templated":true}]}}