{"id":740894,"date":"2025-08-28T00:37:25","date_gmt":"2025-08-27T21:37:25","guid":{"rendered":"https:\/\/roveyayinevi.com.tr\/index.php\/urun\/patronca\/"},"modified":"2026-04-16T02:52:05","modified_gmt":"2026-04-15T23:52:05","slug":"patronca","status":"publish","type":"product","link":"https:\/\/roveyayinevi.com.tr\/index.php\/urun\/patronca\/","title":{"rendered":"Patronca"},"content":{"rendered":"<p>Patron \u00c7\u0131plak\u2019\u0131n yazar\u0131 Demet Cengiz, bu kez patronlardan alt\u0131n \u00f6\u011f\u00fctleri bir araya toplad\u0131. Paraya, fikirlere ve gelece\u011fe y\u00f6n veren liderlerden ba\u015far\u0131n\u0131n s\u0131rlar\u0131 ve kula\u011fa k\u00fcpe \u00f6neriler bu kitapta. Ba\u015far\u0131 i\u00e7in \u015fans gerekli mi? \u015eansa inan\u0131yorlar m\u0131? En b\u00fcy\u00fck pi\u015fmanl\u0131klar\u0131 neler? Yetene\u011fi nas\u0131l tan\u0131rlar? Patronlar dalkavuklarla ilgili neler d\u00fc\u015f\u00fcn\u00fcr? \u0130\u015f ve \u00f6zel hayat aras\u0131nda nas\u0131l denge kuruyorlar? T\u00fcm bu sorulara B\u00fclent Eczac\u0131ba\u015f\u0131, H\u00fcsn\u00fc \u00d6zye\u011fin, Leyla Alaton, Cem Boyner, Demet Sabanc\u0131 \u00c7etindo\u011fan\u2019\u0131n da aralar\u0131nda bulundu\u011fu 50 i\u015f insan\u0131 yan\u0131t verdi. Patronlar\u0131n dilini \u00e7\u00f6zen kitap Capital Patronlardan ba\u015far\u0131 ve ya\u015fam k\u0131lavuzu H\u00fcrriyet<\/p>\n","protected":false},"excerpt":{"rendered":"<p>Patron \u00c7\u0131plak\u2019\u0131n yazar\u0131 Demet Cengiz, bu kez patronlardan alt\u0131n \u00f6\u011f\u00fctleri bir araya toplad\u0131. Paraya, fikirlere ve gelece\u011fe y\u00f6n veren liderlerden ba\u015far\u0131n\u0131n s\u0131rlar\u0131 ve kula\u011fa k\u00fcpe \u00f6neriler<span class=\"excerpt-hellip\"> [\u2026]<\/span><\/p>\n","protected":false},"featured_media":0,"template":"","meta":{"_monsterinsights_skip_tracking":false,"_monsterinsights_sitenote_active":false,"_monsterinsights_sitenote_note":"","_monsterinsights_sitenote_category":0},"product_brand":[],"product_cat":[13043,17647],"product_tag":[],"class_list":{"0":"post-740894","1":"product","2":"type-product","3":"status-publish","5":"product_cat-ekonomi","6":"product_cat-is-dunyasi","7":"pa_cilt-ciltsiz","8":"pa_tur-kitap","9":"pa_yayinevi-pusula-yayinevi-ankara","10":"pa_yazar-demet-cengiz","12":"first","13":"instock","14":"sale","15":"shipping-taxable","16":"purchasable","17":"product-type-simple"},"_links":{"self":[{"href":"https:\/\/roveyayinevi.com.tr\/index.php\/wp-json\/wp\/v2\/product\/740894","targetHints":{"allow":["GET"]}}],"collection":[{"href":"https:\/\/roveyayinevi.com.tr\/index.php\/wp-json\/wp\/v2\/product"}],"about":[{"href":"https:\/\/roveyayinevi.com.tr\/index.php\/wp-json\/wp\/v2\/types\/product"}],"wp:attachment":[{"href":"https:\/\/roveyayinevi.com.tr\/index.php\/wp-json\/wp\/v2\/media?parent=740894"}],"wp:term":[{"taxonomy":"product_brand","embeddable":true,"href":"https:\/\/roveyayinevi.com.tr\/index.php\/wp-json\/wp\/v2\/product_brand?post=740894"},{"taxonomy":"product_cat","embeddable":true,"href":"https:\/\/roveyayinevi.com.tr\/index.php\/wp-json\/wp\/v2\/product_cat?post=740894"},{"taxonomy":"product_tag","embeddable":true,"href":"https:\/\/roveyayinevi.com.tr\/index.php\/wp-json\/wp\/v2\/product_tag?post=740894"}],"curies":[{"name":"wp","href":"https:\/\/api.w.org\/{rel}","templated":true}]}}